{"id":9386,"date":"2017-08-03T16:11:31","date_gmt":"2017-08-03T19:11:31","guid":{"rendered":"https:\/\/www.crea-mt.org.br\/portal\/?page_id=9386"},"modified":"2022-02-25T17:48:12","modified_gmt":"2022-02-25T21:48:12","slug":"camaras-e-comissoes","status":"publish","type":"page","link":"https:\/\/www.crea-mt.org.br\/portal\/institucional\/camaras-e-comissoes\/","title":{"rendered":"C\u00e2maras e Comiss\u00f5es"},"content":{"rendered":"<p>As c\u00e2maras especializadas s\u00e3o os \u00f3rg\u00e3os decis\u00f3rios da estrutura b\u00e1sica do Crea que tem por finalidade apreciar e decidir sobre os assuntos relacionados \u00e0 fiscaliza\u00e7\u00e3o do exerc\u00edcio profissional e, sugerir medidas para o aperfei\u00e7oamento das atividades do Conselho Regional, constituindo a primeira inst\u00e2ncia de julgamento no \u00e2mbito de sua jurisdi\u00e7\u00e3o, ressalvando o caso de foro privilegiado. As c\u00e2maras especializadas s\u00e3o constitu\u00eddas na primeira Plen\u00e1ria ordin\u00e1ria do ano, de acordo com a proposta de renova\u00e7\u00e3o do ter\u00e7o do Plen\u00e1rio aprovada pelo Confea, sendo composta por no m\u00ednimo tr\u00eas conselheiros regionais da mesma modalidade profissional. Os trabalhos da c\u00e2mara especializada s\u00e3o conduzidos por um coordenador e por um coordenador-adjunto, eleitos na reuni\u00e3o de sua instala\u00e7\u00e3o. Cada c\u00e2mara disp\u00f5e de apoio t\u00e9cnico e administrativo da estrutura auxiliar do Conselho para que possam exercer suas atribui\u00e7\u00f5es. O Crea-MT possui 5 (cinco) C\u00e2maras Especializadas, sendo elas:<\/p>\n<p><a title=\"CREA-MT\" href=\"https:\/\/curicaca.crea-mt.org.br\/ProdApoloMTsql\/servlet\/org.creamt.apolo.prod.hcam_esp_conselheiros_site?85\" target=\"_blank\" rel=\"noopener\">Agronomia\u00a0<\/a><br \/>\n<a title=\"CREA-MT\" href=\"https:\/\/curicaca.crea-mt.org.br\/ProdApoloMTsql\/servlet\/org.creamt.apolo.prod.hcam_esp_conselheiros_site?81\" target=\"_blank\" rel=\"noopener\">Civil<\/a><br \/>\n<a title=\"CREA-MT\" href=\"https:\/\/curicaca.crea-mt.org.br\/ProdApoloMTsql\/servlet\/org.creamt.apolo.prod.hcam_esp_conselheiros_site?82\" target=\"_blank\" rel=\"noopener\">El\u00e9trica<\/a><br \/>\n<a title=\"CREA-MT\" href=\"https:\/\/curicaca.crea-mt.org.br\/ProdApoloMTsql\/servlet\/org.creamt.apolo.prod.hcam_esp_conselheiros_site?88\" target=\"_blank\" rel=\"noopener\">Florestal<\/a><br \/>\n<a title=\"CREA-MT\" href=\"https:\/\/curicaca.crea-mt.org.br\/ProdApoloMTsql\/servlet\/org.creamt.apolo.prod.hcam_esp_conselheiros_site?86\" target=\"_blank\" rel=\"noopener\">Geo\/Minas\/Industrial<\/a><\/p>\n<h3>COMISS\u00d5ES PERMANENTES E COMISS\u00d5ES ESPECIAIS<\/h3>\n<p><strong>COMISS\u00d5ES PERMANENTES<\/strong><\/p>\n<p>A Comiss\u00e3o Permanente \u00e9 o \u00f3rg\u00e3o deliberativo de suporte do CREA-MT, institu\u00eddo pelo Plen\u00e1rio, que tem por finalidade auxili\u00e1-lo no desenvolvimento de atividades cont\u00ednuas relacionadas a um tema espec\u00edfico de car\u00e1ter legal, t\u00e9cnico ou administrativo. Cabe \u00e1s comiss\u00f5es, entre outras atividades, analisar e instruir processos, elaborar propostas de plano de trabalho e prestar contas ao Plen\u00e1rio. Atualmente, o Conselho tem 04 comiss\u00f5es:<\/p>\n<p><a title=\"CREA-MT\" href=\"https:\/\/curicaca.crea-mt.org.br\/ProdApoloMTsql\/servlet\/org.creamt.apolo.prod.hcom_esp_conselheiros_site?17\" target=\"_blank\" rel=\"noopener\">Comiss\u00e3o de Legisla\u00e7\u00e3o e Normas<\/a> \u2013 aprecia assuntos de car\u00e1ter normativo<\/p>\n<p><a title=\"CREA-MT\" href=\"https:\/\/curicaca.crea-mt.org.br\/ProdApoloMTsql\/servlet\/org.creamt.apolo.prod.hcom_esp_conselheiros_site?18\" target=\"_blank\" rel=\"noopener\">Comiss\u00e3o de Or\u00e7amento e Tomada de Contas<\/a> \u2013 aprecia assuntos de car\u00e1ter econ\u00f4mico e financeiro<\/p>\n<p><a title=\"CREA-MT\" href=\"https:\/\/curicaca.crea-mt.org.br\/ProdApoloMTsql\/servlet\/org.creamt.apolo.prod.hcom_esp_conselheiros_site?19\" target=\"_blank\" rel=\"noopener\">Comiss\u00e3o de \u00c9tica Profissional<\/a> \u2013 analisa as infra\u00e7\u00f5es ao C\u00f3digo de \u00c9tica dos profissionais<\/p>\n<p><a title=\"CREA-MT\" href=\"https:\/\/curicaca.crea-mt.org.br\/ProdApoloMTsql\/servlet\/org.creamt.apolo.prod.hcom_esp_conselheiros_site?42\" target=\"_blank\" rel=\"noopener\">Comiss\u00e3o de Renova\u00e7\u00e3o do Ter\u00e7o<\/a> \u2013 elabora proposta de renova\u00e7\u00e3o do ter\u00e7o da composi\u00e7\u00e3o do Plen\u00e1rio<\/p>\n<p>&nbsp;<\/p>\n<p><strong>COMISS\u00d5ES ESPECIAIS<\/strong><\/p>\n<p>A Comiss\u00e3o Especial \u00e9 o \u00f3rg\u00e3o institu\u00eddo pelo Plen\u00e1rio quando h\u00e1 necessidade, pois sua finalidade \u00e9 auxiliar os \u00f3rg\u00e3os da estrutura b\u00e1sica no desenvolvimento de atividades de car\u00e1ter tempor\u00e1rio, relacionadas a um tema espec\u00edfico que pode ser de car\u00e1ter legal, t\u00e9cnico ou administrativo. No CREA-MT est\u00e3o instaladas 07 comiss\u00f5es especiais:<\/p>\n<p><a title=\"CREA-MT\" href=\"https:\/\/curicaca.crea-mt.org.br\/ProdApoloMTsql\/servlet\/org.creamt.apolo.prod.hcom_esp_conselheiros_site?43\" target=\"_blank\" rel=\"noopener\">Comiss\u00e3o do M\u00e9rito<\/a><br \/>\n<a title=\"CREA-MT\" href=\"https:\/\/curicaca.crea-mt.org.br\/ProdApoloMTsql\/servlet\/org.creamt.apolo.prod.hcom_esp_conselheiros_site?44\" target=\"_blank\" rel=\"noopener\">Comiss\u00e3o de Ensino<\/a><br \/>\n<a title=\"CREA-MT\" href=\"https:\/\/curicaca.crea-mt.org.br\/ProdApoloMTsql\/servlet\/org.creamt.apolo.prod.hcom_esp_conselheiros_site?47\" target=\"_blank\" rel=\"noopener\">Comiss\u00e3o de Bens Inserv\u00edveis<\/a><br \/>\n<a title=\"CREA-MT\" href=\"https:\/\/curicaca.crea-mt.org.br\/ProdApoloMTsql\/servlet\/org.creamt.apolo.prod.hcom_esp_conselheiros_site?48\" target=\"_blank\" rel=\"noopener\">Comiss\u00e3o do Crea J\u00fanior<\/a><br \/>\n<a title=\"CREA-MT\" href=\"https:\/\/curicaca.crea-mt.org.br\/ProdApoloMTsql\/servlet\/org.creamt.apolo.prod.hcom_esp_conselheiros_site?49\" target=\"_blank\" rel=\"noopener\">Comiss\u00e3o Eleitoral Regional<\/a><br \/>\n<a title=\"CREA-MT\" href=\"https:\/\/curicaca.crea-mt.org.br\/ProdApoloMTsql\/servlet\/org.creamt.apolo.prod.hcom_esp_conselheiros_site?55\" target=\"_blank\" rel=\"noopener\">Comiss\u00e3o de Meio Ambiente<\/a><br \/>\n<a title=\"CREA-MT\" href=\"https:\/\/curicaca.crea-mt.org.br\/ProdApoloMTsql\/servlet\/org.creamt.apolo.prod.hcom_esp_conselheiros_site?59\" target=\"_blank\" rel=\"noopener\">Comiss\u00e3o Crea Mulher<\/a><\/p>\n","protected":false},"excerpt":{"rendered":"<p>As c\u00e2maras especializadas s\u00e3o os \u00f3rg\u00e3os decis\u00f3rios da estrutura b\u00e1sica do Crea que tem por finalidade apreciar e decidir sobre os assuntos relacionados \u00e0 fiscaliza\u00e7\u00e3o do exerc\u00edcio profissional e, sugerir medidas para o aperfei\u00e7oamento das atividades do Conselho Regional, constituindo a primeira inst\u00e2ncia de julgamento no \u00e2mbito de sua jurisdi\u00e7\u00e3o, ressalvando o caso de foro [&hellip;]<\/p>\n","protected":false},"author":1,"featured_media":0,"parent":9326,"menu_order":6,"comment_status":"closed","ping_status":"closed","template":"","meta":{"footnotes":""},"class_list":["post-9386","page","type-page","status-publish","hentry"],"acf":[],"_links":{"self":[{"href":"https:\/\/www.crea-mt.org.br\/portal\/wp-json\/wp\/v2\/pages\/9386","targetHints":{"allow":["GET"]}}],"collection":[{"href":"https:\/\/www.crea-mt.org.br\/portal\/wp-json\/wp\/v2\/pages"}],"about":[{"href":"https:\/\/www.crea-mt.org.br\/portal\/wp-json\/wp\/v2\/types\/page"}],"author":[{"embeddable":true,"href":"https:\/\/www.crea-mt.org.br\/portal\/wp-json\/wp\/v2\/users\/1"}],"replies":[{"embeddable":true,"href":"https:\/\/www.crea-mt.org.br\/portal\/wp-json\/wp\/v2\/comments?post=9386"}],"version-history":[{"count":16,"href":"https:\/\/www.crea-mt.org.br\/portal\/wp-json\/wp\/v2\/pages\/9386\/revisions"}],"predecessor-version":[{"id":36671,"href":"https:\/\/www.crea-mt.org.br\/portal\/wp-json\/wp\/v2\/pages\/9386\/revisions\/36671"}],"up":[{"embeddable":true,"href":"https:\/\/www.crea-mt.org.br\/portal\/wp-json\/wp\/v2\/pages\/9326"}],"wp:attachment":[{"href":"https:\/\/www.crea-mt.org.br\/portal\/wp-json\/wp\/v2\/media?parent=9386"}],"curies":[{"name":"wp","href":"https:\/\/api.w.org\/{rel}","templated":true}]}}