{"id":9384,"date":"2017-08-03T16:04:50","date_gmt":"2017-08-03T19:04:50","guid":{"rendered":"https:\/\/www.crea-mt.org.br\/portal\/?page_id=9384"},"modified":"2024-11-26T11:21:36","modified_gmt":"2024-11-26T15:21:36","slug":"inspetorias","status":"publish","type":"page","link":"https:\/\/www.crea-mt.org.br\/portal\/institucional\/inspetorias\/","title":{"rendered":"Inspetorias"},"content":{"rendered":"<p>A Inspetoria \u00e9 um \u00f3rg\u00e3o executivo que representa o CREA-MT nos munic\u00edpios onde est\u00e1 instalado, tendo por finalidade atender aos profissionais da regi\u00e3o e fiscalizar o exerc\u00edcio e a atividade das profiss\u00f5es abrangidas pelo Sistema Confea\/CREA\u00b4s. Atualmente, em Mato Grosso s\u00e3o 25 inspetorias, estando elas nas cidades de \u00c1gua Boa, Alta Floresta, Barra do Gar\u00e7as, C\u00e1ceres, Campo Novo dos Parecis,\u00a0 Campo Verde, Canarana, Col\u00edder, Confresa, Diamantino, Guarant\u00e3 do Norte, Jaciara, Juara, Ju\u00edna, Lucas do Rio Verde, Mirassol D&#8217;Oeste, Nova Mutum, Pontes e Lacerda, Primavera do Leste, Rondon\u00f3polis, Sapezal, Sinop, Sorriso, Tangar\u00e1 da Serra, V\u00e1rzea Grande.<\/p>\n","protected":false},"excerpt":{"rendered":"<p>A Inspetoria \u00e9 um \u00f3rg\u00e3o executivo que representa o CREA-MT nos munic\u00edpios onde est\u00e1 instalado, tendo por finalidade atender aos profissionais da regi\u00e3o e fiscalizar o exerc\u00edcio e a atividade das profiss\u00f5es abrangidas pelo Sistema Confea\/CREA\u00b4s. Atualmente, em Mato Grosso s\u00e3o 25 inspetorias, estando elas nas cidades de \u00c1gua Boa, Alta Floresta, Barra do Gar\u00e7as, [&hellip;]<\/p>\n","protected":false},"author":1,"featured_media":0,"parent":9326,"menu_order":4,"comment_status":"closed","ping_status":"closed","template":"","meta":{"footnotes":""},"class_list":["post-9384","page","type-page","status-publish","hentry"],"acf":[],"_links":{"self":[{"href":"https:\/\/www.crea-mt.org.br\/portal\/wp-json\/wp\/v2\/pages\/9384","targetHints":{"allow":["GET"]}}],"collection":[{"href":"https:\/\/www.crea-mt.org.br\/portal\/wp-json\/wp\/v2\/pages"}],"about":[{"href":"https:\/\/www.crea-mt.org.br\/portal\/wp-json\/wp\/v2\/types\/page"}],"author":[{"embeddable":true,"href":"https:\/\/www.crea-mt.org.br\/portal\/wp-json\/wp\/v2\/users\/1"}],"replies":[{"embeddable":true,"href":"https:\/\/www.crea-mt.org.br\/portal\/wp-json\/wp\/v2\/comments?post=9384"}],"version-history":[{"count":6,"href":"https:\/\/www.crea-mt.org.br\/portal\/wp-json\/wp\/v2\/pages\/9384\/revisions"}],"predecessor-version":[{"id":56054,"href":"https:\/\/www.crea-mt.org.br\/portal\/wp-json\/wp\/v2\/pages\/9384\/revisions\/56054"}],"up":[{"embeddable":true,"href":"https:\/\/www.crea-mt.org.br\/portal\/wp-json\/wp\/v2\/pages\/9326"}],"wp:attachment":[{"href":"https:\/\/www.crea-mt.org.br\/portal\/wp-json\/wp\/v2\/media?parent=9384"}],"curies":[{"name":"wp","href":"https:\/\/api.w.org\/{rel}","templated":true}]}}