{"id":9382,"date":"2017-08-03T16:03:41","date_gmt":"2017-08-03T20:03:41","guid":{"rendered":"https:\/\/www.crea-mt.org.br\/portal\/?page_id=9382"},"modified":"2024-01-29T16:10:43","modified_gmt":"2024-01-29T20:10:43","slug":"entidade-de-classe","status":"publish","type":"page","link":"https:\/\/www.crea-mt.org.br\/portal\/institucional\/entidade-de-classe\/","title":{"rendered":"Entidade de Classe"},"content":{"rendered":"<p>As Entidades de Classe s\u00e3o institui\u00e7\u00f5es de natureza pol\u00edtica, cultural, civil e jur\u00eddica pr\u00f3prias, sem fins lucrativos, constitu\u00eddas para prestar servi\u00e7os aos seus associados, que se dedicam a debater quest\u00f5es decisivas para os profissionais em torno das quais se constituem, visando ao aprimoramento das profiss\u00f5es. Est\u00e3o ligadas ao CREA-MT 23 entidades de classe, sendo elas:<\/p>\n","protected":false},"excerpt":{"rendered":"<p>As Entidades de Classe s\u00e3o institui\u00e7\u00f5es de natureza pol\u00edtica, cultural, civil e jur\u00eddica pr\u00f3prias, sem fins lucrativos, constitu\u00eddas para prestar servi\u00e7os aos seus associados, que se dedicam a debater quest\u00f5es decisivas para os profissionais em torno das quais se constituem, visando ao aprimoramento das profiss\u00f5es. Est\u00e3o ligadas ao CREA-MT 23 entidades de classe, sendo elas:<\/p>\n","protected":false},"author":1,"featured_media":0,"parent":9326,"menu_order":7,"comment_status":"closed","ping_status":"closed","template":"","meta":{"footnotes":""},"class_list":["post-9382","page","type-page","status-publish","hentry"],"acf":[],"_links":{"self":[{"href":"https:\/\/www.crea-mt.org.br\/portal\/wp-json\/wp\/v2\/pages\/9382","targetHints":{"allow":["GET"]}}],"collection":[{"href":"https:\/\/www.crea-mt.org.br\/portal\/wp-json\/wp\/v2\/pages"}],"about":[{"href":"https:\/\/www.crea-mt.org.br\/portal\/wp-json\/wp\/v2\/types\/page"}],"author":[{"embeddable":true,"href":"https:\/\/www.crea-mt.org.br\/portal\/wp-json\/wp\/v2\/users\/1"}],"replies":[{"embeddable":true,"href":"https:\/\/www.crea-mt.org.br\/portal\/wp-json\/wp\/v2\/comments?post=9382"}],"version-history":[{"count":6,"href":"https:\/\/www.crea-mt.org.br\/portal\/wp-json\/wp\/v2\/pages\/9382\/revisions"}],"predecessor-version":[{"id":19734,"href":"https:\/\/www.crea-mt.org.br\/portal\/wp-json\/wp\/v2\/pages\/9382\/revisions\/19734"}],"up":[{"embeddable":true,"href":"https:\/\/www.crea-mt.org.br\/portal\/wp-json\/wp\/v2\/pages\/9326"}],"wp:attachment":[{"href":"https:\/\/www.crea-mt.org.br\/portal\/wp-json\/wp\/v2\/media?parent=9382"}],"curies":[{"name":"wp","href":"https:\/\/api.w.org\/{rel}","templated":true}]}}