{"id":9328,"date":"2017-08-03T09:27:18","date_gmt":"2017-08-03T12:27:18","guid":{"rendered":"https:\/\/www.crea-mt.org.br\/portal\/?page_id=9328"},"modified":"2017-08-03T16:00:53","modified_gmt":"2017-08-03T19:00:53","slug":"plenaria","status":"publish","type":"page","link":"https:\/\/www.crea-mt.org.br\/portal\/institucional\/plenaria\/","title":{"rendered":"Plen\u00e1ria"},"content":{"rendered":"<p>A Plen\u00e1ria do CREA-MT \u00e9 a sess\u00e3o ordin\u00e1ria que acontece mensalmente e, congrega todos os conselheiros regionais e o presidente da autarquia, formando o \u00f3rg\u00e3o colegiado decis\u00f3rio do Conselho que tem por finalidade decidir os assuntos relacionados \u00e0 compet\u00eancia do CREA-MT, constituindo-se na segunda inst\u00e2ncia julgadora no \u00e2mbito da sua jurisdi\u00e7\u00e3o.<\/p>\n<p><iframe loading=\"lazy\" src=\"https:\/\/curicaca.crea-mt.org.br\/ProdApoloMTsql\/servlet\/org.creamt.apolo.prod.hple_esp_conselheiros_site\" width=\"100%\" height=\"970\" frameborder=\"0\"><\/iframe><\/p>\n","protected":false},"excerpt":{"rendered":"<p>A Plen\u00e1ria do CREA-MT \u00e9 a sess\u00e3o ordin\u00e1ria que acontece mensalmente e, congrega todos os conselheiros regionais e o presidente da autarquia, formando o \u00f3rg\u00e3o colegiado decis\u00f3rio do Conselho que tem por finalidade decidir os assuntos relacionados \u00e0 compet\u00eancia do CREA-MT, constituindo-se na segunda inst\u00e2ncia julgadora no \u00e2mbito da sua jurisdi\u00e7\u00e3o.<\/p>\n","protected":false},"author":1,"featured_media":0,"parent":9326,"menu_order":3,"comment_status":"closed","ping_status":"closed","template":"","meta":{"footnotes":""},"class_list":["post-9328","page","type-page","status-publish","hentry"],"acf":[],"_links":{"self":[{"href":"https:\/\/www.crea-mt.org.br\/portal\/wp-json\/wp\/v2\/pages\/9328","targetHints":{"allow":["GET"]}}],"collection":[{"href":"https:\/\/www.crea-mt.org.br\/portal\/wp-json\/wp\/v2\/pages"}],"about":[{"href":"https:\/\/www.crea-mt.org.br\/portal\/wp-json\/wp\/v2\/types\/page"}],"author":[{"embeddable":true,"href":"https:\/\/www.crea-mt.org.br\/portal\/wp-json\/wp\/v2\/users\/1"}],"replies":[{"embeddable":true,"href":"https:\/\/www.crea-mt.org.br\/portal\/wp-json\/wp\/v2\/comments?post=9328"}],"version-history":[{"count":4,"href":"https:\/\/www.crea-mt.org.br\/portal\/wp-json\/wp\/v2\/pages\/9328\/revisions"}],"predecessor-version":[{"id":9381,"href":"https:\/\/www.crea-mt.org.br\/portal\/wp-json\/wp\/v2\/pages\/9328\/revisions\/9381"}],"up":[{"embeddable":true,"href":"https:\/\/www.crea-mt.org.br\/portal\/wp-json\/wp\/v2\/pages\/9326"}],"wp:attachment":[{"href":"https:\/\/www.crea-mt.org.br\/portal\/wp-json\/wp\/v2\/media?parent=9328"}],"curies":[{"name":"wp","href":"https:\/\/api.w.org\/{rel}","templated":true}]}}