{"id":53977,"date":"2024-06-10T14:56:28","date_gmt":"2024-06-10T18:56:28","guid":{"rendered":"https:\/\/www.crea-mt.org.br\/portal\/?page_id=53977"},"modified":"2025-02-20T15:17:52","modified_gmt":"2025-02-20T19:17:52","slug":"como-solicitar-certidao-de-acervo-operacional-cao","status":"publish","type":"page","link":"https:\/\/www.crea-mt.org.br\/portal\/como-solicitar-certidao-de-acervo-operacional-cao\/","title":{"rendered":"Como solicitar Certid\u00e3o de Acervo Operacional (CAO)"},"content":{"rendered":"<p>A Certid\u00e3o de Acervo operacional (CAO) \u00e9 o instrumento que certifica, para os efeitos legais, o conjunto das atividades desenvolvidas pela empresa, a partir do registro no CREA, por meio das Anota\u00e7\u00f5es de Responsabilidade T\u00e9cnica (ART), conforme estabelecido na Resolu\u00e7\u00e3o 1.137 de 31 de mar\u00e7o de 2.023 &#8211; Confea,(<a href=\"https:\/\/www.crea-mt.org.br\/portal\/wp-content\/uploads\/2024\/06\/resolucao_1137.pdf\"><strong>clique aqui<\/strong><\/a>) .<\/p>\n<ul>\n<li>Para solicitar a CAO \u00e9 necess\u00e1rio entrar no aplicativo E-CREA no\u00a0 ambiente da &#8220;EMPRESA&#8221;;<\/li>\n<li>Requerimento para Solicita\u00e7\u00e3o de Certid\u00e3o de Acervo Operacional, preenchido e assinado pelo representante da Pessoa Jur\u00eddica e pelo profissional; (<a href=\"https:\/\/www.crea-mt.org.br\/portal\/wp-content\/uploads\/2024\/06\/Requerimento-de-Acervo-Operacional-2.pdf\"><strong>clique aqui<\/strong><\/a>)<\/li>\n<li>Relacionar a(s) ART(s) relativas ao contrato;<\/li>\n<li>Pagamento da taxa ser\u00e1 liberado ap\u00f3s o analise t\u00e9cnica.<\/li>\n<\/ul>\n<p>Prazo: 5 dias \u00fateis.<\/p>\n<p>INFORMA\u00c7\u00d5ES IMPORTANTES:<\/p>\n<p>1) &#8211; \u00a0Para atividade em andamento, dever\u00e1 apresentar uma ART da parcialidade executada constando o per\u00edodo a certificar, bem como as atividades realizadas no per\u00edodo;<\/p>\n<p>2) &#8211; Nos casos em que o requerimento possuir contratos diferentes do mesmo profissional, dever\u00e1 ser preenchido requerimentos espec\u00edficos \u00a0para cada Anota\u00e7\u00e3o de Responsabilidade T\u00e9cnica.<\/p>\n<div class=\"cssatencao\">\n<p><strong><span style=\"color: #ff0000;\">3) &#8211;\u00a0 Todas as ARTs\u00a0 dever\u00e3o estar BAIXADAS no sistema.<\/span><\/strong><\/p>\n<\/div>\n<p>Valores para pagamento:<\/p>\n<ul>\n<li>Taxa de\u00a0 servi\u00e7o:\u00a0 (<a href=\"https:\/\/www.crea-mt.org.br\/portal\/tabela-de-servicos\/\"><strong>clique aqui<\/strong><\/a>)<\/li>\n<\/ul>\n<p><strong>D\u00favidas: (65) 3315-3000<\/strong><\/p>\n<div>\n<p>&nbsp;<\/p>\n<\/div>\n<!-- WP Attachments -->\r\n        <div style=\"width:100%;margin:10px 0 10px 0;\">\r\n            <h3>Attachments<\/h3>\r\n        <ul class=\"post-attachments\"><li class=\"post-attachment mime-application-pdf\"><a href=\"https:\/\/www.crea-mt.org.br\/portal\/wp-content\/uploads\/2024\/06\/Requerimento-de-Acervo-Operacional.pdf\">Requerimento de Acervo Operacional<\/a> <small>(395 kB)<\/small><\/li><li class=\"post-attachment mime-application-pdf\"><a href=\"https:\/\/www.crea-mt.org.br\/portal\/wp-content\/uploads\/2024\/06\/resolucao_1137.pdf\">resolucao_1137<\/a> <small>(160 kB)<\/small><\/li><li class=\"post-attachment mime-application-pdf\"><a href=\"https:\/\/www.crea-mt.org.br\/portal\/wp-content\/uploads\/2024\/06\/Requerimento-de-Acervo-Operacional-1.pdf\">Requerimento de Acervo Operacional<\/a> <small>(394 kB)<\/small><\/li><\/ul><\/div>","protected":false},"excerpt":{"rendered":"<p>A Certid\u00e3o de Acervo operacional (CAO) \u00e9 o instrumento que certifica, para os efeitos legais, o conjunto das atividades desenvolvidas pela empresa, a partir do registro no CREA, por meio das Anota\u00e7\u00f5es de Responsabilidade T\u00e9cnica (ART), conforme estabelecido na Resolu\u00e7\u00e3o 1.137 de 31 de mar\u00e7o de 2.023 &#8211; Confea,(clique aqui) . Para solicitar a CAO [&hellip;]<\/p>\n","protected":false},"author":1,"featured_media":0,"parent":0,"menu_order":0,"comment_status":"closed","ping_status":"closed","template":"","meta":{"footnotes":""},"class_list":["post-53977","page","type-page","status-publish","hentry"],"acf":[],"_links":{"self":[{"href":"https:\/\/www.crea-mt.org.br\/portal\/wp-json\/wp\/v2\/pages\/53977","targetHints":{"allow":["GET"]}}],"collection":[{"href":"https:\/\/www.crea-mt.org.br\/portal\/wp-json\/wp\/v2\/pages"}],"about":[{"href":"https:\/\/www.crea-mt.org.br\/portal\/wp-json\/wp\/v2\/types\/page"}],"author":[{"embeddable":true,"href":"https:\/\/www.crea-mt.org.br\/portal\/wp-json\/wp\/v2\/users\/1"}],"replies":[{"embeddable":true,"href":"https:\/\/www.crea-mt.org.br\/portal\/wp-json\/wp\/v2\/comments?post=53977"}],"version-history":[{"count":13,"href":"https:\/\/www.crea-mt.org.br\/portal\/wp-json\/wp\/v2\/pages\/53977\/revisions"}],"predecessor-version":[{"id":56862,"href":"https:\/\/www.crea-mt.org.br\/portal\/wp-json\/wp\/v2\/pages\/53977\/revisions\/56862"}],"wp:attachment":[{"href":"https:\/\/www.crea-mt.org.br\/portal\/wp-json\/wp\/v2\/media?parent=53977"}],"curies":[{"name":"wp","href":"https:\/\/api.w.org\/{rel}","templated":true}]}}