{"id":5,"date":"2017-04-20T10:36:33","date_gmt":"2017-04-20T13:36:33","guid":{"rendered":"http:\/\/crea-mt.org.br\/portal\/?page_id=5"},"modified":"2021-07-28T09:01:53","modified_gmt":"2021-07-28T13:01:53","slug":"sobre-o-crea-mt","status":"publish","type":"page","link":"https:\/\/www.crea-mt.org.br\/portal\/institucional\/sobre-o-crea-mt\/","title":{"rendered":"Sobre o CREA-MT"},"content":{"rendered":"<p>O Conselho Regional de Engenharia e Agronomia de Mato Grosso (Crea-MT) \u00e9 uma autarquia, dotada de personalidade jur\u00eddica de direito p\u00fablico, com sede e foro na cidade de Cuiab\u00e1, que exerce o papel institucional de primeira e segunda inst\u00e2ncia, verificando, orientando e fiscalizando o exerc\u00edcio e a atividade das profiss\u00f5es abrangidas pelo Sistema Confea\/Crea: Engenheiros, Agr\u00f4nomos, Ge\u00f3logos, Ge\u00f3grafos, Meteorologistas e Tecn\u00f3logos.<\/p>\n<p>A institui\u00e7\u00e3o \u00e9 composta pelo presidente, pelos conselheiros regionais, representantes de institui\u00e7\u00f5es de ensino superior e entidades de classe, al\u00e9m do corpo de servidores administrativos. Sua atua\u00e7\u00e3o est\u00e1 voltada para a promo\u00e7\u00e3o do bem-estar da sociedade, pois visa defend\u00ea-la da pr\u00e1tica ilegal das profiss\u00f5es que congrega. Al\u00e9m disto, busca mais comprometimento com resultados organizacionais eficientes e eficazes, garantindo servidores com melhor capacidade t\u00e9cnica para conduzir a institui\u00e7\u00e3o, que tem em 26 cidades polo .<\/p>\n<p><strong>\u00a0Neg\u00f3cio<\/strong><\/p>\n<p>\u201cRegistro e fiscaliza\u00e7\u00e3o do exerc\u00edcio e da atividade profissional das \u00e1reas de Engenharia, Agronomia e demais profiss\u00f5es do Sistema CONFEA\/CREA\u00b4s&#8221;.<\/p>\n<p><strong>Miss\u00e3o<\/strong><\/p>\n<p>&#8220;Assegurar em benef\u00edcio da sociedade, que a presta\u00e7\u00e3o de servi\u00e7os nas \u00e1reas abrangidas pelo Sistema CONFEA\/CREA\u00b4s, sejam exercidos por profissionais e empresas legalmente habilitadas&#8221;.<\/p>\n<p><strong>Vis\u00e3o<\/strong><\/p>\n<p>&#8220;Ser refer\u00eancia na presta\u00e7\u00e3o dos servi\u00e7os, conquistando o reconhecimento dos profissionais que congrega e da sociedade mato-grossense&#8221;.<\/p>\n<p><strong>Valores<\/strong><\/p>\n<p>\u00c9tica<\/p>\n<p>Busca da Excel\u00eancia<\/p>\n<p>Credibilidade<\/p>\n<p>Transpar\u00eancia<\/p>\n<p>Efic\u00e1cia<\/p>\n<p>Comprometimento<\/p>\n<p>Valoriza\u00e7\u00e3o Profissional<\/p>\n<p>Inova\u00e7\u00e3o<\/p>\n<p>Modernidade<\/p>\n<p>Ousadia<\/p>\n<p>Valoriza\u00e7\u00e3o das Pessoas<\/p>\n","protected":false},"excerpt":{"rendered":"<p>O Conselho Regional de Engenharia e Agronomia de Mato Grosso (Crea-MT) \u00e9 uma autarquia, dotada de personalidade jur\u00eddica de direito p\u00fablico, com sede e foro na cidade de Cuiab\u00e1, que exerce o papel institucional de primeira e segunda inst\u00e2ncia, verificando, orientando e fiscalizando o exerc\u00edcio e a atividade das profiss\u00f5es abrangidas pelo Sistema Confea\/Crea: Engenheiros, [&hellip;]<\/p>\n","protected":false},"author":1,"featured_media":0,"parent":9326,"menu_order":0,"comment_status":"closed","ping_status":"closed","template":"","meta":{"footnotes":""},"class_list":["post-5","page","type-page","status-publish","hentry"],"acf":[],"_links":{"self":[{"href":"https:\/\/www.crea-mt.org.br\/portal\/wp-json\/wp\/v2\/pages\/5","targetHints":{"allow":["GET"]}}],"collection":[{"href":"https:\/\/www.crea-mt.org.br\/portal\/wp-json\/wp\/v2\/pages"}],"about":[{"href":"https:\/\/www.crea-mt.org.br\/portal\/wp-json\/wp\/v2\/types\/page"}],"author":[{"embeddable":true,"href":"https:\/\/www.crea-mt.org.br\/portal\/wp-json\/wp\/v2\/users\/1"}],"replies":[{"embeddable":true,"href":"https:\/\/www.crea-mt.org.br\/portal\/wp-json\/wp\/v2\/comments?post=5"}],"version-history":[{"count":4,"href":"https:\/\/www.crea-mt.org.br\/portal\/wp-json\/wp\/v2\/pages\/5\/revisions"}],"predecessor-version":[{"id":31471,"href":"https:\/\/www.crea-mt.org.br\/portal\/wp-json\/wp\/v2\/pages\/5\/revisions\/31471"}],"up":[{"embeddable":true,"href":"https:\/\/www.crea-mt.org.br\/portal\/wp-json\/wp\/v2\/pages\/9326"}],"wp:attachment":[{"href":"https:\/\/www.crea-mt.org.br\/portal\/wp-json\/wp\/v2\/media?parent=5"}],"curies":[{"name":"wp","href":"https:\/\/api.w.org\/{rel}","templated":true}]}}