{"id":44312,"date":"2023-02-01T14:32:35","date_gmt":"2023-02-01T18:32:35","guid":{"rendered":"https:\/\/www.crea-mt.org.br\/portal\/?page_id=44312"},"modified":"2023-02-01T15:27:29","modified_gmt":"2023-02-01T19:27:29","slug":"registro-de-obras-intelectuais","status":"publish","type":"page","link":"https:\/\/www.crea-mt.org.br\/portal\/registro-de-obras-intelectuais\/","title":{"rendered":"Registro de Obras Intelectuais"},"content":{"rendered":"<h2>Registro de obras intelectuais<\/h2>\n<p>Estudos, anteprojetos, projetos, esbo\u00e7os, obras pl\u00e1sticas e outras formas de express\u00e3o e representa\u00e7\u00e3o visual s\u00e3o objetos de registro de obra intelectual. Quando relacionado \u00e0s \u00e1reas de Agronomia, Engenharia, Geografia, Geologia e Meteorologia, o registro \u00e9 realizado exclusivamente pelo Confea, conforme previsto pelo art. 19 da\u00a0<a href=\"http:\/\/www.planalto.gov.br\/Ccivil_03\/leis\/L9610.htm\">Lei de Direitos Autorais n\u00ba 9.610, de 19 de fevereiro de 1998<\/a>.<\/p>\n<p><strong>Passo a passo para requerer o registro:<\/strong><\/p>\n<ul>\n<li>Preencher\u00a0<a href=\"https:\/\/www.confea.org.br\/sites\/default\/files\/antigos\/FORMULARIO_DIREITOAUTORAL.docx\">este formul\u00e1rio<\/a>\u00a0(arquivo do Word \u2013 docx);<\/li>\n<li>Recolher em nome do Confea o valor da taxa de registro, que \u00e9 atualizada anualmente. Deve ser paga mediante dep\u00f3sito identificado em nome do Confea, no\u00a0<strong>Banco do Brasil S\/A, Ag\u00eancia: 4200-5, conta corrente: 193.227-6, cnpj: 33.665.647\/0001-91<\/strong>.<\/li>\n<li>Protocolar no CREA\/MT:\n<ul>\n<li>4 vias do formul\u00e1rio*;<\/li>\n<li>Comprovante de recolhimento da taxa de registro;<\/li>\n<li>Dois exemplares da obra intelectual ou das respectivas fotografias perfeitamente n\u00edtidas, conferidas com o original, com dimens\u00f5es m\u00ednimas de 0,18 m x 0,24 m;<\/li>\n<li>Declara\u00e7\u00e3o de cess\u00e3o de direitos patrimoniais, subscrita pelo autor ou pelos coautores da obra, com firma reconhecida, quando o registro for requerido em nome de pessoa jur\u00eddica ou pessoa f\u00edsica, diferente do autor;<\/li>\n<li>Instrumento espec\u00edfico de delega\u00e7\u00e3o de poderes e com firma reconhecida do autor, quando o registro de obra for requerido por pessoa jur\u00eddica ou por meio de representante.<\/li>\n<\/ul>\n<\/li>\n<\/ul>\n<p><em>*Uma das vias do formul\u00e1rio ser\u00e1 devolvida ao requerente com o registro de recebimento pelo Crea, para fins de comprova\u00e7\u00e3o. As outras tr\u00eas vias ser\u00e3o encaminhadas ao Confea, juntamente com os dois exemplares da obra.<\/em><\/p>\n<ul>\n<li>O valor atual da taxa de registro de obra intelectual \u00e9 de R$(ver tabela no siyte), conforme aprovado pela Decis\u00e3o Plen\u00e1ria n\u00ba 1513\/2021.<\/li>\n<\/ul>\n<p><strong>Prazos e atendimento<\/strong><br \/>\nOs prazos de an\u00e1lise de registro de obra intelectual s\u00e3o vari\u00e1veis em fun\u00e7\u00e3o da natureza da obra. Em alguns casos, s\u00e3o necess\u00e1rias dilig\u00eancias para obten\u00e7\u00e3o de informa\u00e7\u00f5es complementares \u00e0 instru\u00e7\u00e3o do processo. No Confea, a defini\u00e7\u00e3o da ordem de an\u00e1lise respeita a data de entrada do processo no protocolo.<\/p>\n<p>Com o objetivo de proporcionar maior agilidade e melhoria desse servi\u00e7o, o Confea se compromete a analisar o pedido de registro de obra intelectual no prazo de at\u00e9 90 (noventa) dias, a partir da data de entrada no protocolo.<\/p>\n<p><strong>Observa\u00e7\u00f5es:<\/strong><\/p>\n<ul>\n<li>O registro \u00e9 de cunho cartorial, n\u00e3o sendo inclu\u00edda a an\u00e1lise de m\u00e9rito ou ju\u00edzo de valor sobre os requerimentos;<\/li>\n<li>A lavratura do termo de registro conter\u00e1 o n\u00famero de ordem, a data do registro, a identifica\u00e7\u00e3o do requerente, a identifica\u00e7\u00e3o do autor ou dos coautores, a identifica\u00e7\u00e3o da obra intelectual, a descri\u00e7\u00e3o da obra com suas caracter\u00edsticas essenciais, a data de publica\u00e7\u00e3o no DOU e a assinatura da pessoa encarregada pelo registro;<\/li>\n<li>Ap\u00f3s efetiva\u00e7\u00e3o do registro ser\u00e1 entregue ao interessado o termo de registro e um exemplar da obra registrada.<\/li>\n<li>O Confea poder\u00e1 recusar o registro de obras intelectuais mencionadas se, por sua natureza, comportarem registro em outro \u00f3rg\u00e3o com que t\u00eam maior afinidade;<\/li>\n<li>O registro da obra intelectual \u00e9 um ato declarat\u00f3rio e n\u00e3o constitutivo de direito, estabelecendo apenas uma presun\u00e7\u00e3o de anterioridade em rela\u00e7\u00e3o a outros registros, dotados de caracter\u00edsticas similares;<\/li>\n<li>A responsabilidade decorrente do registro \u00e9 exclusiva do requerente.<\/li>\n<\/ul>\n","protected":false},"excerpt":{"rendered":"<p>Registro de obras intelectuais Estudos, anteprojetos, projetos, esbo\u00e7os, obras pl\u00e1sticas e outras formas de express\u00e3o e representa\u00e7\u00e3o visual s\u00e3o objetos de registro de obra intelectual. Quando relacionado \u00e0s \u00e1reas de Agronomia, Engenharia, Geografia, Geologia e Meteorologia, o registro \u00e9 realizado exclusivamente pelo Confea, conforme previsto pelo art. 19 da\u00a0Lei de Direitos Autorais n\u00ba 9.610, de [&hellip;]<\/p>\n","protected":false},"author":1,"featured_media":0,"parent":0,"menu_order":0,"comment_status":"closed","ping_status":"closed","template":"","meta":{"footnotes":""},"class_list":["post-44312","page","type-page","status-publish","hentry"],"acf":[],"_links":{"self":[{"href":"https:\/\/www.crea-mt.org.br\/portal\/wp-json\/wp\/v2\/pages\/44312","targetHints":{"allow":["GET"]}}],"collection":[{"href":"https:\/\/www.crea-mt.org.br\/portal\/wp-json\/wp\/v2\/pages"}],"about":[{"href":"https:\/\/www.crea-mt.org.br\/portal\/wp-json\/wp\/v2\/types\/page"}],"author":[{"embeddable":true,"href":"https:\/\/www.crea-mt.org.br\/portal\/wp-json\/wp\/v2\/users\/1"}],"replies":[{"embeddable":true,"href":"https:\/\/www.crea-mt.org.br\/portal\/wp-json\/wp\/v2\/comments?post=44312"}],"version-history":[{"count":2,"href":"https:\/\/www.crea-mt.org.br\/portal\/wp-json\/wp\/v2\/pages\/44312\/revisions"}],"predecessor-version":[{"id":44327,"href":"https:\/\/www.crea-mt.org.br\/portal\/wp-json\/wp\/v2\/pages\/44312\/revisions\/44327"}],"wp:attachment":[{"href":"https:\/\/www.crea-mt.org.br\/portal\/wp-json\/wp\/v2\/media?parent=44312"}],"curies":[{"name":"wp","href":"https:\/\/api.w.org\/{rel}","templated":true}]}}