{"id":41253,"date":"2022-09-16T14:19:05","date_gmt":"2022-09-16T18:19:05","guid":{"rendered":"https:\/\/www.crea-mt.org.br\/portal\/?page_id=41253"},"modified":"2024-09-26T11:16:30","modified_gmt":"2024-09-26T15:16:30","slug":"como-solicitar-registro-de-atestado-em-caso-de-art-baixada","status":"publish","type":"page","link":"https:\/\/www.crea-mt.org.br\/portal\/como-solicitar-registro-de-atestado-em-caso-de-art-baixada\/","title":{"rendered":"Como solicitar Registro de Atestado (em caso de ART Baixada)"},"content":{"rendered":"<p>O Atestado de Capacidade T\u00e9cnica \u00e9 a declara\u00e7\u00e3o fornecida pela contratante da obra ou servi\u00e7o, que \u00e9 fornecida pela pessoa f\u00edsica ou jur\u00eddica, de direito p\u00fablico ou privado e que atesta a execu\u00e7\u00e3o da obra ou a presta\u00e7\u00e3o do servi\u00e7o e identifica seus elementos quantitativos e qualitativos, o local e o per\u00edodo de execu\u00e7\u00e3o, os respons\u00e1veis t\u00e9cnicos envolvidos e as atividades t\u00e9cnicas executadas.<\/p>\n<p>Conforme a o Art. 58 da Resolu\u00e7\u00e3o 1.137\/2023 do CONFEA.(<a href=\"https:\/\/www.crea-mt.org.br\/portal\/wp-content\/uploads\/2024\/06\/Resolucao-1137-23.pdf\"><strong>clique aqui<\/strong><\/a>)<\/p>\n<p>&#8220;as informa\u00e7\u00f5es acerca da execu\u00e7\u00e3o da obra ou presta\u00e7\u00e3o de servi\u00e7o, bem como os dados t\u00e9cnicos qualitativos e quantitativos do atestado, devem ser declarados por profissional que possua habilita\u00e7\u00e3o nas profiss\u00f5es abrangidas pelo Sistema Confea\/Crea&#8221;. \u00a0(<a href=\"https:\/\/www.crea-mt.org.br\/portal\/wp-content\/uploads\/2022\/09\/RESOLUCAO-1025-2009-ART.pdf\"><strong>clique aqui<\/strong><\/a>)<\/p>\n<p><strong>Dados que devem constar no Atestado:<\/strong><\/p>\n<ul>\n<li>Identifica\u00e7\u00e3o completa e leg\u00edvel da empresa contratante, com n\u00ba do CNPJ, endere\u00e7o e telefone em papel timbrado ou com o carimbo do CNPJ;<\/li>\n<li>Nome completo e cargo do respons\u00e1vel pelas informa\u00e7\u00f5es do atestado;<\/li>\n<li>Nome e t\u00edtulo dos profissionais respons\u00e1veis pelas atividades descritas no atestado, bem como o RNP ou n\u00famero de registro no CREA-MT;<\/li>\n<li>Endere\u00e7o da obra ou servi\u00e7o;<\/li>\n<li>Per\u00edodo da execu\u00e7\u00e3o da obra ou servi\u00e7o (Quando houver aditivo deve ser feita uma ART);<\/li>\n<li>Per\u00edodo executado da obra\/servi\u00e7o e o prazo contratual (no caso de servi\u00e7o continuado parcialmente conclu\u00eddo)<\/li>\n<li>N\u00famero do contrato, se houver;<\/li>\n<li>Local e data de emiss\u00e3o do atestado;<\/li>\n<li>Descri\u00e7\u00e3o das atividades referentes \u00e0 obra\/servi\u00e7o executado e conclu\u00eddo, compat\u00edveis com a descri\u00e7\u00e3o, quantidade e unidades anotadas na (a) ART (s).<\/li>\n<li>N\u00b0 da ART da obra\/servi\u00e7o.<\/li>\n<\/ul>\n<p>Documentos:<\/p>\n<p><strong>ATESTADO EMITIDO POR PESSOA JURIDICA PRIVADA<\/strong><\/p>\n<ul>\n<li>Apresentar uma via original e uma c\u00f3pia do atestado<\/li>\n<li>ART da obra\/servi\u00e7o;<\/li>\n<li>\u00a0C\u00f3pia do contrato social da empresa, caso o atestante seja s\u00f3cio da empresa;<\/li>\n<li>Procura\u00e7\u00e3o Cartorial, quando o subscritor do atestado n\u00e3o constar no contrato social;<\/li>\n<li>Assinatura de profissional habilitado do sistema CONFEA\/CREA e ART de fiscaliza\u00e7\u00e3o\/laudo;<\/li>\n<\/ul>\n<p><strong>ATESTADO EMITIDO POR PESSOA JURIDICA P\u00daBLICA<\/strong><\/p>\n<ul>\n<li>Atestado emitido por Pessoa Jur\u00eddica P\u00fablica<\/li>\n<li>Apresentar uma via original e uma c\u00f3pia do atestado;<\/li>\n<li>C\u00f3pia da ART da obra\/servi\u00e7o;<\/li>\n<li>C\u00f3pia do Ato administrativo do cargo\/fun\u00e7\u00e3o, publicado no D.O dos emitentes do Atestado;<\/li>\n<li>Assinatura de profissional habilitado do sistema CONFEA\/CREA com c\u00f3pia do ato administrativo do cargo\/fun\u00e7\u00e3o ou ART de fiscaliza\u00e7\u00e3o\/laudo;<\/li>\n<\/ul>\n<p><strong>Observa\u00e7\u00f5es gerais para emiss\u00e3o de atestado<\/strong><\/p>\n<ul>\n<li>1 \u2013 \u00c9 vedada a emiss\u00e3o de CAT ao profissional que possuir d\u00e9bito relativo a anuidade;<\/li>\n<li>2 \u2013 O atestado n\u00e3o dever\u00e1 conter rasuras ou adultera\u00e7\u00f5es.<\/li>\n<li>3 \u2013 No caso de subcontrata\u00e7\u00e3o, o atestado emitido pela segunda contratante dever\u00e1 apresentar anu\u00eancia do contratante original ou estar acompanhado de documentos h\u00e1beis que comprovem a efetiva participa\u00e7\u00e3o do profissional na execu\u00e7\u00e3o da obra ou presta\u00e7\u00e3o do servi\u00e7o, tais como trabalhos t\u00e9cnicos, correspond\u00eancias, di\u00e1rio de obras ou documento equivalente.<\/li>\n<li>4 \u2013 No caso de obra pr\u00f3pria, o atestado deve estar acompanhado de documento p\u00fablico que comprove a conclus\u00e3o da obra ou servi\u00e7o expedido pelo munic\u00edpio ou por ag\u00eancia reguladora, \u00f3rg\u00e3o ambiental, entre outros.<\/li>\n<li>5 \u2013 Planilhas anexas somente ser\u00e3o registradas caso estejam mencionadas no corpo do atestado e com todas as suas folhas devidamente rubricadas pelo emitente.<\/li>\n<li>6 \u2013 O atestado que se referir a atividade em andamento dever\u00e1 mencionar explicitamente somente as atividades, o per\u00edodo e as etapas finalizadas.<\/li>\n<\/ul>\n<p>Manual de preenchimento; (<a href=\"https:\/\/www.crea-mt.org.br\/portal\/wp-content\/uploads\/2024\/07\/COMO-SOLICITAR-REGISTRO-DE-ATESTADO-Atualizada-1.pdf\"><strong>clique aqui<\/strong><\/a>)<\/p>\n<p><strong>Valores para pagamento:<\/strong><\/p>\n<ul>\n<li>Taxa de ART:\u00a0 (<a href=\"https:\/\/www.crea-mt.org.br\/portal\/tabela-de-servicos\/\"><strong>clique aqui<\/strong><\/a>)<\/li>\n<\/ul>\n<p><strong>Obs. A taxa referente \u00e0 solicita\u00e7\u00e3o de registro de atestado ser\u00e1 gerada apenas ap\u00f3s a an\u00e1lise e deferimento da mesma.<\/strong><\/p>\n<p><strong>Para solicitar o servi\u00e7o<\/strong>,\u00a0<a href=\"http:\/\/ecrea.crea-mt.org.br\/Autenticacao\/Login?ReturnUrl=%2f\">clique\u00a0aqui<\/a><\/p>\n<p style=\"text-align: center;\"><span style=\"color: #800080;\"><strong>ATEN\u00c7\u00c3O:<\/strong><\/span><br \/>\n<span style=\"color: #800080;\"><strong>AP\u00d3S A FINALIZA\u00c7\u00c3O DA SOLICITA\u00c7\u00c3O, O ORIGINAL DO ATESTADO DEVER\u00c1 SER OBRIGATORIAMENTE<\/strong><\/span><br \/>\n<span style=\"color: #800080;\"><strong>APRESENTADO EM UMA UNIDADE DO CREA OU ENVIADO PELOS CORREIOS E SER\u00c1 DEVOLVIDO<\/strong><\/span><br \/>\n<span style=\"color: #800080;\"><strong>DEVIDAMENTE REGISTRADO (COM SELO DE AUTENTICA\u00c7\u00c3O) AP\u00d3S A APROVA\u00c7\u00c3O. SENDO DE<\/strong><\/span><br \/>\n<span style=\"color: #800080;\"><strong>RESPONSABILIADE DO PROFISSIONAL A ENTREGA E RETIRADA DO ATESTADO E CERTID\u00c3O.<\/strong><\/span><\/p>\n<p><strong>D\u00favidas: (65) 3315-3000<\/strong><\/p>\n<div>\n<h3>Attachments<\/h3>\n<p>&nbsp;<\/p>\n<\/div>\n","protected":false},"excerpt":{"rendered":"<p>O Atestado de Capacidade T\u00e9cnica \u00e9 a declara\u00e7\u00e3o fornecida pela contratante da obra ou servi\u00e7o, que \u00e9 fornecida pela pessoa f\u00edsica ou jur\u00eddica, de direito p\u00fablico ou privado e que atesta a execu\u00e7\u00e3o da obra ou a presta\u00e7\u00e3o do servi\u00e7o e identifica seus elementos quantitativos e qualitativos, o local e o per\u00edodo de execu\u00e7\u00e3o, os [&hellip;]<\/p>\n","protected":false},"author":1,"featured_media":0,"parent":0,"menu_order":0,"comment_status":"closed","ping_status":"closed","template":"","meta":{"footnotes":""},"class_list":["post-41253","page","type-page","status-publish","hentry"],"acf":[],"_links":{"self":[{"href":"https:\/\/www.crea-mt.org.br\/portal\/wp-json\/wp\/v2\/pages\/41253","targetHints":{"allow":["GET"]}}],"collection":[{"href":"https:\/\/www.crea-mt.org.br\/portal\/wp-json\/wp\/v2\/pages"}],"about":[{"href":"https:\/\/www.crea-mt.org.br\/portal\/wp-json\/wp\/v2\/types\/page"}],"author":[{"embeddable":true,"href":"https:\/\/www.crea-mt.org.br\/portal\/wp-json\/wp\/v2\/users\/1"}],"replies":[{"embeddable":true,"href":"https:\/\/www.crea-mt.org.br\/portal\/wp-json\/wp\/v2\/comments?post=41253"}],"version-history":[{"count":14,"href":"https:\/\/www.crea-mt.org.br\/portal\/wp-json\/wp\/v2\/pages\/41253\/revisions"}],"predecessor-version":[{"id":55267,"href":"https:\/\/www.crea-mt.org.br\/portal\/wp-json\/wp\/v2\/pages\/41253\/revisions\/55267"}],"wp:attachment":[{"href":"https:\/\/www.crea-mt.org.br\/portal\/wp-json\/wp\/v2\/media?parent=41253"}],"curies":[{"name":"wp","href":"https:\/\/api.w.org\/{rel}","templated":true}]}}