{"id":41251,"date":"2022-09-16T14:17:33","date_gmt":"2022-09-16T18:17:33","guid":{"rendered":"https:\/\/www.crea-mt.org.br\/portal\/?page_id=41251"},"modified":"2025-09-11T11:37:18","modified_gmt":"2025-09-11T15:37:18","slug":"como-baixar-art-sem-registro-de-atestado","status":"publish","type":"page","link":"https:\/\/www.crea-mt.org.br\/portal\/como-baixar-art-sem-registro-de-atestado\/","title":{"rendered":"Como baixar ART sem Registro de Atestado"},"content":{"rendered":"<p>Para os efeitos legais, somente ser\u00e1 considerada conclu\u00edda a participa\u00e7\u00e3o do profissional em determinada atividade t\u00e9cnica a partir da data da baixa da ART correspondente. Conforme a Resolu\u00e7\u00e3o 1.137\/2023 do CONFEA.(<a href=\"https:\/\/www.crea-mt.org.br\/portal\/wp-content\/uploads\/2024\/06\/Resolucao-1137-23.pdf\"><strong>clique aqui<\/strong><\/a>)<\/p>\n<p>DOCUMENTOS OBRIGAT\u00d3RIOS:<\/p>\n<ul>\n<li>Requerimento para BAIXA e CANCELAMEMNTO de ART; (<a href=\"https:\/\/www.crea-mt.org.br\/portal\/wp-content\/uploads\/2025\/01\/Requerimento-Para-Baixa-cancelamento-de-art.pdf\"><strong>clique aqui<\/strong><\/a>)<\/li>\n<li>Art (Assinada pelo PROFISSIONAL e CONTRATANTE);<\/li>\n<\/ul>\n<p>&nbsp;<\/p>\n<p><strong>OBS:<\/strong> Caso a obra ou o servi\u00e7o tenha sido finalizado\u00a0 e o profissional n\u00e3o possuir mais o contato com o contratante ou em lugar n\u00e3o sabido, poder\u00e1 ser apresentado o termo de responsabilidade abaixo, no qual o profissional declara que a obra\/servi\u00e7o foi conclu\u00eddo em conformidade com as normas legais vigentes e dentro do prazo contratual estabelecido.<\/p>\n<ul>\n<li>Termo de responsabilidade por obra conclu\u00edda; (<a href=\"https:\/\/www.crea-mt.org.br\/portal\/wp-content\/uploads\/2025\/09\/Termo-de-reponsabilidade-Baixa-de-ART-conclusao-de-obra-servico.pdf\"><strong>clique aqui<\/strong><\/a>)<\/li>\n<\/ul>\n<p>&nbsp;<\/p>\n<p>Manual de preenchimento; (<a href=\"https:\/\/www.crea-mt.org.br\/portal\/wp-content\/uploads\/2024\/07\/COMO-SOLICITAR-BAIXA-DE-ART-SEM-REGISTRO-DE-ATESTADO-Atualizada.pdf\"><strong>clique aqui<\/strong><\/a>)<\/p>\n<p><strong>As baixas de ARTs emitidas antes de 2020 devem ser requeridas atrav\u00e9s do email (atendimento@crea-mt.org.br)<\/strong><\/p>\n<p><strong>Para solicitar o servi\u00e7o<\/strong>,\u00a0<a href=\"http:\/\/ecrea.crea-mt.org.br\/Autenticacao\/Login?ReturnUrl=%2f\">clique\u00a0aqui<\/a><\/p>\n<p><strong>D\u00favidas: (65) 3315-3000<\/strong><\/p>\n<p>&nbsp;<\/p>\n<div>\n<h3>Attachments<\/h3>\n<p>&nbsp;<\/p>\n<\/div>\n","protected":false},"excerpt":{"rendered":"<p>Para os efeitos legais, somente ser\u00e1 considerada conclu\u00edda a participa\u00e7\u00e3o do profissional em determinada atividade t\u00e9cnica a partir da data da baixa da ART correspondente. Conforme a Resolu\u00e7\u00e3o 1.137\/2023 do CONFEA.(clique aqui) DOCUMENTOS OBRIGAT\u00d3RIOS: Requerimento para BAIXA e CANCELAMEMNTO de ART; (clique aqui) Art (Assinada pelo PROFISSIONAL e CONTRATANTE); &nbsp; OBS: Caso a obra ou [&hellip;]<\/p>\n","protected":false},"author":1,"featured_media":0,"parent":0,"menu_order":0,"comment_status":"closed","ping_status":"closed","template":"","meta":{"footnotes":""},"class_list":["post-41251","page","type-page","status-publish","hentry"],"acf":[],"_links":{"self":[{"href":"https:\/\/www.crea-mt.org.br\/portal\/wp-json\/wp\/v2\/pages\/41251","targetHints":{"allow":["GET"]}}],"collection":[{"href":"https:\/\/www.crea-mt.org.br\/portal\/wp-json\/wp\/v2\/pages"}],"about":[{"href":"https:\/\/www.crea-mt.org.br\/portal\/wp-json\/wp\/v2\/types\/page"}],"author":[{"embeddable":true,"href":"https:\/\/www.crea-mt.org.br\/portal\/wp-json\/wp\/v2\/users\/1"}],"replies":[{"embeddable":true,"href":"https:\/\/www.crea-mt.org.br\/portal\/wp-json\/wp\/v2\/comments?post=41251"}],"version-history":[{"count":19,"href":"https:\/\/www.crea-mt.org.br\/portal\/wp-json\/wp\/v2\/pages\/41251\/revisions"}],"predecessor-version":[{"id":64001,"href":"https:\/\/www.crea-mt.org.br\/portal\/wp-json\/wp\/v2\/pages\/41251\/revisions\/64001"}],"wp:attachment":[{"href":"https:\/\/www.crea-mt.org.br\/portal\/wp-json\/wp\/v2\/media?parent=41251"}],"curies":[{"name":"wp","href":"https:\/\/api.w.org\/{rel}","templated":true}]}}