{"id":41197,"date":"2022-09-14T17:23:44","date_gmt":"2022-09-14T21:23:44","guid":{"rendered":"https:\/\/www.crea-mt.org.br\/portal\/?page_id=41197"},"modified":"2024-07-02T10:34:10","modified_gmt":"2024-07-02T14:34:10","slug":"como-preencher-art-complementar","status":"publish","type":"page","link":"https:\/\/www.crea-mt.org.br\/portal\/como-preencher-art-complementar\/","title":{"rendered":"Como preencher ART Complementar"},"content":{"rendered":"<p>ART complementar, anota\u00e7\u00e3o de responsabilidade t\u00e9cnica do mesmo profissional que, vinculada a uma ART inicial, complementa os dados anotados nos seguintes casos:<\/p>\n<ol>\n<li>For realizada altera\u00e7\u00e3o contratual que ampliar o objeto, o valor do contrato ou a atividade t\u00e9cnica contratada, ou prorrogar o prazo de execu\u00e7\u00e3o;<\/li>\n<li>Houver a necessidade de detalhar as atividades t\u00e9cnicas, desde que n\u00e3o impliquem a modifica\u00e7\u00e3o da caracteriza\u00e7\u00e3o do objeto ou da atividade t\u00e9cnica contratada. (Resolu\u00e7\u00e3o 1.137\/2023 do CONFEA).(<a href=\"https:\/\/www.crea-mt.org.br\/portal\/wp-content\/uploads\/2024\/06\/Resolucao-1137-23.pdf\"><strong>clique aqui<\/strong><\/a>)<\/li>\n<\/ol>\n<p>Manual de preenchimento; (<a href=\"https:\/\/www.crea-mt.org.br\/portal\/wp-content\/uploads\/2024\/07\/COMO-EMITIR-ART-COMPLEMENTAR-2.pdf\"><strong>aqui<\/strong><\/a>)<\/p>\n<p><strong>Valores para pagamento: <\/strong><\/p>\n<ul>\n<li>Taxa de ART:\u00a0 (<a href=\"https:\/\/www.crea-mt.org.br\/portal\/tabela-de-servicos\/\"><strong>clique aqui<\/strong><\/a>)<\/li>\n<\/ul>\n<p>Ap\u00f3s 10 (dez) dias da emiss\u00e3o do boleto de pagamento da ART, caso n\u00e3o seja quitado, ser\u00e1 necess\u00e1rio refazer a ART.<\/p>\n<p>&nbsp;<\/p>\n<p><strong>Para solicitar o servi\u00e7o<\/strong>,\u00a0<a href=\"http:\/\/ecrea.crea-mt.org.br\/Autenticacao\/Login?ReturnUrl=%2f\">clique\u00a0aqui<\/a><\/p>\n<p>A ART ap\u00f3s o pagamento, ser\u00e1 gerada em 24 (vinte e quatro) horas.<\/p>\n<p>&nbsp;<\/p>\n<p><strong>D\u00favidas: (65) 3315-3000<\/strong><\/p>\n","protected":false},"excerpt":{"rendered":"<p>ART complementar, anota\u00e7\u00e3o de responsabilidade t\u00e9cnica do mesmo profissional que, vinculada a uma ART inicial, complementa os dados anotados nos seguintes casos: For realizada altera\u00e7\u00e3o contratual que ampliar o objeto, o valor do contrato ou a atividade t\u00e9cnica contratada, ou prorrogar o prazo de execu\u00e7\u00e3o; Houver a necessidade de detalhar as atividades t\u00e9cnicas, desde que [&hellip;]<\/p>\n","protected":false},"author":1,"featured_media":0,"parent":0,"menu_order":0,"comment_status":"closed","ping_status":"closed","template":"","meta":{"footnotes":""},"class_list":["post-41197","page","type-page","status-publish","hentry"],"acf":[],"_links":{"self":[{"href":"https:\/\/www.crea-mt.org.br\/portal\/wp-json\/wp\/v2\/pages\/41197","targetHints":{"allow":["GET"]}}],"collection":[{"href":"https:\/\/www.crea-mt.org.br\/portal\/wp-json\/wp\/v2\/pages"}],"about":[{"href":"https:\/\/www.crea-mt.org.br\/portal\/wp-json\/wp\/v2\/types\/page"}],"author":[{"embeddable":true,"href":"https:\/\/www.crea-mt.org.br\/portal\/wp-json\/wp\/v2\/users\/1"}],"replies":[{"embeddable":true,"href":"https:\/\/www.crea-mt.org.br\/portal\/wp-json\/wp\/v2\/comments?post=41197"}],"version-history":[{"count":11,"href":"https:\/\/www.crea-mt.org.br\/portal\/wp-json\/wp\/v2\/pages\/41197\/revisions"}],"predecessor-version":[{"id":54281,"href":"https:\/\/www.crea-mt.org.br\/portal\/wp-json\/wp\/v2\/pages\/41197\/revisions\/54281"}],"wp:attachment":[{"href":"https:\/\/www.crea-mt.org.br\/portal\/wp-json\/wp\/v2\/media?parent=41197"}],"curies":[{"name":"wp","href":"https:\/\/api.w.org\/{rel}","templated":true}]}}