{"id":41190,"date":"2022-09-14T17:20:56","date_gmt":"2022-09-14T21:20:56","guid":{"rendered":"https:\/\/www.crea-mt.org.br\/portal\/?page_id=41190"},"modified":"2024-07-02T10:18:14","modified_gmt":"2024-07-02T14:18:14","slug":"como-preencher-art-de-obra-servico","status":"publish","type":"page","link":"https:\/\/www.crea-mt.org.br\/portal\/como-preencher-art-de-obra-servico\/","title":{"rendered":"Como preencher ART de Obra \/ Servi\u00e7o"},"content":{"rendered":"<p>A ART de Obra\/Servi\u00e7o \u00e9 a ART relativa \u00e0 execu\u00e7\u00e3o de obra ou presta\u00e7\u00e3o de servi\u00e7os, poder\u00e1 ser emitida conforme Artigo 27 da Resolu\u00e7\u00e3o 1.137\/2023 do CONFEA.(<a href=\"https:\/\/www.crea-mt.org.br\/portal\/wp-content\/uploads\/2024\/06\/Resolucao-1137-23.pdf\"><strong>clique aqui<\/strong><\/a>)<\/p>\n<p>A ART relativa \u00e0 execu\u00e7\u00e3o de obra ou presta\u00e7\u00e3o de servi\u00e7os deve ser registrada antes do in\u00edcio da respectiva atividade t\u00e9cnica, de acordo com as informa\u00e7\u00f5es constantes do contrato firmado entre as partes.<\/p>\n<ul>\n<li>1\u00ba No caso de obras p\u00fablicas, a ART pode ser registrada em at\u00e9 dez dias ap\u00f3s a libera\u00e7\u00e3o da ordem de servi\u00e7o ou ap\u00f3s a assinatura do contrato ou de documento equivalente, desde que n\u00e3o esteja caracterizado o in\u00edcio da atividade.<\/li>\n<\/ul>\n<ul>\n<li>Manual de Procedimento; (<a href=\"https:\/\/www.crea-mt.org.br\/portal\/wp-content\/uploads\/2024\/07\/COMO-PREENCHER-ART-DE-OBRA-E-SERVICO-Atualizada-1.pdf\"><strong>clique aqui<\/strong><\/a>)<\/li>\n<\/ul>\n<p>&nbsp;<\/p>\n<p><strong>Valores para pagamento: <\/strong><\/p>\n<ul>\n<li>Taxa de ART:\u00a0 (<a href=\"https:\/\/www.crea-mt.org.br\/portal\/tabela-de-servicos\/\"><strong>clique aqui<\/strong><\/a>)<\/li>\n<\/ul>\n<p>&nbsp;<\/p>\n<p>Ap\u00f3s 10 (dez) dias da emiss\u00e3o do boleto de pagamento da ART, caso n\u00e3o seja quitado, ser\u00e1 necess\u00e1rio refazer a ART.<\/p>\n<p>&nbsp;<\/p>\n<p><strong>Para solicitar o servi\u00e7o<\/strong>,\u00a0<a href=\"http:\/\/ecrea.crea-mt.org.br\/Autenticacao\/Login?ReturnUrl=%2f\">clique\u00a0aqui<\/a><\/p>\n<p>A ART ap\u00f3s o pagamento, ser\u00e1 gerada em 24 (vinte e quatro) horas.<\/p>\n<p>&nbsp;<\/p>\n<p><strong>D\u00favidas: (65) 3315-3000<\/strong><\/p>\n","protected":false},"excerpt":{"rendered":"<p>A ART de Obra\/Servi\u00e7o \u00e9 a ART relativa \u00e0 execu\u00e7\u00e3o de obra ou presta\u00e7\u00e3o de servi\u00e7os, poder\u00e1 ser emitida conforme Artigo 27 da Resolu\u00e7\u00e3o 1.137\/2023 do CONFEA.(clique aqui) A ART relativa \u00e0 execu\u00e7\u00e3o de obra ou presta\u00e7\u00e3o de servi\u00e7os deve ser registrada antes do in\u00edcio da respectiva atividade t\u00e9cnica, de acordo com as informa\u00e7\u00f5es constantes [&hellip;]<\/p>\n","protected":false},"author":1,"featured_media":0,"parent":0,"menu_order":0,"comment_status":"closed","ping_status":"closed","template":"","meta":{"footnotes":""},"class_list":["post-41190","page","type-page","status-publish","hentry"],"acf":[],"_links":{"self":[{"href":"https:\/\/www.crea-mt.org.br\/portal\/wp-json\/wp\/v2\/pages\/41190","targetHints":{"allow":["GET"]}}],"collection":[{"href":"https:\/\/www.crea-mt.org.br\/portal\/wp-json\/wp\/v2\/pages"}],"about":[{"href":"https:\/\/www.crea-mt.org.br\/portal\/wp-json\/wp\/v2\/types\/page"}],"author":[{"embeddable":true,"href":"https:\/\/www.crea-mt.org.br\/portal\/wp-json\/wp\/v2\/users\/1"}],"replies":[{"embeddable":true,"href":"https:\/\/www.crea-mt.org.br\/portal\/wp-json\/wp\/v2\/comments?post=41190"}],"version-history":[{"count":10,"href":"https:\/\/www.crea-mt.org.br\/portal\/wp-json\/wp\/v2\/pages\/41190\/revisions"}],"predecessor-version":[{"id":54274,"href":"https:\/\/www.crea-mt.org.br\/portal\/wp-json\/wp\/v2\/pages\/41190\/revisions\/54274"}],"wp:attachment":[{"href":"https:\/\/www.crea-mt.org.br\/portal\/wp-json\/wp\/v2\/media?parent=41190"}],"curies":[{"name":"wp","href":"https:\/\/api.w.org\/{rel}","templated":true}]}}