{"id":41177,"date":"2022-09-14T16:44:35","date_gmt":"2022-09-14T20:44:35","guid":{"rendered":"https:\/\/www.crea-mt.org.br\/portal\/?page_id=41177"},"modified":"2024-07-02T10:26:48","modified_gmt":"2024-07-02T14:26:48","slug":"como-preencher-art-de-cargo-ou-funcao","status":"publish","type":"page","link":"https:\/\/www.crea-mt.org.br\/portal\/como-preencher-art-de-cargo-ou-funcao\/","title":{"rendered":"Como preencher ART de Cargo ou Fun\u00e7\u00e3o"},"content":{"rendered":"<p>ART de cargo\/fun\u00e7\u00e3o \u00e9 o tipo de ART relativa ao v\u00ednculo com pessoa jur\u00eddica para desempenho de cargo ou fun\u00e7\u00e3o t\u00e9cnica, conforme Artigo 41 da Resolu\u00e7\u00e3o 1.137\/2023 do CONFEA.(<a href=\"https:\/\/www.crea-mt.org.br\/portal\/wp-content\/uploads\/2024\/06\/Resolucao-1137-23.pdf\"><strong>clique aqui<\/strong><\/a>).<\/p>\n<p>O v\u00ednculo para desempenho de cargo ou fun\u00e7\u00e3o t\u00e9cnica, tanto com pessoa jur\u00eddica de direito p\u00fablico quanto de direito privado, obriga \u00e0 anota\u00e7\u00e3o de responsabilidade t\u00e9cnica no CREA em circunscri\u00e7\u00e3o for exercida a atividade.<\/p>\n<p>1\u00ba A ART relativa ao desempenho de cargo ou fun\u00e7\u00e3o deve ser registrada ap\u00f3s assinatura do contrato ou publica\u00e7\u00e3o do ato administrativo de nomea\u00e7\u00e3o ou designa\u00e7\u00e3o, de acordo com as informa\u00e7\u00f5es constantes do documento comprobat\u00f3rio de v\u00ednculo do profissional com a pessoa jur\u00eddica.<\/p>\n<p>Manual de preenchimento; (<a href=\"https:\/\/www.crea-mt.org.br\/portal\/wp-content\/uploads\/2024\/07\/COMO-PREENCHER-ART-DE-CARGO-OU-FUNCAO-Atualizada-1.pdf\"><strong>clique aqui<\/strong><\/a>)<\/p>\n<p><strong>Valores para pagamento: <\/strong><\/p>\n<ul>\n<li>Taxa de ART:\u00a0 (<a href=\"https:\/\/www.crea-mt.org.br\/portal\/tabela-de-servicos\/\"><strong>clique aqui<\/strong><\/a>)<\/li>\n<\/ul>\n<p>&nbsp;<\/p>\n<p>Ap\u00f3s 10 (dez) dias da emiss\u00e3o do boleto de pagamento da ART, caso n\u00e3o seja quitado, ser\u00e1 necess\u00e1rio refazer a ART.<\/p>\n<p><strong>Para solicitar o servi\u00e7o<\/strong>,\u00a0<a href=\"http:\/\/ecrea.crea-mt.org.br\/Autenticacao\/Login?ReturnUrl=%2f\">clique\u00a0aqui<\/a><\/p>\n<p>&nbsp;<\/p>\n<p>A ART ap\u00f3s o pagamento, ser\u00e1 gerada em 24 (vinte e quatro) horas.<\/p>\n<p><strong>D\u00favidas: (65) 3315-3000<\/strong><\/p>\n","protected":false},"excerpt":{"rendered":"<p>ART de cargo\/fun\u00e7\u00e3o \u00e9 o tipo de ART relativa ao v\u00ednculo com pessoa jur\u00eddica para desempenho de cargo ou fun\u00e7\u00e3o t\u00e9cnica, conforme Artigo 41 da Resolu\u00e7\u00e3o 1.137\/2023 do CONFEA.(clique aqui). O v\u00ednculo para desempenho de cargo ou fun\u00e7\u00e3o t\u00e9cnica, tanto com pessoa jur\u00eddica de direito p\u00fablico quanto de direito privado, obriga \u00e0 anota\u00e7\u00e3o de responsabilidade [&hellip;]<\/p>\n","protected":false},"author":1,"featured_media":0,"parent":0,"menu_order":0,"comment_status":"closed","ping_status":"closed","template":"","meta":{"footnotes":""},"class_list":["post-41177","page","type-page","status-publish","hentry"],"acf":[],"_links":{"self":[{"href":"https:\/\/www.crea-mt.org.br\/portal\/wp-json\/wp\/v2\/pages\/41177","targetHints":{"allow":["GET"]}}],"collection":[{"href":"https:\/\/www.crea-mt.org.br\/portal\/wp-json\/wp\/v2\/pages"}],"about":[{"href":"https:\/\/www.crea-mt.org.br\/portal\/wp-json\/wp\/v2\/types\/page"}],"author":[{"embeddable":true,"href":"https:\/\/www.crea-mt.org.br\/portal\/wp-json\/wp\/v2\/users\/1"}],"replies":[{"embeddable":true,"href":"https:\/\/www.crea-mt.org.br\/portal\/wp-json\/wp\/v2\/comments?post=41177"}],"version-history":[{"count":9,"href":"https:\/\/www.crea-mt.org.br\/portal\/wp-json\/wp\/v2\/pages\/41177\/revisions"}],"predecessor-version":[{"id":54276,"href":"https:\/\/www.crea-mt.org.br\/portal\/wp-json\/wp\/v2\/pages\/41177\/revisions\/54276"}],"wp:attachment":[{"href":"https:\/\/www.crea-mt.org.br\/portal\/wp-json\/wp\/v2\/media?parent=41177"}],"curies":[{"name":"wp","href":"https:\/\/api.w.org\/{rel}","templated":true}]}}