{"id":41176,"date":"2022-09-14T16:45:56","date_gmt":"2022-09-14T20:45:56","guid":{"rendered":"https:\/\/www.crea-mt.org.br\/portal\/?page_id=41176"},"modified":"2024-06-10T14:55:54","modified_gmt":"2024-06-10T18:55:54","slug":"manual-art","status":"publish","type":"page","link":"https:\/\/www.crea-mt.org.br\/portal\/manual-art\/","title":{"rendered":"Manual ART"},"content":{"rendered":"<p><a href=\"https:\/\/www.crea-mt.org.br\/portal\/como-preencher-art-de-obra-servico\/\"><strong>Como preencher ART de Obra \/ Servi\u00e7o<\/strong><\/a><\/p>\n<p><a href=\"https:\/\/www.crea-mt.org.br\/portal\/como-preencher-art-de-cargo-ou-funcao\/\"><strong>Como preencher ART de Cargo ou Fun\u00e7\u00e3o<\/strong><\/a><\/p>\n<p><a href=\"https:\/\/www.crea-mt.org.br\/portal\/como-preencher-art-a-posteriori\/\"><strong>Como preencher ART a Posteriori<\/strong><\/a><\/p>\n<p><a href=\"https:\/\/www.crea-mt.org.br\/portal\/como-preencher-art-complementar\/\"><strong>Como preencher ART Complementar<\/strong><\/a><\/p>\n<p><a href=\"https:\/\/www.crea-mt.org.br\/portal\/como-baixar-art-com-registro-de-atestado\/\"><strong>Como baixar ART com Registro de Atestado<\/strong><\/a><\/p>\n<p><a href=\"https:\/\/www.crea-mt.org.br\/portal\/como-baixar-art-sem-registro-de-atestado\/\"><strong>Como baixar ART sem Registro de Atestado<\/strong><\/a><\/p>\n<p><a href=\"https:\/\/www.crea-mt.org.br\/portal\/como-solicitar-registro-de-atestado-em-caso-de-art-baixada\/\"><strong>Como solicitar Registro de Atestado (em caso de ART Baixada)<\/strong><\/a><\/p>\n<p><a href=\"https:\/\/www.crea-mt.org.br\/portal\/como-solicitar-certidao-de-acervo-operacional-cao\/\"><strong>Como solicitar Certid\u00e3o de Acervo Operacional (CAO)<\/strong><\/a><\/p>\n<p>&nbsp;<\/p>\n<p>&nbsp;<\/p>\n","protected":false},"excerpt":{"rendered":"<p>Como preencher ART de Obra \/ Servi\u00e7o Como preencher ART de Cargo ou Fun\u00e7\u00e3o Como preencher ART a Posteriori Como preencher ART Complementar Como baixar ART com Registro de Atestado Como baixar ART sem Registro de Atestado Como solicitar Registro de Atestado (em caso de ART Baixada) Como solicitar Certid\u00e3o de Acervo Operacional (CAO) &nbsp; [&hellip;]<\/p>\n","protected":false},"author":1,"featured_media":0,"parent":0,"menu_order":0,"comment_status":"closed","ping_status":"closed","template":"","meta":{"footnotes":""},"class_list":["post-41176","page","type-page","status-publish","hentry"],"acf":[],"_links":{"self":[{"href":"https:\/\/www.crea-mt.org.br\/portal\/wp-json\/wp\/v2\/pages\/41176","targetHints":{"allow":["GET"]}}],"collection":[{"href":"https:\/\/www.crea-mt.org.br\/portal\/wp-json\/wp\/v2\/pages"}],"about":[{"href":"https:\/\/www.crea-mt.org.br\/portal\/wp-json\/wp\/v2\/types\/page"}],"author":[{"embeddable":true,"href":"https:\/\/www.crea-mt.org.br\/portal\/wp-json\/wp\/v2\/users\/1"}],"replies":[{"embeddable":true,"href":"https:\/\/www.crea-mt.org.br\/portal\/wp-json\/wp\/v2\/comments?post=41176"}],"version-history":[{"count":13,"href":"https:\/\/www.crea-mt.org.br\/portal\/wp-json\/wp\/v2\/pages\/41176\/revisions"}],"predecessor-version":[{"id":53979,"href":"https:\/\/www.crea-mt.org.br\/portal\/wp-json\/wp\/v2\/pages\/41176\/revisions\/53979"}],"wp:attachment":[{"href":"https:\/\/www.crea-mt.org.br\/portal\/wp-json\/wp\/v2\/media?parent=41176"}],"curies":[{"name":"wp","href":"https:\/\/api.w.org\/{rel}","templated":true}]}}