{"id":37436,"date":"2022-04-26T14:43:05","date_gmt":"2022-04-26T18:43:05","guid":{"rendered":"https:\/\/www.crea-mt.org.br\/portal\/?page_id=37436"},"modified":"2025-04-11T11:12:41","modified_gmt":"2025-04-11T15:12:41","slug":"reabilitacao-de-registro-de-pessoa-juridica","status":"publish","type":"page","link":"https:\/\/www.crea-mt.org.br\/portal\/reabilitacao-de-registro-de-pessoa-juridica\/","title":{"rendered":"Reabilita\u00e7\u00e3o de Registro de Pessoa Jur\u00eddica"},"content":{"rendered":"<p>Para <strong>Reabilitar o registro de Pessoa Jur\u00eddica<\/strong> \u00e9 necess\u00e1ria anexar os documentos relacionados abaixo no sistema E-crea, N\u00c3O sendo necess\u00e1rio a apresenta\u00e7\u00e3o f\u00edsica dos documentos:<\/p>\n<ul>\n<li>Contrato social e \u00faltimas altera\u00e7\u00f5es contratuais ou \u00faltima altera\u00e7\u00e3o contratual consolidada;<\/li>\n<li>ART (Anota\u00e7\u00e3o de Responsabilidade T\u00e9cnica) do CREA-MT, de desempenho de cargo e fun\u00e7\u00e3o t\u00e9cnica, do respons\u00e1vel t\u00e9cnico devidamente assinada pelo profissional e contratante;\u00a0<a href=\"https:\/\/www.crea-mt.org.br\/portal\/wp-content\/uploads\/2022\/02\/COMO-PREENCHER-ART-DE-CARGO-OU-FUNCAO.pdf\">(clique aqui para ver o manual)<\/a><\/li>\n<li>CNPJ e o QSA (quadro de s\u00f3cios e administradores)<\/li>\n<li>Prova de V\u00ednculo Empregat\u00edcio do(s) respons\u00e1vel (is) t\u00e9cnico(s) com a pessoa jur\u00eddica atrav\u00e9s do documento h\u00e1bil:<\/li>\n<\/ul>\n<p>*Carteira de Trabalho de Previd\u00eancia Social (CTPS) ou livro ou ficha de registro de empregado.<\/p>\n<p><strong>OU<\/strong><\/p>\n<p>*Contrato de presta\u00e7\u00e3o de servi\u00e7o que dever\u00e1 constar:<\/p>\n<p>Prazo Indeterminado;<\/p>\n<p>Sal\u00e1rio (de acordo com as informa\u00e7\u00f5es acima)<\/p>\n<p><strong>OU<\/strong><\/p>\n<p>*Contrato social ou ata de assembleia ou ato administrativo de nomea\u00e7\u00e3o ou designa\u00e7\u00e3o que constem a\u00a0indica\u00e7\u00e3o do cargo ou fun\u00e7\u00e3o t\u00e9cnica, o in\u00edcio e a descri\u00e7\u00e3o das atividades a serem desenvolvidas pelo\u00a0profissional.<\/p>\n<p>Dever\u00e1 constar na prova de vinculo:<\/p>\n<p>&nbsp;<\/p>\n<p><strong><em>Sal\u00e1rio<\/em><\/strong><\/p>\n<p>Para a carga hor\u00e1ria de 06 horas\/dia \u2013 06 sal\u00e1rios m\u00ednimos e para 08 horas\/dia \u2013 8,5 sal\u00e1rios m\u00ednimos, conforme preceituado na Lei 4.950-A\/66 <a href=\"https:\/\/www.crea-mt.org.br\/portal\/wp-content\/uploads\/2023\/09\/L4950-A.pdf\">Clique Aqui<\/a><\/p>\n<p>Comprovante de Resid\u00eancia do Profissional ou Declara\u00e7\u00e3o de Endere\u00e7o.<\/p>\n<p>&nbsp;<\/p>\n<p><strong>PARA FACILITAR O SEU PEDIDO:<\/strong><\/p>\n<p>Os preenchimentos dos campos da ART devem constar as mesmas informa\u00e7\u00f5es descritas na Prova de Vinculo.<\/p>\n<p>A pessoa jur\u00eddica cuja denomina\u00e7\u00e3o conste as palavras engenharia ou agronomia somente poder\u00e1 se registrar no Crea caso a maioria do n\u00famero de diretores ou administradores seja de profissionais registrados nos Creas, conforme artigo 7\u00ba da Resolu\u00e7\u00e3o 1.121\/2019.<\/p>\n<p>&nbsp;<\/p>\n<p>Valor da Anuidade\u00a0<a href=\"https:\/\/www.crea-mt.org.br\/portal\/tabela-de-servicos\/\">Clique Aqui<\/a><\/p>\n<p>OBS.: ap\u00f3s 31 de janeiro a anuidade de pessoa jur\u00eddica corresponder\u00e1 a tantos duod\u00e9cimos forem os meses at\u00e9 o final do exerc\u00edcio.<\/p>\n<p>&nbsp;<\/p>\n<p>Ap\u00f3s solicita\u00e7\u00e3o on-line, enviar via correio ou levar at\u00e9 a sede e\/ou inspetorias do CREA-MT os documentos em c\u00f3pias autenticadas em cart\u00f3rio ou original para a devida confer\u00eancia.<\/p>\n<p>&nbsp;<\/p>\n<p>&nbsp;<\/p>\n<p><strong>D\u00favidas: (65) 3315-3000<\/strong><\/p>\n","protected":false},"excerpt":{"rendered":"<p>Para Reabilitar o registro de Pessoa Jur\u00eddica \u00e9 necess\u00e1ria anexar os documentos relacionados abaixo no sistema E-crea, N\u00c3O sendo necess\u00e1rio a apresenta\u00e7\u00e3o f\u00edsica dos documentos: Contrato social e \u00faltimas altera\u00e7\u00f5es contratuais ou \u00faltima altera\u00e7\u00e3o contratual consolidada; ART (Anota\u00e7\u00e3o de Responsabilidade T\u00e9cnica) do CREA-MT, de desempenho de cargo e fun\u00e7\u00e3o t\u00e9cnica, do respons\u00e1vel t\u00e9cnico devidamente assinada [&hellip;]<\/p>\n","protected":false},"author":1,"featured_media":0,"parent":0,"menu_order":0,"comment_status":"closed","ping_status":"closed","template":"","meta":{"footnotes":""},"class_list":["post-37436","page","type-page","status-publish","hentry"],"acf":[],"_links":{"self":[{"href":"https:\/\/www.crea-mt.org.br\/portal\/wp-json\/wp\/v2\/pages\/37436","targetHints":{"allow":["GET"]}}],"collection":[{"href":"https:\/\/www.crea-mt.org.br\/portal\/wp-json\/wp\/v2\/pages"}],"about":[{"href":"https:\/\/www.crea-mt.org.br\/portal\/wp-json\/wp\/v2\/types\/page"}],"author":[{"embeddable":true,"href":"https:\/\/www.crea-mt.org.br\/portal\/wp-json\/wp\/v2\/users\/1"}],"replies":[{"embeddable":true,"href":"https:\/\/www.crea-mt.org.br\/portal\/wp-json\/wp\/v2\/comments?post=37436"}],"version-history":[{"count":9,"href":"https:\/\/www.crea-mt.org.br\/portal\/wp-json\/wp\/v2\/pages\/37436\/revisions"}],"predecessor-version":[{"id":58259,"href":"https:\/\/www.crea-mt.org.br\/portal\/wp-json\/wp\/v2\/pages\/37436\/revisions\/58259"}],"wp:attachment":[{"href":"https:\/\/www.crea-mt.org.br\/portal\/wp-json\/wp\/v2\/media?parent=37436"}],"curies":[{"name":"wp","href":"https:\/\/api.w.org\/{rel}","templated":true}]}}