{"id":29212,"date":"2021-02-15T14:16:38","date_gmt":"2021-02-15T18:16:38","guid":{"rendered":"https:\/\/www.crea-mt.org.br\/portal\/?page_id=29212"},"modified":"2022-08-30T16:13:43","modified_gmt":"2022-08-30T20:13:43","slug":"interrupcao-de-registro-de-pessoa-juridica","status":"publish","type":"page","link":"https:\/\/www.crea-mt.org.br\/portal\/interrupcao-de-registro-de-pessoa-juridica\/","title":{"rendered":"Interrup\u00e7\u00e3o de Registro de Pessoa Jur\u00eddica"},"content":{"rendered":"<p><strong>Interrup\u00e7\u00e3o de Registro de Pessoa Jur\u00eddica<\/strong><\/p>\n<p>A interrup\u00e7\u00e3o do registro \u00e9 facultada a pessoa jur\u00eddica registrada, que temporariamente n\u00e3o pretende exercer atividades t\u00e9cnicas no estado de Mato Grosso.<\/p>\n<p>Para interrup\u00e7\u00e3o do Registro de Pessoa Jur\u00eddica dever\u00e1:<\/p>\n<p>* Apresentar requerimento devidamente assinado por Representante legal da Pessoa Jur\u00eddica;\u00a0 <strong><a href=\"https:\/\/www.crea-mt.org.br\/portal\/wp-content\/uploads\/2022\/08\/Requerimento-de-Interrupcao-de-Registro-Pessoa-juridica-OFF-1.pdf\">clique aqui<\/a><\/strong><\/p>\n<p class=\"dou-paragraph\">I &#8211; a baixa das Anota\u00e7\u00f5es de Responsabilidade T\u00e9cnica &#8211; ARTs referentes a obras ou servi\u00e7os executados ou em execu\u00e7\u00e3o registradas nos Creas onde a pessoa jur\u00eddica requereu ou visou seu registro; e<\/p>\n<p class=\"dou-paragraph\">II &#8211; a baixa dos vistos da pessoa jur\u00eddica nos Creas das demais circunscri\u00e7\u00f5es.<\/p>\n<p class=\"dou-paragraph\">III &#8211; a baixa das Anota\u00e7\u00f5es de Responsabilidade T\u00e9cnica &#8211; ARTs de cargo ou fun\u00e7\u00e3o dos respons\u00e1veis t\u00e9cnicos e dos integrantes do quadro t\u00e9cnico da pessoa jur\u00eddica.<\/p>\n<p class=\"dou-paragraph\">Art. 26. A interrup\u00e7\u00e3o de registro, a pedido, ser\u00e1 concedida \u00e0 pessoa jur\u00eddica <strong>mesmo nos casos em que houver pend\u00eancia financeira da requerente junto aos Creas<\/strong>.<\/p>\n<p class=\"dou-paragraph\">Par\u00e1grafo \u00fanico. Em caso de deferimento da interrup\u00e7\u00e3o de registro, os d\u00e9bitos da pessoa jur\u00eddica ser\u00e3o mantidos, sendo pass\u00edveis de medidas administrativas de cobran\u00e7a pelos Creas ou cobran\u00e7a judicial, conforme o caso. (<strong>base legal Arts. 24\u00ba, 25\u00ba, 26\u00ba. 27\u00ba e 28\u00ba da Resolu\u00e7\u00e3o 1.121\/2019 do CONFEA<\/strong>) <strong><a href=\"https:\/\/www.crea-mt.org.br\/portal\/wp-content\/uploads\/2022\/08\/RESOLUCAO-1121-19.pdf\">clique aqui<\/a><\/strong><\/p>\n<p><strong>Baixa do Respons\u00e1vel T\u00e9cnico<\/strong><br \/>\nAo solicitar a interrup\u00e7\u00e3o, o sistema efetuar\u00e1 automaticamente a baixa na ART de Cargo e Fun\u00e7\u00e3o.<\/p>\n<p><strong>Para solicitar o servi\u00e7o<\/strong>,\u00a0<a href=\"https:\/\/ecrea.crea-mt.org.br\/PessoaJuridicaExterno\/Registro\">clique\u00a0aqui<\/a><\/p>\n<p>D\u00favidas: (65) 3315-3000 \u2013 Digite 1 Atendimento ao P\u00fablico<\/p>\n<!-- WP Attachments -->\r\n        <div style=\"width:100%;margin:10px 0 10px 0;\">\r\n            <h3>Attachments<\/h3>\r\n        <ul class=\"post-attachments\"><li class=\"post-attachment mime-application-pdf\"><a href=\"https:\/\/www.crea-mt.org.br\/portal\/wp-content\/uploads\/2022\/08\/Requerimento-de-Interrupcao-de-Registro-Pessoa-juridica-OFF.pdf\">Requerimento de Interrup\u00e7\u00e3o de Registro Pessoa juridica OFF<\/a> <small>(819 kB)<\/small><\/li><li class=\"post-attachment mime-application-pdf\"><a href=\"https:\/\/www.crea-mt.org.br\/portal\/wp-content\/uploads\/2022\/08\/Requerimento-de-Interrupcao-de-Registro-Pessoa-juridica-OFF-1.pdf\">Requerimento de Interrup\u00e7\u00e3o de Registro Pessoa juridica OFF<\/a> <small>(819 kB)<\/small><\/li><li class=\"post-attachment mime-application-pdf\"><a href=\"https:\/\/www.crea-mt.org.br\/portal\/wp-content\/uploads\/2021\/10\/Formulario-Interrupcao-de-registro-P.-Juridica.pdf\">Formulario-Interrupcao-de-registro-P.-Juridica<\/a> <small>(211 kB)<\/small><\/li><li class=\"post-attachment mime-application-pdf\"><a href=\"https:\/\/www.crea-mt.org.br\/portal\/wp-content\/uploads\/2022\/08\/RESOLUCAO-1121-19.pdf\">RESOLUCAO 1121 19<\/a> <small>(13 kB)<\/small><\/li><\/ul><\/div>","protected":false},"excerpt":{"rendered":"<p>Interrup\u00e7\u00e3o de Registro de Pessoa Jur\u00eddica A interrup\u00e7\u00e3o do registro \u00e9 facultada a pessoa jur\u00eddica registrada, que temporariamente n\u00e3o pretende exercer atividades t\u00e9cnicas no estado de Mato Grosso. Para interrup\u00e7\u00e3o do Registro de Pessoa Jur\u00eddica dever\u00e1: * Apresentar requerimento devidamente assinado por Representante legal da Pessoa Jur\u00eddica;\u00a0 clique aqui I &#8211; a baixa das Anota\u00e7\u00f5es [&hellip;]<\/p>\n","protected":false},"author":1,"featured_media":0,"parent":0,"menu_order":0,"comment_status":"closed","ping_status":"closed","template":"","meta":{"footnotes":""},"class_list":["post-29212","page","type-page","status-publish","hentry"],"acf":[],"_links":{"self":[{"href":"https:\/\/www.crea-mt.org.br\/portal\/wp-json\/wp\/v2\/pages\/29212","targetHints":{"allow":["GET"]}}],"collection":[{"href":"https:\/\/www.crea-mt.org.br\/portal\/wp-json\/wp\/v2\/pages"}],"about":[{"href":"https:\/\/www.crea-mt.org.br\/portal\/wp-json\/wp\/v2\/types\/page"}],"author":[{"embeddable":true,"href":"https:\/\/www.crea-mt.org.br\/portal\/wp-json\/wp\/v2\/users\/1"}],"replies":[{"embeddable":true,"href":"https:\/\/www.crea-mt.org.br\/portal\/wp-json\/wp\/v2\/comments?post=29212"}],"version-history":[{"count":11,"href":"https:\/\/www.crea-mt.org.br\/portal\/wp-json\/wp\/v2\/pages\/29212\/revisions"}],"predecessor-version":[{"id":40835,"href":"https:\/\/www.crea-mt.org.br\/portal\/wp-json\/wp\/v2\/pages\/29212\/revisions\/40835"}],"wp:attachment":[{"href":"https:\/\/www.crea-mt.org.br\/portal\/wp-json\/wp\/v2\/media?parent=29212"}],"curies":[{"name":"wp","href":"https:\/\/api.w.org\/{rel}","templated":true}]}}