{"id":27235,"date":"2020-04-28T16:55:15","date_gmt":"2020-04-28T20:55:15","guid":{"rendered":"https:\/\/www.crea-mt.org.br\/portal\/?page_id=27235"},"modified":"2020-04-28T16:55:15","modified_gmt":"2020-04-28T20:55:15","slug":"eleicoes-2020-confea-crea-mutua","status":"publish","type":"page","link":"https:\/\/www.crea-mt.org.br\/portal\/eleicoes-2020-confea-crea-mutua\/","title":{"rendered":"ELEI\u00c7\u00d5ES 2020 \u2013 CONFEA\/CREA\/M\u00daTUA"},"content":{"rendered":"<p><img loading=\"lazy\" decoding=\"async\" class=\"alignleft  wp-image-27009\" src=\"https:\/\/www.crea-mt.org.br\/portal\/wp-content\/uploads\/2020\/03\/elei\u00e7\u00f5es-360x360.jpg\" alt=\"\" width=\"320\" height=\"320\" srcset=\"https:\/\/www.crea-mt.org.br\/portal\/wp-content\/uploads\/2020\/03\/elei\u00e7\u00f5es-360x360.jpg 360w, https:\/\/www.crea-mt.org.br\/portal\/wp-content\/uploads\/2020\/03\/elei\u00e7\u00f5es-300x300.jpg 300w, https:\/\/www.crea-mt.org.br\/portal\/wp-content\/uploads\/2020\/03\/elei\u00e7\u00f5es-768x768.jpg 768w, https:\/\/www.crea-mt.org.br\/portal\/wp-content\/uploads\/2020\/03\/elei\u00e7\u00f5es.jpg 800w\" sizes=\"auto, (max-width: 320px) 100vw, 320px\" \/><strong>ESCOLHA DO LOCAL DE VOTA\u00c7\u00c3O PELO PROFISSIONAL <\/strong><\/p>\n<p>O local de vota\u00e7\u00e3o \u00e9 uma escolha do profissional, que poder\u00e1 optar at\u00e9 o dia <strong>04 de maio de 2020<\/strong>.<\/p>\n<p>N\u00e3o escolhendo por um local, o profissional realizar\u00e1 seu voto na zona eleitoral de sua \u00faltima atualiza\u00e7\u00e3o cadastral junto ao Crea-MT, <strong>n\u00e3o existindo a possibilidade de voto em tr\u00e2nsito<\/strong>.<\/p>\n<p>Para escolher o local de vota\u00e7\u00e3o, acesse: <a href=\"https:\/\/ecrea.crea-mt.org.br\">ecrea.crea-mt.org.br<\/a> .<\/p>\n<p>Clique em &#8220;ELEI\u00c7\u00d5ES 2020&#8221;, em seguida em &#8220;Escolher local de vota\u00e7\u00e3o&#8221;, confirme o local desejado.<\/p>\n<p>Seu voto \u00e9 a garantia de uma classe mais representativa.<\/p>\n","protected":false},"excerpt":{"rendered":"<p>ESCOLHA DO LOCAL DE VOTA\u00c7\u00c3O PELO PROFISSIONAL O local de vota\u00e7\u00e3o \u00e9 uma escolha do profissional, que poder\u00e1 optar at\u00e9 o dia 04 de maio de 2020. N\u00e3o escolhendo por um local, o profissional realizar\u00e1 seu voto na zona eleitoral de sua \u00faltima atualiza\u00e7\u00e3o cadastral junto ao Crea-MT, n\u00e3o existindo a possibilidade de voto em [&hellip;]<\/p>\n","protected":false},"author":1,"featured_media":26929,"parent":0,"menu_order":0,"comment_status":"closed","ping_status":"closed","template":"","meta":{"footnotes":""},"class_list":["post-27235","page","type-page","status-publish","has-post-thumbnail","hentry"],"acf":[],"_links":{"self":[{"href":"https:\/\/www.crea-mt.org.br\/portal\/wp-json\/wp\/v2\/pages\/27235","targetHints":{"allow":["GET"]}}],"collection":[{"href":"https:\/\/www.crea-mt.org.br\/portal\/wp-json\/wp\/v2\/pages"}],"about":[{"href":"https:\/\/www.crea-mt.org.br\/portal\/wp-json\/wp\/v2\/types\/page"}],"author":[{"embeddable":true,"href":"https:\/\/www.crea-mt.org.br\/portal\/wp-json\/wp\/v2\/users\/1"}],"replies":[{"embeddable":true,"href":"https:\/\/www.crea-mt.org.br\/portal\/wp-json\/wp\/v2\/comments?post=27235"}],"version-history":[{"count":5,"href":"https:\/\/www.crea-mt.org.br\/portal\/wp-json\/wp\/v2\/pages\/27235\/revisions"}],"predecessor-version":[{"id":27240,"href":"https:\/\/www.crea-mt.org.br\/portal\/wp-json\/wp\/v2\/pages\/27235\/revisions\/27240"}],"wp:featuredmedia":[{"embeddable":true,"href":"https:\/\/www.crea-mt.org.br\/portal\/wp-json\/wp\/v2\/media\/26929"}],"wp:attachment":[{"href":"https:\/\/www.crea-mt.org.br\/portal\/wp-json\/wp\/v2\/media?parent=27235"}],"curies":[{"name":"wp","href":"https:\/\/api.w.org\/{rel}","templated":true}]}}