{"id":26788,"date":"2020-03-06T09:59:41","date_gmt":"2020-03-06T13:59:41","guid":{"rendered":"https:\/\/www.crea-mt.org.br\/portal\/?page_id=26788"},"modified":"2020-03-06T09:59:41","modified_gmt":"2020-03-06T13:59:41","slug":"excepcionalidade","status":"publish","type":"page","link":"https:\/\/www.crea-mt.org.br\/portal\/excepcionalidade\/","title":{"rendered":"Excepcionalidade"},"content":{"rendered":"<p><strong>O que \u00e9 Excepcionalidade?<\/strong><\/p>\n<p>O profissional dever\u00e1 solicitar para assumir a responsabilidade t\u00e9cnica por duas empresas al\u00e9m da sua Firma Individual, que ser\u00e1 analisado pela respectiva C\u00e2mara Especializada, considerando os crit\u00e9rios de compatibilidade de carga hor\u00e1ria, atividades a desempenhar, dentre outros itens. Ap\u00f3s an\u00e1lise pela C\u00e2mara, o requerimento \u00e9 apresentado ao Plen\u00e1rio para delibera\u00e7\u00e3o.<\/p>\n<p><strong>\u00a0<\/strong><\/p>\n<p><strong>PARA FACILITAR O SEU PEDIDO:<\/strong><\/p>\n<p>Os profissionais dever\u00e3o obedecer a seguinte carga hor\u00e1ria:<\/p>\n<ul>\n<li>2h\/dia, para carga hor\u00e1ria de 10h\/12h semanais.<\/li>\n<li>4h\/dia, para carga hor\u00e1ria de 20h\/24h semanais.<\/li>\n<li>6h\/dia, para carga hor\u00e1ria de 30h\/36h semanais.<\/li>\n<li>8h\/dia, para carga hor\u00e1ria de 40h\/44h semanais.<\/li>\n<\/ul>\n<p>(Obs.: No preenchimento da ART, deve ser informado em \u201cInforma\u00e7\u00e3o Complementar\u201d o(s) dia(s) da semana e hor\u00e1rio(s) que ser\u00e1 cumprido a carga hor\u00e1ria.)<\/p>\n<p>&nbsp;<\/p>\n<p><strong>CARGA HOR\u00c1RIA M\u00cdNIMA: <\/strong><\/p>\n<ul>\n<li>10 hs semanais (exigida pela CEEC \u2013 C\u00e2mara Especializada de Engenharia Civil) poss\u00edvel fracionamento da remunera\u00e7\u00e3o de acordo com as horas trabalhadas.<\/li>\n<li>Carga hor\u00e1ria para assumir responsabilidade t\u00e9cnica por empresa que comercializa agrot\u00f3xicos: 40 h semanais.<\/li>\n<\/ul>\n<p>&nbsp;<\/p>\n<p><strong>\u00a0SAL\u00c1RIO <\/strong><\/p>\n<ul>\n<li>Para 06 horas\/dia \u2013 06 sal\u00e1rios m\u00ednimos e para 08 horas\/dia \u2013 8,5 sal\u00e1rios m\u00ednimos<\/li>\n<li>Para 2 horas\/dia &#8211; o m\u00ednimo deve ser de 2,5 (sal\u00e1rios m\u00ednimos).<\/li>\n<\/ul>\n<p>&nbsp;<\/p>\n<p>O profissional e as pessoas jur\u00eddicas n\u00e3o poder\u00e3o possuir d\u00e9bitos de anuidades, processos ou multas.<\/p>\n<p>Para solicitar o servi\u00e7o, <a href=\"https:\/\/ecrea.crea-mt.org.br\/\">clique aqui<\/a><\/p>\n<p>&nbsp;<\/p>\n<p><strong>D\u00favidas: (65) 3315-3000 \u2013 Digite\u00a01\u00a0Atendimento ao P\u00fablico<\/strong><\/p>\n","protected":false},"excerpt":{"rendered":"<p>O que \u00e9 Excepcionalidade? O profissional dever\u00e1 solicitar para assumir a responsabilidade t\u00e9cnica por duas empresas al\u00e9m da sua Firma Individual, que ser\u00e1 analisado pela respectiva C\u00e2mara Especializada, considerando os crit\u00e9rios de compatibilidade de carga hor\u00e1ria, atividades a desempenhar, dentre outros itens. Ap\u00f3s an\u00e1lise pela C\u00e2mara, o requerimento \u00e9 apresentado ao Plen\u00e1rio para delibera\u00e7\u00e3o. \u00a0 [&hellip;]<\/p>\n","protected":false},"author":1,"featured_media":0,"parent":0,"menu_order":0,"comment_status":"closed","ping_status":"closed","template":"","meta":{"footnotes":""},"class_list":["post-26788","page","type-page","status-publish","hentry"],"acf":[],"_links":{"self":[{"href":"https:\/\/www.crea-mt.org.br\/portal\/wp-json\/wp\/v2\/pages\/26788","targetHints":{"allow":["GET"]}}],"collection":[{"href":"https:\/\/www.crea-mt.org.br\/portal\/wp-json\/wp\/v2\/pages"}],"about":[{"href":"https:\/\/www.crea-mt.org.br\/portal\/wp-json\/wp\/v2\/types\/page"}],"author":[{"embeddable":true,"href":"https:\/\/www.crea-mt.org.br\/portal\/wp-json\/wp\/v2\/users\/1"}],"replies":[{"embeddable":true,"href":"https:\/\/www.crea-mt.org.br\/portal\/wp-json\/wp\/v2\/comments?post=26788"}],"version-history":[{"count":1,"href":"https:\/\/www.crea-mt.org.br\/portal\/wp-json\/wp\/v2\/pages\/26788\/revisions"}],"predecessor-version":[{"id":26789,"href":"https:\/\/www.crea-mt.org.br\/portal\/wp-json\/wp\/v2\/pages\/26788\/revisions\/26789"}],"wp:attachment":[{"href":"https:\/\/www.crea-mt.org.br\/portal\/wp-json\/wp\/v2\/media?parent=26788"}],"curies":[{"name":"wp","href":"https:\/\/api.w.org\/{rel}","templated":true}]}}