{"id":26303,"date":"2020-01-24T13:17:10","date_gmt":"2020-01-24T17:17:10","guid":{"rendered":"https:\/\/www.crea-mt.org.br\/portal\/?page_id=26303"},"modified":"2020-01-27T16:31:49","modified_gmt":"2020-01-27T20:31:49","slug":"tabela-tos-obras-e-servicos","status":"publish","type":"page","link":"https:\/\/www.crea-mt.org.br\/portal\/tabela-tos-obras-e-servicos\/","title":{"rendered":"Tabela TOS (Obras e Servi\u00e7os)"},"content":{"rendered":"<p>Com a publica\u00e7\u00e3o da TOS-Tabela de Obras e Servi\u00e7os \u2013 unificada, editada pelo Confea por meio das Decis\u00f5es Plen\u00e1rias 0430\/2018 e 1853\/2018, o Crea-MT desenvolveu novo sistema de registro da ART Nacional, que foi estabelecida pelo Confea por meio da Res. 1.025\/2009.<\/p>\n<p>Com a padroniza\u00e7\u00e3o dos tipos de obras e servi\u00e7os, a ado\u00e7\u00e3o TOS acima referida passa a ser obrigat\u00f3ria por todos os Creas.<\/p>\n<p>Diante disto, o Crea-MT desativou a sua tabela de tipos de obras para registro de ARTs para atender esta determina\u00e7\u00e3o.<\/p>\n<p>A tabela de tipo de obras do Crea-MT apresentava menos tipos de obras e sem o detalhamento que a atual TOS do Confea passou a apresentar.<\/p>\n<p><a href=\"https:\/\/www.crea-mt.org.br\/portal\/wp-content\/uploads\/2020\/01\/TOS-CREA-2020.xlsx\">Cliquei aqui para acessar a Tabela TOS.<\/a><\/p>\n<!-- WP Attachments -->\r\n        <div style=\"width:100%;margin:10px 0 10px 0;\">\r\n            <h3>Attachments<\/h3>\r\n        <ul class=\"post-attachments\"><li class=\"post-attachment mime-application-vnd-openxmlformats-officedocument-spreadsheetml-sheet\"><a href=\"https:\/\/www.crea-mt.org.br\/portal\/wp-content\/uploads\/2020\/01\/TOS-CREA-2020.xlsx\">TOS-CREA-2020<\/a> <small>(86 kB)<\/small><\/li><\/ul><\/div>","protected":false},"excerpt":{"rendered":"<p>Com a publica\u00e7\u00e3o da TOS-Tabela de Obras e Servi\u00e7os \u2013 unificada, editada pelo Confea por meio das Decis\u00f5es Plen\u00e1rias 0430\/2018 e 1853\/2018, o Crea-MT desenvolveu novo sistema de registro da ART Nacional, que foi estabelecida pelo Confea por meio da Res. 1.025\/2009. Com a padroniza\u00e7\u00e3o dos tipos de obras e servi\u00e7os, a ado\u00e7\u00e3o TOS acima [&hellip;]<\/p>\n","protected":false},"author":1,"featured_media":0,"parent":0,"menu_order":0,"comment_status":"closed","ping_status":"closed","template":"","meta":{"footnotes":""},"class_list":["post-26303","page","type-page","status-publish","hentry"],"acf":[],"_links":{"self":[{"href":"https:\/\/www.crea-mt.org.br\/portal\/wp-json\/wp\/v2\/pages\/26303","targetHints":{"allow":["GET"]}}],"collection":[{"href":"https:\/\/www.crea-mt.org.br\/portal\/wp-json\/wp\/v2\/pages"}],"about":[{"href":"https:\/\/www.crea-mt.org.br\/portal\/wp-json\/wp\/v2\/types\/page"}],"author":[{"embeddable":true,"href":"https:\/\/www.crea-mt.org.br\/portal\/wp-json\/wp\/v2\/users\/1"}],"replies":[{"embeddable":true,"href":"https:\/\/www.crea-mt.org.br\/portal\/wp-json\/wp\/v2\/comments?post=26303"}],"version-history":[{"count":3,"href":"https:\/\/www.crea-mt.org.br\/portal\/wp-json\/wp\/v2\/pages\/26303\/revisions"}],"predecessor-version":[{"id":26344,"href":"https:\/\/www.crea-mt.org.br\/portal\/wp-json\/wp\/v2\/pages\/26303\/revisions\/26344"}],"wp:attachment":[{"href":"https:\/\/www.crea-mt.org.br\/portal\/wp-json\/wp\/v2\/media?parent=26303"}],"curies":[{"name":"wp","href":"https:\/\/api.w.org\/{rel}","templated":true}]}}