{"id":26063,"date":"2020-01-12T19:20:04","date_gmt":"2020-01-12T23:20:04","guid":{"rendered":"https:\/\/www.crea-mt.org.br\/portal\/?page_id=26063"},"modified":"2025-08-26T14:44:09","modified_gmt":"2025-08-26T18:44:09","slug":"alteracao-contratual","status":"publish","type":"page","link":"https:\/\/www.crea-mt.org.br\/portal\/alteracao-contratual\/","title":{"rendered":"Altera\u00e7\u00e3o Contratual"},"content":{"rendered":"<p>Altera\u00e7\u00e3o Contratual<br \/>\nPara altera\u00e7\u00e3o de capital social, raz\u00e3o social, cota, endere\u00e7o, diretoria ou objetivo social dever\u00e1 apresentar:<br \/>\n\u2013 Altera\u00e7\u00e3o contratual registrada em \u00f3rg\u00e3o competente.<br \/>\n&#8211; Requerimento da Averba\u00e7\u00e3o da Altera\u00e7\u00e3o Contratual. <a href=\"https:\/\/www.crea-mt.org.br\/portal\/wp-content\/uploads\/2024\/10\/Formulario-averbacao-de-alteracao-de-dados-pessoa-juridica.pdf\">Clique Aqui<\/a><\/p>\n<div class=\"cssnota\">\n<p><strong>PRAZO: 12 dias uteis<\/strong><\/p>\n<\/div>\n<p><strong>Para solicitar o servi\u00e7o<\/strong>\u00a0<a href=\"https:\/\/ecrea.crea-mt.org.br\/\">Clique Aqui<\/a><\/p>\n<p><strong>Manual de Procedimento<\/strong>\u00a0<a href=\"https:\/\/www.crea-mt.org.br\/portal\/wp-content\/uploads\/2019\/12\/COMO-SOLICITAR-ALTERA%C3%87%C3%83O-CONTRATUAL.pdf\">Clique Aqui<\/a><\/p>\n<p>&nbsp;<\/p>\n<p><strong>D\u00favidas: (65) 3315-3000 \u2013 Digite\u00a01\u00a0Atendimento ao P\u00fablico<\/strong><\/p>\n<p><strong>Em caso de duvidas, clique em &#8220;atendimento online&#8221; ao lado, no canto inferior esquerdo da p\u00e1gina.<\/strong><\/p>\n","protected":false},"excerpt":{"rendered":"<p>Altera\u00e7\u00e3o Contratual Para altera\u00e7\u00e3o de capital social, raz\u00e3o social, cota, endere\u00e7o, diretoria ou objetivo social dever\u00e1 apresentar: \u2013 Altera\u00e7\u00e3o contratual registrada em \u00f3rg\u00e3o competente. &#8211; Requerimento da Averba\u00e7\u00e3o da Altera\u00e7\u00e3o Contratual. Clique Aqui PRAZO: 12 dias uteis Para solicitar o servi\u00e7o\u00a0Clique Aqui Manual de Procedimento\u00a0Clique Aqui &nbsp; D\u00favidas: (65) 3315-3000 \u2013 Digite\u00a01\u00a0Atendimento ao P\u00fablico Em [&hellip;]<\/p>\n","protected":false},"author":1,"featured_media":0,"parent":0,"menu_order":0,"comment_status":"closed","ping_status":"closed","template":"","meta":{"footnotes":""},"class_list":["post-26063","page","type-page","status-publish","hentry"],"acf":[],"_links":{"self":[{"href":"https:\/\/www.crea-mt.org.br\/portal\/wp-json\/wp\/v2\/pages\/26063","targetHints":{"allow":["GET"]}}],"collection":[{"href":"https:\/\/www.crea-mt.org.br\/portal\/wp-json\/wp\/v2\/pages"}],"about":[{"href":"https:\/\/www.crea-mt.org.br\/portal\/wp-json\/wp\/v2\/types\/page"}],"author":[{"embeddable":true,"href":"https:\/\/www.crea-mt.org.br\/portal\/wp-json\/wp\/v2\/users\/1"}],"replies":[{"embeddable":true,"href":"https:\/\/www.crea-mt.org.br\/portal\/wp-json\/wp\/v2\/comments?post=26063"}],"version-history":[{"count":16,"href":"https:\/\/www.crea-mt.org.br\/portal\/wp-json\/wp\/v2\/pages\/26063\/revisions"}],"predecessor-version":[{"id":63533,"href":"https:\/\/www.crea-mt.org.br\/portal\/wp-json\/wp\/v2\/pages\/26063\/revisions\/63533"}],"wp:attachment":[{"href":"https:\/\/www.crea-mt.org.br\/portal\/wp-json\/wp\/v2\/media?parent=26063"}],"curies":[{"name":"wp","href":"https:\/\/api.w.org\/{rel}","templated":true}]}}