{"id":26060,"date":"2020-01-12T19:18:03","date_gmt":"2020-01-12T23:18:03","guid":{"rendered":"https:\/\/www.crea-mt.org.br\/portal\/?page_id=26060"},"modified":"2023-08-03T08:18:45","modified_gmt":"2023-08-03T12:18:45","slug":"baixa-de-responsavel-tecnico","status":"publish","type":"page","link":"https:\/\/www.crea-mt.org.br\/portal\/baixa-de-responsavel-tecnico\/","title":{"rendered":"Baixa de Respons\u00e1vel T\u00e9cnico"},"content":{"rendered":"<p>Para exclus\u00e3o de respons\u00e1vel t\u00e9cnico pela pessoa jur\u00eddica dever\u00e1 ser solicitada\u00a0a exclus\u00e3o on-line.<\/p>\n<ul>\n<li>Anexar ART de Cargo e Fun\u00e7\u00e3o assinada pelo profissional e empresa.<\/li>\n<li>Solicita\u00e7\u00e3o de Exclus\u00e3o com anu\u00eancia do profissional e da empresa (<a href=\"https:\/\/www.crea-mt.org.br\/portal\/wp-content\/uploads\/2023\/07\/Requerimento-Para-Baixa-de-Responsavel-Tecnico-de-Pessoa-Juridica.pdf\">Clique Aqui<\/a>)<\/li>\n<\/ul>\n<p>&nbsp;<\/p>\n<p><strong>Para solicitar o servi\u00e7o<\/strong>\u00a0<a href=\"https:\/\/ecrea.crea-mt.org.br\/\">Clique Aqui<\/a><\/p>\n<p><strong>Manual do Procedimento<\/strong>\u00a0<a href=\"https:\/\/www.crea-mt.org.br\/portal\/wp-content\/uploads\/2019\/12\/COMO-SOLICITAR-EXCLUS%C3%83O-DE-RESPONS%C3%81VEL-T%C3%89CNICO.pdf\">Clique Aqui<\/a><\/p>\n<p>&nbsp;<\/p>\n<p><strong>D\u00favidas: (65) 3315-3000 \u2013 Digite\u00a01\u00a0Atendimento ao P\u00fablico<\/strong><\/p>\n<!-- WP Attachments -->\r\n        <div style=\"width:100%;margin:10px 0 10px 0;\">\r\n            <h3>Attachments<\/h3>\r\n        <ul class=\"post-attachments\"><li class=\"post-attachment mime-application-pdf\"><a href=\"https:\/\/www.crea-mt.org.br\/portal\/wp-content\/uploads\/2022\/08\/Requerimento-Para-Baixa-de-Responsavel-Tecnico-de-Pessoa-Juridica-1.pdf\">Requerimento Para Baixa de Resp\u00f3ns\u00e1vel Tecnico de Pessoa Juridica<\/a> <small>(75 kB)<\/small><\/li><\/ul><\/div>","protected":false},"excerpt":{"rendered":"<p>Para exclus\u00e3o de respons\u00e1vel t\u00e9cnico pela pessoa jur\u00eddica dever\u00e1 ser solicitada\u00a0a exclus\u00e3o on-line. Anexar ART de Cargo e Fun\u00e7\u00e3o assinada pelo profissional e empresa. Solicita\u00e7\u00e3o de Exclus\u00e3o com anu\u00eancia do profissional e da empresa (Clique Aqui) &nbsp; Para solicitar o servi\u00e7o\u00a0Clique Aqui Manual do Procedimento\u00a0Clique Aqui &nbsp; D\u00favidas: (65) 3315-3000 \u2013 Digite\u00a01\u00a0Atendimento ao P\u00fablico Attachments [&hellip;]<\/p>\n","protected":false},"author":1,"featured_media":0,"parent":0,"menu_order":0,"comment_status":"closed","ping_status":"closed","template":"","meta":{"footnotes":""},"class_list":["post-26060","page","type-page","status-publish","hentry"],"acf":[],"_links":{"self":[{"href":"https:\/\/www.crea-mt.org.br\/portal\/wp-json\/wp\/v2\/pages\/26060","targetHints":{"allow":["GET"]}}],"collection":[{"href":"https:\/\/www.crea-mt.org.br\/portal\/wp-json\/wp\/v2\/pages"}],"about":[{"href":"https:\/\/www.crea-mt.org.br\/portal\/wp-json\/wp\/v2\/types\/page"}],"author":[{"embeddable":true,"href":"https:\/\/www.crea-mt.org.br\/portal\/wp-json\/wp\/v2\/users\/1"}],"replies":[{"embeddable":true,"href":"https:\/\/www.crea-mt.org.br\/portal\/wp-json\/wp\/v2\/comments?post=26060"}],"version-history":[{"count":9,"href":"https:\/\/www.crea-mt.org.br\/portal\/wp-json\/wp\/v2\/pages\/26060\/revisions"}],"predecessor-version":[{"id":48450,"href":"https:\/\/www.crea-mt.org.br\/portal\/wp-json\/wp\/v2\/pages\/26060\/revisions\/48450"}],"wp:attachment":[{"href":"https:\/\/www.crea-mt.org.br\/portal\/wp-json\/wp\/v2\/media?parent=26060"}],"curies":[{"name":"wp","href":"https:\/\/api.w.org\/{rel}","templated":true}]}}