{"id":26056,"date":"2020-01-12T19:15:19","date_gmt":"2020-01-12T23:15:19","guid":{"rendered":"https:\/\/www.crea-mt.org.br\/portal\/?page_id=26056"},"modified":"2025-10-16T14:39:22","modified_gmt":"2025-10-16T18:39:22","slug":"cancelamento-de-registro-de-pessoa-juridica","status":"publish","type":"page","link":"https:\/\/www.crea-mt.org.br\/portal\/cancelamento-de-registro-de-pessoa-juridica\/","title":{"rendered":"Cancelamento de Registro de Pessoa Jur\u00eddica"},"content":{"rendered":"<p style=\"text-align: left;\">Para cancelamento do Registro de Pessoa Jur\u00eddica dever\u00e1:<\/p>\n<p style=\"text-align: left;\">\u2013 Apresentar requerimento devidamente assinado por Representante legal da Pessoa Jur\u00eddica; <a href=\"https:\/\/www.crea-mt.org.br\/portal\/wp-content\/uploads\/2022\/10\/Requerimento-para-cancelamento-de-registro-P.-juridica-1.pdf\">clique\u00a0aqui<\/a><\/p>\n<p style=\"text-align: left;\">\u2013 A baixa das Anota\u00e7\u00f5es de Responsabilidade T\u00e9cnica &#8211; ARTs referentes a obras ou servi\u00e7os executados ou em execu\u00e7\u00e3o registradas nos Creas onde a pessoa jur\u00eddica requereu ou visou seu registro;<\/p>\n<p style=\"text-align: left;\">\u2013 A baixa dos vistos da pessoa jur\u00eddica nos Creas de outras circunscri\u00e7\u00f5es; e<\/p>\n<p style=\"text-align: left;\">\u2013 A baixa das Anota\u00e7\u00f5es de Responsabilidade T\u00e9cnica &#8211; ARTs de cargo ou fun\u00e7\u00e3o dos respons\u00e1veis t\u00e9cnicos e dos integrantes do quadro t\u00e9cnico da pessoa jur\u00eddica.\u00a0(<strong>base legal Arts. 29\u00ba, 30\u00ba, 31\u00ba. 32\u00ba e 33\u00ba\u00a0 da Resolu\u00e7\u00e3o 1.121\/2019 do CONFEA<\/strong>) <strong><a href=\"https:\/\/www.crea-mt.org.br\/portal\/wp-content\/uploads\/2022\/08\/RESOLUCAO-1121-19.pdf\">clique aqui<\/a><\/strong><\/p>\n<p><strong>Baixa do Respons\u00e1vel T\u00e9cnico<\/strong><br \/>\nAo solicitar o Cancelamento, o sistema efetuar\u00e1 automaticamente a baixa na ART de Cargo e Fun\u00e7\u00e3o.<\/p>\n<p><strong>ATEN\u00c7\u00c3O:<\/strong><br \/>\nEm caso de deferimento do cancelamento de registro, os d\u00e9bitos da pessoa jur\u00eddica ser\u00e3o mantidos, sendo pass\u00edveis de medidas administrativas de cobran\u00e7a pelos Creas ou cobran\u00e7a judicial, conforme o caso; (Art. 31\u00ba\u00a7\u00fanico da Resolu\u00e7\u00e3o 1121\/2019).<br \/>\nO cancelamento de registro que trata o caput ser\u00e1 efetivado somente ap\u00f3s o Crea notificar a pessoa jur\u00eddica para que se manifeste com rela\u00e7\u00e3o ao assunto, assegurando-lhe o contradit\u00f3rio e a ampla defesa. (Art. 32\u00ba\u00a7\u00fanico da Resolu\u00e7\u00e3o1121\/2019)<br \/>\n\u00c9 facultado \u00e0 pessoa jur\u00eddica que tiver o seu registro cancelado requerer novo registro desde que esteja em dia com suas obriga\u00e7\u00f5es perante o Sistema Confea\/Crea. (Art. 33\u00ba da Resolu\u00e7\u00e3o 1121\/2019).<\/p>\n<p><strong>Para solicitar o servi\u00e7o<\/strong>, <a href=\"http:\/\/ecrea.crea-mt.org.br\">clique\u00a0aqui<\/a><\/p>\n<p><strong>Manual de Procedimento<\/strong>\u00a0<a href=\"https:\/\/www.crea-mt.org.br\/portal\/wp-content\/uploads\/2019\/12\/COMO-SOLICITAR-O-CANCELAMENTO-DE-REGISTRO-DE-PESSOA-JUR%C3%8DDICA.pdf\">Clique Aqui<\/a><\/p>\n<p><strong>D\u00favidas: (65) 3315-3000 \u2013 Digite\u00a01\u00a0Atendimento ao P\u00fablico<\/strong><\/p>\n<!-- WP Attachments -->\r\n        <div style=\"width:100%;margin:10px 0 10px 0;\">\r\n            <h3>Attachments<\/h3>\r\n        <ul class=\"post-attachments\"><li class=\"post-attachment mime-application-pdf\"><a href=\"https:\/\/www.crea-mt.org.br\/portal\/wp-content\/uploads\/2022\/08\/Requerimento-para-cancelamento-de-registro-pessoa-juridica-1.pdf\">Requerimento para cancelamento de registro pessoa juridica<\/a> <small>(418 kB)<\/small><\/li><li class=\"post-attachment mime-application-pdf\"><a href=\"https:\/\/www.crea-mt.org.br\/portal\/wp-content\/uploads\/2022\/10\/Requerimento-para-cancelamento-de-registro-P.-juridica.pdf\">Requerimento para cancelamento de registro P. juridica<\/a> <small>(525 kB)<\/small><\/li><li class=\"post-attachment mime-application-pdf\"><a href=\"https:\/\/www.crea-mt.org.br\/portal\/wp-content\/uploads\/2022\/08\/Requerimento-para-cancelamento-de-registro-pessoa-juridica-OFF.pdf\">Requerimento para cancelamento de registro pessoa juridica OFF<\/a> <small>(419 kB)<\/small><\/li><\/ul><\/div>","protected":false},"excerpt":{"rendered":"<p>Para cancelamento do Registro de Pessoa Jur\u00eddica dever\u00e1: \u2013 Apresentar requerimento devidamente assinado por Representante legal da Pessoa Jur\u00eddica; clique\u00a0aqui \u2013 A baixa das Anota\u00e7\u00f5es de Responsabilidade T\u00e9cnica &#8211; ARTs referentes a obras ou servi\u00e7os executados ou em execu\u00e7\u00e3o registradas nos Creas onde a pessoa jur\u00eddica requereu ou visou seu registro; \u2013 A baixa dos [&hellip;]<\/p>\n","protected":false},"author":1,"featured_media":0,"parent":0,"menu_order":0,"comment_status":"closed","ping_status":"closed","template":"","meta":{"footnotes":""},"class_list":["post-26056","page","type-page","status-publish","hentry"],"acf":[],"_links":{"self":[{"href":"https:\/\/www.crea-mt.org.br\/portal\/wp-json\/wp\/v2\/pages\/26056","targetHints":{"allow":["GET"]}}],"collection":[{"href":"https:\/\/www.crea-mt.org.br\/portal\/wp-json\/wp\/v2\/pages"}],"about":[{"href":"https:\/\/www.crea-mt.org.br\/portal\/wp-json\/wp\/v2\/types\/page"}],"author":[{"embeddable":true,"href":"https:\/\/www.crea-mt.org.br\/portal\/wp-json\/wp\/v2\/users\/1"}],"replies":[{"embeddable":true,"href":"https:\/\/www.crea-mt.org.br\/portal\/wp-json\/wp\/v2\/comments?post=26056"}],"version-history":[{"count":20,"href":"https:\/\/www.crea-mt.org.br\/portal\/wp-json\/wp\/v2\/pages\/26056\/revisions"}],"predecessor-version":[{"id":65194,"href":"https:\/\/www.crea-mt.org.br\/portal\/wp-json\/wp\/v2\/pages\/26056\/revisions\/65194"}],"wp:attachment":[{"href":"https:\/\/www.crea-mt.org.br\/portal\/wp-json\/wp\/v2\/media?parent=26056"}],"curies":[{"name":"wp","href":"https:\/\/api.w.org\/{rel}","templated":true}]}}