{"id":26054,"date":"2020-01-12T19:13:16","date_gmt":"2020-01-12T23:13:16","guid":{"rendered":"https:\/\/www.crea-mt.org.br\/portal\/?page_id=26054"},"modified":"2025-04-11T11:27:52","modified_gmt":"2025-04-11T15:27:52","slug":"registro-de-consorcio-de-pessoa-juridica","status":"publish","type":"page","link":"https:\/\/www.crea-mt.org.br\/portal\/registro-de-consorcio-de-pessoa-juridica\/","title":{"rendered":"Registro de Cons\u00f3rcio de Pessoa Jur\u00eddica"},"content":{"rendered":"<p>Para obter o registro de Cons\u00f3rcio de Pessoa Jur\u00eddica \u00e9 necess\u00e1ria anexar os documentos relacionados abaixo no sistema E-crea, N\u00c3O sendo necess\u00e1rio a apresenta\u00e7\u00e3o f\u00edsica dos documentos:<\/p>\n<p>&nbsp;<\/p>\n<ul>\n<li>Instrumento de constitui\u00e7\u00e3o do Consorcio e suas eventuais altera\u00e7\u00f5es posteriores, devidamente registrados no \u00f3rg\u00e3o competente;<\/li>\n<li>ART (Anota\u00e7\u00e3o de Responsabilidade T\u00e9cnica) do CREA-MT, de desempenho de cargo e fun\u00e7\u00e3o t\u00e9cnica, do respons\u00e1vel t\u00e9cnico devidamente assinada pelo profissional e contratante;<\/li>\n<li>Comprovante de Resid\u00eancia do Profissional ou declara\u00e7\u00e3o de endere\u00e7o em MT. (<a href=\"https:\/\/www.crea-mt.org.br\/portal\/wp-content\/uploads\/2024\/06\/Formulario-de-Declaracao-de-Endereco.pdf\">clique aqui<\/a>)<\/li>\n<li>Certid\u00e3o de registro das empresas consorciadas junto ao CREA.<\/li>\n<li>Quando o profissional n\u00e3o for respons\u00e1vel t\u00e9cnico por uma das empresas consorciadas dever\u00e1 apresentar Prova de v\u00ednculo empregat\u00edcio do (s) respons\u00e1vel (s) t\u00e9cnico (s) com o Cons\u00f3rcio, atrav\u00e9s de um dos seguintes documentos:<\/li>\n<li>Prova de vinculo empregat\u00edcio do(s) respons\u00e1vel (s) t\u00e9cnico(s) com a pessoa jur\u00eddica atrav\u00e9s do documento h\u00e1bil que pode ser:<\/li>\n<\/ul>\n<p>*Carteira de Trabalho de Previd\u00eancia Social (CTPS) ou livro ou ficha de registro de empregado.<\/p>\n<p><strong>OU<\/strong><\/p>\n<p>*Contrato de presta\u00e7\u00e3o de servi\u00e7o que dever\u00e1 constar:<\/p>\n<p>Prazo Indeterminado;<\/p>\n<p><strong>OU<\/strong><\/p>\n<p>*Contrato social ou ata de assembleia ou ato administrativo de nomea\u00e7\u00e3o ou designa\u00e7\u00e3o que constem a\u00a0indica\u00e7\u00e3o do cargo ou fun\u00e7\u00e3o t\u00e9cnica, o in\u00edcio e a descri\u00e7\u00e3o das atividades a serem desenvolvidas pelo\u00a0profissional.<\/p>\n<p>Dever\u00e1 constar na prova de vinculo:<\/p>\n<p>&nbsp;<\/p>\n<p><strong><em>Sal\u00e1rio <\/em><\/strong><\/p>\n<p>Para a carga hor\u00e1ria de 06 horas\/dia \u2013 06 sal\u00e1rios m\u00ednimos e para 08 horas\/dia \u2013 8,5 sal\u00e1rios m\u00ednimos, conforme preceituado na Lei 4.950-A\/66 <a href=\"https:\/\/www.crea-mt.org.br\/portal\/wp-content\/uploads\/2023\/09\/L4950-A.pdf\">Clique Aqui<\/a><\/p>\n<p>Comprovante de Resid\u00eancia do Profissional ou Declara\u00e7\u00e3o de Endere\u00e7o.<\/p>\n<p>&nbsp;<\/p>\n<p><strong>Caso a matriz da empresa seja em outro Estado apresentar:<\/strong><\/p>\n<p>\u2013 Certid\u00e3o expedida pelo CREA de origem com data atualizada.<\/p>\n<p>&nbsp;<\/p>\n<p><strong>PARA FACILITAR O SEU PEDIDO:<\/strong><\/p>\n<p>\u2013 As empresas consorciadas devem possuir registro no CREA-MT e estar sem d\u00e9bitos.<\/p>\n<p>\u2013 O registro s\u00f3 ser\u00e1 concedido ao Consorcio cuja denomina\u00e7\u00e3o for condizente com suas finalidades e quando ou seus respons\u00e1veis t\u00e9cnicos tiverem atribui\u00e7\u00f5es coerentes com o objetivo social.<\/p>\n<p>\u2013 O registro ser\u00e1 concedido com restri\u00e7\u00f5es das atividades n\u00e3o cobertas pelas atribui\u00e7\u00f5es dos profissionais, at\u00e9 que se altere o objetivo ou contrate outros profissionais com atribui\u00e7\u00f5es capazes de suprir aquele objetivo.<\/p>\n<p>\u2013 Os preenchimentos dos campos da ART devem constar as mesmas informa\u00e7\u00f5es descritas na Prova de V\u00ednculo.<\/p>\n<p>&nbsp;<\/p>\n<p><strong>VALORES PARA PAGAMENTO<\/strong><\/p>\n<p>&nbsp;<\/p>\n<table>\n<tbody>\n<tr>\n<td colspan=\"2\" width=\"566\"><strong><em>I\u00a0\u00a0\u00a0\u00a0\u00a0\u00a0\u00a0\u00a0\u00a0\u00a0\u00a0\u00a0\u00a0\u00a0\u00a0\u00a0\u00a0\u00a0\u00a0\u00a0\u00a0\u00a0\u00a0\u00a0 \u00a0\u00a0\u00a0\u00a0\u00a0\u00a0\u00a0\u00a0\u00a0\u00a0\u00a0\u00a0\u00a0\u00a0\u00a0\u00a0\u00a0\u00a0\u00a0\u00a0\u00a0\u00a0\u00a0\u00a0\u00a0PESSOA JUR\u00cdDICA<\/em><\/strong><\/td>\n<\/tr>\n<tr>\n<td width=\"482\">A\u00a0\u00a0\u00a0\u00a0\u00a0\u00a0\u00a0\u00a0\u00a0 Registro principal (matriz) ou registro secund\u00e1rio (filial, sucursal, etc.)<\/td>\n<td width=\"85\">Ver tabela no site<\/td>\n<\/tr>\n<\/tbody>\n<\/table>\n<p>&nbsp;<\/p>\n<p><strong>Para solicitar o servi\u00e7o<\/strong>\u00a0<a href=\"https:\/\/ecrea.crea-mt.org.br\/\">Clique Aqui<\/a><\/p>\n<p>AP\u00d3S SOLICITA\u00c7\u00c3O DO REGISTRO ON-LINE, ENVIAR VIA CORREIO OU LEVAR AT\u00c9 A SEDE E\/OU INSPETORIAS DO CREA OS DOCUMENTOS EM C\u00d3PIAS AUTENTICADAS EM CART\u00d3RIO OU ORIGINAL PARA A DEVIDA CONFER\u00caNCIA.<\/p>\n<p>&nbsp;<\/p>\n<p><strong>Manual de Procedimento<\/strong>\u00a0<a href=\"https:\/\/www.crea-mt.org.br\/portal\/wp-content\/uploads\/2024\/07\/COMO-SOLICITAR-REGISTRO-DE-PESSOA-JURIDICA.pdf\">Clique Aqui<\/a><\/p>\n<p><strong>\u00a0<\/strong><\/p>\n<p><strong>D\u00favidas: (65) 3315-3000 \u2013 Digite\u00a01\u00a0Atendimento ao P\u00fablico<\/strong><\/p>\n","protected":false},"excerpt":{"rendered":"<p>Para obter o registro de Cons\u00f3rcio de Pessoa Jur\u00eddica \u00e9 necess\u00e1ria anexar os documentos relacionados abaixo no sistema E-crea, N\u00c3O sendo necess\u00e1rio a apresenta\u00e7\u00e3o f\u00edsica dos documentos: &nbsp; Instrumento de constitui\u00e7\u00e3o do Consorcio e suas eventuais altera\u00e7\u00f5es posteriores, devidamente registrados no \u00f3rg\u00e3o competente; ART (Anota\u00e7\u00e3o de Responsabilidade T\u00e9cnica) do CREA-MT, de desempenho de cargo e [&hellip;]<\/p>\n","protected":false},"author":1,"featured_media":0,"parent":0,"menu_order":0,"comment_status":"closed","ping_status":"closed","template":"","meta":{"footnotes":""},"class_list":["post-26054","page","type-page","status-publish","hentry"],"acf":[],"_links":{"self":[{"href":"https:\/\/www.crea-mt.org.br\/portal\/wp-json\/wp\/v2\/pages\/26054","targetHints":{"allow":["GET"]}}],"collection":[{"href":"https:\/\/www.crea-mt.org.br\/portal\/wp-json\/wp\/v2\/pages"}],"about":[{"href":"https:\/\/www.crea-mt.org.br\/portal\/wp-json\/wp\/v2\/types\/page"}],"author":[{"embeddable":true,"href":"https:\/\/www.crea-mt.org.br\/portal\/wp-json\/wp\/v2\/users\/1"}],"replies":[{"embeddable":true,"href":"https:\/\/www.crea-mt.org.br\/portal\/wp-json\/wp\/v2\/comments?post=26054"}],"version-history":[{"count":17,"href":"https:\/\/www.crea-mt.org.br\/portal\/wp-json\/wp\/v2\/pages\/26054\/revisions"}],"predecessor-version":[{"id":58262,"href":"https:\/\/www.crea-mt.org.br\/portal\/wp-json\/wp\/v2\/pages\/26054\/revisions\/58262"}],"wp:attachment":[{"href":"https:\/\/www.crea-mt.org.br\/portal\/wp-json\/wp\/v2\/media?parent=26054"}],"curies":[{"name":"wp","href":"https:\/\/api.w.org\/{rel}","templated":true}]}}