{"id":26052,"date":"2020-01-12T19:10:38","date_gmt":"2020-01-12T23:10:38","guid":{"rendered":"https:\/\/www.crea-mt.org.br\/portal\/?page_id=26052"},"modified":"2025-04-11T11:24:33","modified_gmt":"2025-04-11T15:24:33","slug":"inclusao-de-responsavel-tecnico","status":"publish","type":"page","link":"https:\/\/www.crea-mt.org.br\/portal\/inclusao-de-responsavel-tecnico\/","title":{"rendered":"Inclus\u00e3o de Respons\u00e1vel T\u00e9cnico"},"content":{"rendered":"<p>Para inclus\u00e3o de um novo Respons\u00e1vel T\u00e9cnico, \u00e9 necess\u00e1ria anexar os documentos relacionados abaixo no sistema E-crea, N\u00c3O sendo necess\u00e1rio a apresenta\u00e7\u00e3o f\u00edsica dos documentos:<\/p>\n<ul>\n<li>ART (Anota\u00e7\u00e3o de Responsabilidade T\u00e9cnica) do CREA-MT, de desempenho de cargo e fun\u00e7\u00e3o t\u00e9cnica, do respons\u00e1vel t\u00e9cnico, devidamente assinada pelo profissional e contratante; <strong><span style=\"color: #ff0000;\">OBS: O Endere\u00e7o na ART de Cargo e Fun\u00e7\u00e3o T\u00e9cnica dever\u00e1 ser do Estado de Mato Grosso.<\/span><\/strong><\/li>\n<li>\u00a0Prova de V\u00ednculo Empregat\u00edcio do(s) respons\u00e1vel (is) t\u00e9cnico(s) com a pessoa jur\u00eddica atrav\u00e9s do documento h\u00e1bil:<\/li>\n<\/ul>\n<p>*Carteira de Trabalho de Previd\u00eancia Social (CTPS) ou livro ou ficha de registro de empregado.<\/p>\n<p><strong>OU<\/strong><\/p>\n<p>*Contrato de presta\u00e7\u00e3o de servi\u00e7o que dever\u00e1 constar:<\/p>\n<p>Prazo Indeterminado;<\/p>\n<p>Carga Horaria (de acordo com as informa\u00e7\u00f5es acima);<\/p>\n<p>Sal\u00e1rio (de acordo com as informa\u00e7\u00f5es acima)<\/p>\n<p><strong>OU<\/strong><\/p>\n<p>*Contrato social ou ata de assembleia ou ato administrativo de nomea\u00e7\u00e3o ou designa\u00e7\u00e3o que constem a\u00a0indica\u00e7\u00e3o do cargo ou fun\u00e7\u00e3o t\u00e9cnica, o in\u00edcio e a descri\u00e7\u00e3o das atividades a serem desenvolvidas pelo\u00a0profissional.<\/p>\n<p>Dever\u00e1 constar na prova de vinculo:<\/p>\n<p>&nbsp;<\/p>\n<p><strong><em>Sal\u00e1rio <\/em><\/strong><\/p>\n<p>&nbsp;<\/p>\n<p>Para a carga hor\u00e1ria de 06 horas\/dia \u2013 06 sal\u00e1rios m\u00ednimos e para 08 horas\/dia \u2013 8,5 sal\u00e1rios m\u00ednimos, conforme preceituado na Lei 4.950-A\/66 <a href=\"https:\/\/www.crea-mt.org.br\/portal\/wp-content\/uploads\/2023\/09\/L4950-A.pdf\">Clique Aqui<\/a><\/p>\n<p>Comprovante de Resid\u00eancia do Profissional ou Declara\u00e7\u00e3o de Endere\u00e7o.<\/p>\n<p><strong>VALORES PARA PAGAMENTO<\/strong><\/p>\n<p>&nbsp;<\/p>\n<table>\n<tbody>\n<tr>\n<td colspan=\"2\" width=\"708\"><strong><em>PESSOA JUR\u00cdDICA<\/em><\/strong><\/td>\n<\/tr>\n<tr>\n<td width=\"602\">Emiss\u00e3o de certid\u00e3o de quaisquer outros documentos e anota\u00e7\u00f5es<\/td>\n<td width=\"106\">Ver tabela no site<\/td>\n<\/tr>\n<\/tbody>\n<\/table>\n<p>&nbsp;<\/p>\n<p><strong>PARA FACILITAR O SEU PEDIDO:<\/strong><\/p>\n<p>Os preenchimentos dos campos da ART devem constar as mesmas informa\u00e7\u00f5es descritas na Prova de V\u00ednculo.<\/p>\n<p>&nbsp;<\/p>\n<p><strong>Para solicitar o servi\u00e7o<\/strong>\u00a0<a href=\"https:\/\/ecrea.crea-mt.org.br\/\">Clique Aqui<\/a><\/p>\n<p>AP\u00d3S SOLICITA\u00c7\u00c3O DO REGISTRO ON-LINE, ENVIAR VIA CORREIO OU LEVAR AT\u00c9 A SEDE E\/OU INSPETORIAS DO CREA OS DOCUMENTOS EM C\u00d3PIAS AUTENTICADAS EM CART\u00d3RIO OU ORIGINAL PARA A DEVIDA CONFER\u00caNCIA.<\/p>\n<p>&nbsp;<\/p>\n<p><strong>Manual de Procedimento<\/strong>\u00a0<a href=\"https:\/\/www.crea-mt.org.br\/portal\/wp-content\/uploads\/2019\/12\/COMO-SOLICITAR-A-INCLUS%C3%83O-DE-RESPONS%C3%81VEL-T%C3%89CNCO.pdf\">Clique Aqui<\/a><\/p>\n<p><strong>\u00a0<\/strong><\/p>\n<p><strong>D\u00favidas: (65) 3315-3000 \u2013 Digite\u00a01\u00a0Atendimento ao P\u00fablico<\/strong><\/p>\n","protected":false},"excerpt":{"rendered":"<p>Para inclus\u00e3o de um novo Respons\u00e1vel T\u00e9cnico, \u00e9 necess\u00e1ria anexar os documentos relacionados abaixo no sistema E-crea, N\u00c3O sendo necess\u00e1rio a apresenta\u00e7\u00e3o f\u00edsica dos documentos: ART (Anota\u00e7\u00e3o de Responsabilidade T\u00e9cnica) do CREA-MT, de desempenho de cargo e fun\u00e7\u00e3o t\u00e9cnica, do respons\u00e1vel t\u00e9cnico, devidamente assinada pelo profissional e contratante; OBS: O Endere\u00e7o na ART de Cargo [&hellip;]<\/p>\n","protected":false},"author":1,"featured_media":0,"parent":0,"menu_order":0,"comment_status":"closed","ping_status":"closed","template":"","meta":{"footnotes":""},"class_list":["post-26052","page","type-page","status-publish","hentry"],"acf":[],"_links":{"self":[{"href":"https:\/\/www.crea-mt.org.br\/portal\/wp-json\/wp\/v2\/pages\/26052","targetHints":{"allow":["GET"]}}],"collection":[{"href":"https:\/\/www.crea-mt.org.br\/portal\/wp-json\/wp\/v2\/pages"}],"about":[{"href":"https:\/\/www.crea-mt.org.br\/portal\/wp-json\/wp\/v2\/types\/page"}],"author":[{"embeddable":true,"href":"https:\/\/www.crea-mt.org.br\/portal\/wp-json\/wp\/v2\/users\/1"}],"replies":[{"embeddable":true,"href":"https:\/\/www.crea-mt.org.br\/portal\/wp-json\/wp\/v2\/comments?post=26052"}],"version-history":[{"count":12,"href":"https:\/\/www.crea-mt.org.br\/portal\/wp-json\/wp\/v2\/pages\/26052\/revisions"}],"predecessor-version":[{"id":58261,"href":"https:\/\/www.crea-mt.org.br\/portal\/wp-json\/wp\/v2\/pages\/26052\/revisions\/58261"}],"wp:attachment":[{"href":"https:\/\/www.crea-mt.org.br\/portal\/wp-json\/wp\/v2\/media?parent=26052"}],"curies":[{"name":"wp","href":"https:\/\/api.w.org\/{rel}","templated":true}]}}