{"id":26047,"date":"2020-01-12T19:05:59","date_gmt":"2020-01-12T23:05:59","guid":{"rendered":"https:\/\/www.crea-mt.org.br\/portal\/?page_id=26047"},"modified":"2025-04-11T11:23:01","modified_gmt":"2025-04-11T15:23:01","slug":"visto-para-execucao-de-obras-ou-servicos","status":"publish","type":"page","link":"https:\/\/www.crea-mt.org.br\/portal\/visto-para-execucao-de-obras-ou-servicos\/","title":{"rendered":"Visto para Execu\u00e7\u00e3o de Obras ou Servi\u00e7os"},"content":{"rendered":"<p>Para concess\u00e3o de visto em registro de pessoa jur\u00eddica origin\u00e1rio de outro Regional, para execu\u00e7\u00e3o de obras ou servi\u00e7os, \u00e9 necess\u00e1ria anexar os documentos relacionados abaixo no sistema E-crea, N\u00c3O sendo necess\u00e1rio a apresenta\u00e7\u00e3o f\u00edsica dos documentos:<\/p>\n<ul>\n<li>Certid\u00e3o de Registro da EMPRESA expedida pelo CREA de origem, devidamente atualizada conforme o Contrato Social ou \u00faltima altera\u00e7\u00e3o contratual da empresa;<\/li>\n<li>Requerimento para visto de pessoa jur\u00eddica para execu\u00e7\u00e3o de obra\/servi\u00e7o com prazo de dura\u00e7\u00e3o de at\u00e9 180 dias, <a href=\"https:\/\/www.crea-mt.org.br\/portal\/wp-content\/uploads\/2023\/03\/Formulario-Visto-Execucao-de-Obra-ate-180-Dias.pdf\">Clique Aqui<\/a><\/li>\n<li>Declara\u00e7\u00e3o de resid\u00eancia do profissional no Estado do MT, declarando o local que o profissional ir\u00e1 residir durante a execu\u00e7\u00e3o da obra e\/ou servi\u00e7o assinado pelo Profissional;\u00a0<a href=\"https:\/\/www.crea-mt.org.br\/portal\/wp-content\/uploads\/2022\/10\/Formulario-de-Declaracao-de-Endereco-1.pdf\">Clique Aqui<\/a><\/li>\n<li>Declara\u00e7\u00e3o da empresa contendo o endere\u00e7o da obra\/servi\u00e7o, prazo da obra\/servi\u00e7o e o tipo de atividade que ir\u00e1 desenvolver no Estado do MT, assinada pela Empresa<\/li>\n<li>C\u00f3pia do Contrato de Presta\u00e7\u00e3o do Servi\u00e7o\/Obra ou Ordem de Execu\u00e7\u00e3o, ou Autoriza\u00e7\u00e3o de Obra\/Presta\u00e7\u00e3o de Servi\u00e7os, com seus anexos e aditivos se houver.<\/li>\n<li>\u00a0ART (Anota\u00e7\u00e3o de Responsabilidade T\u00e9cnica) do CREA-MT, de desempenho de cargo e fun\u00e7\u00e3o t\u00e9cnica, do respons\u00e1vel t\u00e9cnico devidamente assinada pelo profissional e contratante. (Base legal: Art. 41 da resolu\u00e7\u00e3o 1.137\/2023). <strong>OBS: O Endere\u00e7o na ART de Cargo e Fun\u00e7\u00e3o T\u00e9cnica dever\u00e1 ser do Estado de Mato Grosso.<\/strong><\/li>\n<li>Prova de v\u00ednculo empregat\u00edcio do Respons\u00e1vel T\u00e9cnico.<\/li>\n<\/ul>\n<p><strong><span style=\"color: #ff0000;\">INFORMA\u00c7\u00c3O IMPORTANTE:<\/span><\/strong><\/p>\n<p><span style=\"color: #000000;\"><strong>A empresa que solicitar os servi\u00e7os do CREA\/MT com a denomina\u00e7\u00e3o a ENGENHARIA OU AGRONOMIA, dever\u00e1 estar conformidade com o disposto no art. 5\u00ba da Lei 5.194\/1966 (<a href=\"https:\/\/www.crea-mt.org.br\/portal\/wp-content\/uploads\/2023\/12\/ARTIGO-5.pdf\">clique\u00a0aqui<\/a>) e art. 7\u00ba da Resolu\u00e7\u00e3o 1.121\/2019 do Confea (<a href=\"https:\/\/www.crea-mt.org.br\/portal\/wp-content\/uploads\/2023\/12\/ARTIGO-7.pdf\">clique\u00a0aqui<\/a>). Portanto s\u00f3 poder\u00e1 ser emitido o registro se a dire\u00e7\u00e3o\/administra\u00e7\u00e3o da empresa for composta, na sua maioria num\u00e9rica, de profissionais habilitados no Sistema Confea\/Crea.<\/strong><\/span><\/p>\n<p><strong>Para facilitar o seu pedido:<\/strong><\/p>\n<p>O profissional apresentado para ser respons\u00e1vel t\u00e9cnico da pessoa jur\u00eddica no CREA-MT deve estar primeiramente registrado ou possuir visto no CREA-MT;<\/p>\n<p>A validade do visto para execu\u00e7\u00e3o de obras ou servi\u00e7os \u00e9 de 180 dias e \u00e9 improrrog\u00e1vel.<\/p>\n<p><strong>Somente ser\u00e1 concedido novo visto em dois casos:<\/strong><\/p>\n<p>\u2013 Como complemento do prazo de 180 dias, caso a validade da certid\u00e3o de registro expedida pelo CREA de origem impe\u00e7a a concess\u00e3o integral da validade do visto;<\/p>\n<p>\u2013 Decorrido prazo m\u00ednimo de 180 dias ap\u00f3s a validade do \u00faltimo visto para execu\u00e7\u00e3o de obras e servi\u00e7os.<\/p>\n<p>&nbsp;<\/p>\n<p><strong>Valores para pagamento:<\/strong><\/p>\n<p>&nbsp;<\/p>\n<table>\n<tbody>\n<tr>\n<td colspan=\"2\" width=\"566\"><strong><em>PESSOA JUR\u00cdDICA<\/em><\/strong><\/td>\n<\/tr>\n<tr>\n<td width=\"482\">Visto de registro<\/td>\n<td width=\"85\">Ver tabela no site<\/td>\n<\/tr>\n<\/tbody>\n<\/table>\n<p>&nbsp;<\/p>\n<p><strong>Para solicitar o servi\u00e7o<\/strong>, <a href=\"https:\/\/ecrea.crea-mt.org.br\/PessoaJuridicaExterno\/Registro\">clique\u00a0aqui<\/a><\/p>\n<p>AP\u00d3S SOLICITA\u00c7\u00c3O DO REGISTRO ON-LINE,\u00a0ENVIAR VIA CORREIO OU LEVAR AT\u00c9 A SEDE E\/OU INSPETORIAS DO CREA OS DOCUMENTOS EM C\u00d3PIAS AUTENTICADAS EM CART\u00d3RIO OU ORIGINAL PARA A DEVIDA CONFER\u00caNCIA.<\/p>\n<p>&nbsp;<\/p>\n<p><strong>Manual de Procedimento<\/strong>\u00a0<a href=\"https:\/\/www.crea-mt.org.br\/portal\/wp-content\/uploads\/2019\/12\/COMO-SOLICITAR-VISTO-PARA-EXECU%C3%87%C3%83O-DE-OBRAS-OU-SERVI%C3%87OS.pdf\">Clique Aqui<\/a><\/p>\n<p>&nbsp;<\/p>\n<p><strong>D\u00favidas: (65) 3315-3000 \u2013 Digite\u00a01\u00a0Atendimento ao P\u00fablico<\/strong><\/p>\n<!-- WP Attachments -->\r\n        <div style=\"width:100%;margin:10px 0 10px 0;\">\r\n            <h3>Attachments<\/h3>\r\n        <ul class=\"post-attachments\"><li class=\"post-attachment mime-application-pdf\"><a href=\"https:\/\/www.crea-mt.org.br\/portal\/wp-content\/uploads\/2023\/03\/Formulario-Visto-Execucao-de-Obra-ate-180-Dias.pdf\">Formul\u00e1rio Visto Execu\u00e7\u00e3o de Obra at\u00e9 180 Dias<\/a> <small>(270 kB)<\/small><\/li><li class=\"post-attachment mime-application-pdf\"><a href=\"https:\/\/www.crea-mt.org.br\/portal\/wp-content\/uploads\/2022\/08\/Formulario-Visto-Execucao-de-Obra-ate-180-Dias-1.pdf\">Formul\u00e1rio Visto Execu\u00e7\u00e3o de Obra at\u00e9 180 Dias<\/a> <small>(224 kB)<\/small><\/li><li class=\"post-attachment mime-application-pdf\"><a href=\"https:\/\/www.crea-mt.org.br\/portal\/wp-content\/uploads\/2021\/10\/Formulario-de-Declaracao-de-Endereco.pdf\">Formulario de Declara\u00e7\u00e3o de Endere\u00e7o<\/a> <small>(301 kB)<\/small><\/li><\/ul><\/div>","protected":false},"excerpt":{"rendered":"<p>Para concess\u00e3o de visto em registro de pessoa jur\u00eddica origin\u00e1rio de outro Regional, para execu\u00e7\u00e3o de obras ou servi\u00e7os, \u00e9 necess\u00e1ria anexar os documentos relacionados abaixo no sistema E-crea, N\u00c3O sendo necess\u00e1rio a apresenta\u00e7\u00e3o f\u00edsica dos documentos: Certid\u00e3o de Registro da EMPRESA expedida pelo CREA de origem, devidamente atualizada conforme o Contrato Social ou \u00faltima [&hellip;]<\/p>\n","protected":false},"author":1,"featured_media":0,"parent":0,"menu_order":0,"comment_status":"closed","ping_status":"closed","template":"","meta":{"footnotes":""},"class_list":["post-26047","page","type-page","status-publish","hentry"],"acf":[],"_links":{"self":[{"href":"https:\/\/www.crea-mt.org.br\/portal\/wp-json\/wp\/v2\/pages\/26047","targetHints":{"allow":["GET"]}}],"collection":[{"href":"https:\/\/www.crea-mt.org.br\/portal\/wp-json\/wp\/v2\/pages"}],"about":[{"href":"https:\/\/www.crea-mt.org.br\/portal\/wp-json\/wp\/v2\/types\/page"}],"author":[{"embeddable":true,"href":"https:\/\/www.crea-mt.org.br\/portal\/wp-json\/wp\/v2\/users\/1"}],"replies":[{"embeddable":true,"href":"https:\/\/www.crea-mt.org.br\/portal\/wp-json\/wp\/v2\/comments?post=26047"}],"version-history":[{"count":21,"href":"https:\/\/www.crea-mt.org.br\/portal\/wp-json\/wp\/v2\/pages\/26047\/revisions"}],"predecessor-version":[{"id":58260,"href":"https:\/\/www.crea-mt.org.br\/portal\/wp-json\/wp\/v2\/pages\/26047\/revisions\/58260"}],"wp:attachment":[{"href":"https:\/\/www.crea-mt.org.br\/portal\/wp-json\/wp\/v2\/media?parent=26047"}],"curies":[{"name":"wp","href":"https:\/\/api.w.org\/{rel}","templated":true}]}}