{"id":26040,"date":"2020-01-12T18:59:28","date_gmt":"2020-01-12T22:59:28","guid":{"rendered":"https:\/\/www.crea-mt.org.br\/portal\/?page_id=26040"},"modified":"2025-04-11T10:23:10","modified_gmt":"2025-04-11T14:23:10","slug":"registro-de-pessoa-juridica","status":"publish","type":"page","link":"https:\/\/www.crea-mt.org.br\/portal\/registro-de-pessoa-juridica\/","title":{"rendered":"Registro de Pessoa Jur\u00eddica"},"content":{"rendered":"<p>Para obter o<strong>\u00a0Registro de Pessoa Jur\u00eddica<\/strong> \u00e9 necess\u00e1rio anexar os documentos relacionados abaixo no sistema E-crea, N\u00c3O sendo necess\u00e1rio a apresenta\u00e7\u00e3o f\u00edsica dos documentos:<\/p>\n<ul>\n<li>Contrato social e \u00faltimas altera\u00e7\u00f5es contratuais ou \u00faltima altera\u00e7\u00e3o contratual consolidada;<\/li>\n<li>ART (Anota\u00e7\u00e3o de Responsabilidade T\u00e9cnica) do CREA-MT, de desempenho de cargo e fun\u00e7\u00e3o t\u00e9cnica, do respons\u00e1vel t\u00e9cnico devidamente assinada pelo profissional e contratante;\u00a0<a href=\"https:\/\/www.crea-mt.org.br\/portal\/wp-content\/uploads\/2022\/02\/COMO-PREENCHER-ART-DE-CARGO-OU-FUNCAO.pdf\">(clique aqui para ver o manual)<\/a>\u00a0<strong>OBS: O Endere\u00e7o na ART de Cargo e Fun\u00e7\u00e3o T\u00e9cnica dever\u00e1 ser do Estado de Mato Grosso.<\/strong><\/li>\n<li>CNPJ e o QSA (quadro de s\u00f3cios e administradores) <a href=\"https:\/\/solucoes.receita.fazenda.gov.br\/servicos\/cnpjreva\/cnpjreva_solicitacao.asp\">\u00a0Clique Aqui<\/a><\/li>\n<li>Prova de V\u00ednculo Empregat\u00edcio do(s) respons\u00e1vel (is) t\u00e9cnico(s) com a pessoa jur\u00eddica atrav\u00e9s do documento h\u00e1bil:<\/li>\n<\/ul>\n<div class=\"cssnota\">\n<div class=\"cssatencao\">\n<h5><strong><span style=\"color: #ff0000;\">\u00a0 \u00a0 \u00a0 OBS: \u00a0O registro deve ser requerido por representante legal da pessoa jur\u00eddica.<\/span><\/strong> (Art. 8\u00ba da Resolu\u00e7\u00e3o 1.121\/19 )\u00a0<a href=\"https:\/\/www.crea-mt.org.br\/portal\/wp-content\/uploads\/2023\/03\/RESOLUCAO-No-1.121-DE-13-DE-DEZEMBRO-DE-2019.pdf\">Clique Aqui<\/a><\/h5>\n<\/div>\n<\/div>\n<p>*Carteira de Trabalho de Previd\u00eancia Social (CTPS) ou livro ou ficha de registro de empregado.<\/p>\n<p><strong>OU<\/strong><\/p>\n<p>*Contrato de presta\u00e7\u00e3o de servi\u00e7o que dever\u00e1 constar:<\/p>\n<p>Prazo Indeterminado;<\/p>\n<p>Sal\u00e1rio (de acordo com as informa\u00e7\u00f5es acima)<\/p>\n<p><strong>OU<\/strong><\/p>\n<p>*Contrato social ou ata de assembleia ou ato administrativo de nomea\u00e7\u00e3o ou designa\u00e7\u00e3o que constem a\u00a0indica\u00e7\u00e3o do cargo ou fun\u00e7\u00e3o t\u00e9cnica, o in\u00edcio e a descri\u00e7\u00e3o das atividades a serem desenvolvidas pelo\u00a0profissional.<\/p>\n<p>Dever\u00e1 constar na prova de vinculo:<\/p>\n<p>&nbsp;<\/p>\n<p><strong><em>Sal\u00e1rio<\/em><\/strong><\/p>\n<p>Para a carga hor\u00e1ria de 06 horas\/dia \u2013 06 sal\u00e1rios m\u00ednimos e para 08 horas\/dia \u2013 8,5 sal\u00e1rios m\u00ednimos, conforme preceituado na Lei 4.950-A\/66 <a href=\"https:\/\/www.crea-mt.org.br\/portal\/wp-content\/uploads\/2023\/09\/L4950-A.pdf\">Clique Aqui<\/a><\/p>\n<p>Comprovante de Resid\u00eancia do Profissional ou Declara\u00e7\u00e3o de Endere\u00e7o.<\/p>\n<p><strong><span style=\"color: #ff0000;\">INFORMA\u00c7\u00c3O IMPORTANTE:<\/span><\/strong><\/p>\n<p><span style=\"color: #000000;\"><strong>A empresa que solicitar os servi\u00e7os do CREA\/MT com a denomina\u00e7\u00e3o a ENGENHARIA OU AGRONOMIA, dever\u00e1 estar conformidade com o disposto no art. 5\u00ba da Lei 5.194\/1966 (<a href=\"https:\/\/www.crea-mt.org.br\/portal\/wp-content\/uploads\/2023\/12\/ARTIGO-5.pdf\">clique\u00a0aqui<\/a>) e art. 7\u00ba da Resolu\u00e7\u00e3o 1.121\/2019 do Confea (<a href=\"https:\/\/www.crea-mt.org.br\/portal\/wp-content\/uploads\/2023\/12\/ARTIGO-7.pdf\">clique\u00a0aqui<\/a>). Portanto s\u00f3 poder\u00e1 ser emitido o registro se a dire\u00e7\u00e3o\/administra\u00e7\u00e3o da empresa for composta, na sua maioria num\u00e9rica, de profissionais habilitados no Sistema Confea\/Crea.<\/strong><\/span><\/p>\n<p><strong>PARA FACILITAR O SEU PEDIDO:<\/strong><\/p>\n<p>Os preenchimentos dos campos da ART devem constar as mesmas informa\u00e7\u00f5es descritas na Prova de Vinculo.<\/p>\n<p>A pessoa jur\u00eddica cuja denomina\u00e7\u00e3o conste as palavras engenharia ou agronomia somente poder\u00e1 se registrar no Crea caso a maioria do n\u00famero de diretores ou administradores seja de profissionais registrados nos Creas, conforme artigo 7\u00ba da Resolu\u00e7\u00e3o 1.121\/2019.<\/p>\n<p>&nbsp;<\/p>\n<p><strong>VALORES PARA PAGAMENTO<\/strong><\/p>\n<p>&nbsp;<\/p>\n<table>\n<tbody>\n<tr>\n<td colspan=\"2\" width=\"566\"><strong><em>PESSOA JUR\u00cdDICA<\/em><\/strong><\/td>\n<\/tr>\n<tr>\n<td width=\"482\">Registro principal (matriz) ou registro secund\u00e1rio (filial, sucursal, etc.)<\/td>\n<td width=\"85\">Ver tabela no site<\/td>\n<\/tr>\n<\/tbody>\n<\/table>\n<p>&nbsp;<\/p>\n<p>Valor da Anuidade: Ver tabela site<\/p>\n<p>OBS.: ap\u00f3s 31 de janeiro a anuidade de pessoa jur\u00eddica corresponder\u00e1 a tantos duod\u00e9cimos forem os meses at\u00e9 o final do exerc\u00edcio.<\/p>\n<p>&nbsp;<\/p>\n<p><strong>Para solicitar o servi\u00e7o<\/strong>,\u00a0<a href=\"https:\/\/ecrea.crea-mt.org.br\/PessoaJuridicaExterno\/Registro\">clique\u00a0aqui<\/a><\/p>\n<p><strong>Manual de Procedimento<\/strong>\u00a0<a href=\"https:\/\/www.crea-mt.org.br\/portal\/wp-content\/uploads\/2019\/12\/COMO-SOLICITAR-REGISTRO-DE-PESSOA-JUR%C3%8DDICA.pdf\">Clique Aqui<\/a><\/p>\n<p><strong>D\u00favidas: (65) 3315-3000<\/strong><\/p>\n<!-- WP Attachments -->\r\n        <div style=\"width:100%;margin:10px 0 10px 0;\">\r\n            <h3>Attachments<\/h3>\r\n        <ul class=\"post-attachments\"><li class=\"post-attachment mime-application-pdf\"><a href=\"https:\/\/www.crea-mt.org.br\/portal\/wp-content\/uploads\/2023\/03\/RESOLUCAO-1121-19.pdf\">RESOLUCAO 1121 19<\/a> <small>(13 kB)<\/small><\/li><li class=\"post-attachment mime-application-pdf\"><a href=\"https:\/\/www.crea-mt.org.br\/portal\/wp-content\/uploads\/2023\/03\/RESOLUCAO-No-1.121-DE-13-DE-DEZEMBRO-DE-2019.pdf\">RESOLU\u00c7\u00c3O N\u00ba 1.121, DE 13 DE DEZEMBRO DE 2019<\/a> <small>(136 kB)<\/small><\/li><li class=\"post-attachment mime-application-pdf\"><a href=\"https:\/\/www.crea-mt.org.br\/portal\/wp-content\/uploads\/2023\/09\/L4950-A.pdf\">L4950-A<\/a> <small>(117 kB)<\/small><\/li><li class=\"post-attachment mime-application-pdf\"><a href=\"https:\/\/www.crea-mt.org.br\/portal\/wp-content\/uploads\/2023\/12\/ARTIGO-5.pdf\">ARTIGO 5<\/a> <small>(387 kB)<\/small><\/li><li class=\"post-attachment mime-application-pdf\"><a href=\"https:\/\/www.crea-mt.org.br\/portal\/wp-content\/uploads\/2023\/12\/ARTIGO-7.pdf\">ARTIGO 7<\/a> <small>(405 kB)<\/small><\/li><li class=\"post-attachment mime-application-pdf\"><a href=\"https:\/\/www.crea-mt.org.br\/portal\/wp-content\/uploads\/2022\/09\/COMO-PREENCHER-ART-DE-OBRA-E-SERVICO.pdf\">COMO PREENCHER ART DE OBRA E SERVI\u00c7O<\/a> <small>(2 MB)<\/small><\/li><\/ul><\/div>","protected":false},"excerpt":{"rendered":"<p>Para obter o\u00a0Registro de Pessoa Jur\u00eddica \u00e9 necess\u00e1rio anexar os documentos relacionados abaixo no sistema E-crea, N\u00c3O sendo necess\u00e1rio a apresenta\u00e7\u00e3o f\u00edsica dos documentos: Contrato social e \u00faltimas altera\u00e7\u00f5es contratuais ou \u00faltima altera\u00e7\u00e3o contratual consolidada; ART (Anota\u00e7\u00e3o de Responsabilidade T\u00e9cnica) do CREA-MT, de desempenho de cargo e fun\u00e7\u00e3o t\u00e9cnica, do respons\u00e1vel t\u00e9cnico devidamente assinada pelo [&hellip;]<\/p>\n","protected":false},"author":1,"featured_media":0,"parent":0,"menu_order":0,"comment_status":"closed","ping_status":"closed","template":"","meta":{"footnotes":""},"class_list":["post-26040","page","type-page","status-publish","hentry"],"acf":[],"_links":{"self":[{"href":"https:\/\/www.crea-mt.org.br\/portal\/wp-json\/wp\/v2\/pages\/26040","targetHints":{"allow":["GET"]}}],"collection":[{"href":"https:\/\/www.crea-mt.org.br\/portal\/wp-json\/wp\/v2\/pages"}],"about":[{"href":"https:\/\/www.crea-mt.org.br\/portal\/wp-json\/wp\/v2\/types\/page"}],"author":[{"embeddable":true,"href":"https:\/\/www.crea-mt.org.br\/portal\/wp-json\/wp\/v2\/users\/1"}],"replies":[{"embeddable":true,"href":"https:\/\/www.crea-mt.org.br\/portal\/wp-json\/wp\/v2\/comments?post=26040"}],"version-history":[{"count":31,"href":"https:\/\/www.crea-mt.org.br\/portal\/wp-json\/wp\/v2\/pages\/26040\/revisions"}],"predecessor-version":[{"id":58178,"href":"https:\/\/www.crea-mt.org.br\/portal\/wp-json\/wp\/v2\/pages\/26040\/revisions\/58178"}],"wp:attachment":[{"href":"https:\/\/www.crea-mt.org.br\/portal\/wp-json\/wp\/v2\/media?parent=26040"}],"curies":[{"name":"wp","href":"https:\/\/api.w.org\/{rel}","templated":true}]}}