{"id":26037,"date":"2020-01-12T18:45:04","date_gmt":"2020-01-12T22:45:04","guid":{"rendered":"https:\/\/www.crea-mt.org.br\/portal\/?page_id=26037"},"modified":"2024-10-22T16:48:46","modified_gmt":"2024-10-22T20:48:46","slug":"documentos-pessoa-juridica","status":"publish","type":"page","link":"https:\/\/www.crea-mt.org.br\/portal\/documentos-pessoa-juridica\/","title":{"rendered":"Documentos Pessoa Jur\u00eddica"},"content":{"rendered":"<p><a href=\"https:\/\/www.crea-mt.org.br\/portal\/registro-de-pessoa-juridica\/\"><strong>Registro de Pessoa Jur\u00eddica<\/strong><\/a><\/p>\n<p><span style=\"color: #000000;\"><strong><a style=\"color: #000000;\" href=\"https:\/\/www.crea-mt.org.br\/portal\/reabilitacao-de-registro-de-pessoa-juridica\/\">Reativa\u00e7\u00e3o de Registro de Pessoa Jur\u00eddica<\/a><\/strong><\/span><\/p>\n<p><a href=\"https:\/\/www.crea-mt.org.br\/portal\/interrupcao-de-registro-de-pessoa-juridica\/\"><strong>Interrup\u00e7\u00e3o de Registro de Pessoa Jur\u00eddica<\/strong><\/a><\/p>\n<p><a href=\"https:\/\/www.crea-mt.org.br\/portal\/visto-para-execucao-de-obras-ou-servicos\/\"><strong>Visto para Execu\u00e7\u00e3o de Obras ou Servi\u00e7os<\/strong><\/a><\/p>\n<p><a href=\"https:\/\/www.crea-mt.org.br\/portal\/inclusao-de-responsavel-tecnico\/\"><strong>Inclus\u00e3o de Respons\u00e1vel T\u00e9cnico<\/strong><\/a><\/p>\n<p><a href=\"https:\/\/www.crea-mt.org.br\/portal\/registro-de-consorcio-de-pessoa-juridica\/\"><strong>Registro de Cons\u00f3rcio de Pessoa Jur\u00eddica<\/strong><\/a><\/p>\n<p><a href=\"https:\/\/www.crea-mt.org.br\/portal\/cancelamento-de-registro-de-pessoa-juridica\/\"><strong>Cancelamento de Registro de Pessoa Jur\u00eddica<\/strong><\/a><\/p>\n<p><a href=\"https:\/\/www.crea-mt.org.br\/portal\/baixa-de-responsavel-tecnico\/\"><strong>Baixa de Respons\u00e1vel T\u00e9cnico<\/strong><\/a><\/p>\n<p><a href=\"https:\/\/www.crea-mt.org.br\/portal\/alteracao-contratual\/\"><strong>Altera\u00e7\u00e3o Contratual<\/strong><\/a><\/p>\n","protected":false},"excerpt":{"rendered":"<p>Registro de Pessoa Jur\u00eddica Reativa\u00e7\u00e3o de Registro de Pessoa Jur\u00eddica Interrup\u00e7\u00e3o de Registro de Pessoa Jur\u00eddica Visto para Execu\u00e7\u00e3o de Obras ou Servi\u00e7os Inclus\u00e3o de Respons\u00e1vel T\u00e9cnico Registro de Cons\u00f3rcio de Pessoa Jur\u00eddica Cancelamento de Registro de Pessoa Jur\u00eddica Baixa de Respons\u00e1vel T\u00e9cnico Altera\u00e7\u00e3o Contratual<\/p>\n","protected":false},"author":1,"featured_media":0,"parent":0,"menu_order":0,"comment_status":"closed","ping_status":"closed","template":"","meta":{"footnotes":""},"class_list":["post-26037","page","type-page","status-publish","hentry"],"acf":[],"_links":{"self":[{"href":"https:\/\/www.crea-mt.org.br\/portal\/wp-json\/wp\/v2\/pages\/26037","targetHints":{"allow":["GET"]}}],"collection":[{"href":"https:\/\/www.crea-mt.org.br\/portal\/wp-json\/wp\/v2\/pages"}],"about":[{"href":"https:\/\/www.crea-mt.org.br\/portal\/wp-json\/wp\/v2\/types\/page"}],"author":[{"embeddable":true,"href":"https:\/\/www.crea-mt.org.br\/portal\/wp-json\/wp\/v2\/users\/1"}],"replies":[{"embeddable":true,"href":"https:\/\/www.crea-mt.org.br\/portal\/wp-json\/wp\/v2\/comments?post=26037"}],"version-history":[{"count":20,"href":"https:\/\/www.crea-mt.org.br\/portal\/wp-json\/wp\/v2\/pages\/26037\/revisions"}],"predecessor-version":[{"id":41058,"href":"https:\/\/www.crea-mt.org.br\/portal\/wp-json\/wp\/v2\/pages\/26037\/revisions\/41058"}],"wp:attachment":[{"href":"https:\/\/www.crea-mt.org.br\/portal\/wp-json\/wp\/v2\/media?parent=26037"}],"curies":[{"name":"wp","href":"https:\/\/api.w.org\/{rel}","templated":true}]}}