{"id":25926,"date":"2019-12-31T10:10:21","date_gmt":"2019-12-31T14:10:21","guid":{"rendered":"https:\/\/www.crea-mt.org.br\/portal\/?page_id=25926"},"modified":"2025-04-11T10:57:55","modified_gmt":"2025-04-11T14:57:55","slug":"ressarcimento-de-pagamento-em-duplicidade","status":"publish","type":"page","link":"https:\/\/www.crea-mt.org.br\/portal\/ressarcimento-de-pagamento-em-duplicidade\/","title":{"rendered":"Ressarcimento de pagamento em duplicidade"},"content":{"rendered":"<p>Caso tenha efetuado algum tipo de pagamento em duplicidade, e deseja ressarcimento, poder\u00e1 solicitar ao CREA-MT.<\/p>\n<p>Para isso, \u00e9 necess\u00e1ria a apresenta\u00e7\u00e3o do documento relacionado abaixo:<\/p>\n<p>\u2013 \u00a0Requerimento devidamente assinado;\u00a0<a href=\"https:\/\/www.crea-mt.org.br\/arquivos\/a8a31d2f783f150cbb096442af1a6f29.pdf\"><strong>Clique Aqui<\/strong><\/a><\/p>\n<p>\u2013 Apresentar todos os boletos e todos os comprovantes de pagamentos quitados em duplicidade.<\/p>\n<p>&nbsp;<\/p>\n<p>ENVIAR VIA EMAIL (atendimento@crea-mt.org.br)\u00a0 OU LEVAR AT\u00c9 A SEDE E\/OU INSPETORIAS DO CREA OS BOLETOS E COMPROVANTES DE PAGAMENTO EM DUPLICIDADE.<\/p>\n<p>&nbsp;<\/p>\n<p><strong>D\u00favidas: (65) 3315-3000 \u2013 Digite 1 para Atendimento ao P\u00fablico<\/strong><\/p>\n","protected":false},"excerpt":{"rendered":"<p>Caso tenha efetuado algum tipo de pagamento em duplicidade, e deseja ressarcimento, poder\u00e1 solicitar ao CREA-MT. Para isso, \u00e9 necess\u00e1ria a apresenta\u00e7\u00e3o do documento relacionado abaixo: \u2013 \u00a0Requerimento devidamente assinado;\u00a0Clique Aqui \u2013 Apresentar todos os boletos e todos os comprovantes de pagamentos quitados em duplicidade. &nbsp; ENVIAR VIA EMAIL (atendimento@crea-mt.org.br)\u00a0 OU LEVAR AT\u00c9 A SEDE [&hellip;]<\/p>\n","protected":false},"author":1,"featured_media":0,"parent":0,"menu_order":0,"comment_status":"closed","ping_status":"closed","template":"","meta":{"footnotes":""},"class_list":["post-25926","page","type-page","status-publish","hentry"],"acf":[],"_links":{"self":[{"href":"https:\/\/www.crea-mt.org.br\/portal\/wp-json\/wp\/v2\/pages\/25926","targetHints":{"allow":["GET"]}}],"collection":[{"href":"https:\/\/www.crea-mt.org.br\/portal\/wp-json\/wp\/v2\/pages"}],"about":[{"href":"https:\/\/www.crea-mt.org.br\/portal\/wp-json\/wp\/v2\/types\/page"}],"author":[{"embeddable":true,"href":"https:\/\/www.crea-mt.org.br\/portal\/wp-json\/wp\/v2\/users\/1"}],"replies":[{"embeddable":true,"href":"https:\/\/www.crea-mt.org.br\/portal\/wp-json\/wp\/v2\/comments?post=25926"}],"version-history":[{"count":3,"href":"https:\/\/www.crea-mt.org.br\/portal\/wp-json\/wp\/v2\/pages\/25926\/revisions"}],"predecessor-version":[{"id":58252,"href":"https:\/\/www.crea-mt.org.br\/portal\/wp-json\/wp\/v2\/pages\/25926\/revisions\/58252"}],"wp:attachment":[{"href":"https:\/\/www.crea-mt.org.br\/portal\/wp-json\/wp\/v2\/media?parent=25926"}],"curies":[{"name":"wp","href":"https:\/\/api.w.org\/{rel}","templated":true}]}}