{"id":25922,"date":"2019-12-31T10:06:10","date_gmt":"2019-12-31T14:06:10","guid":{"rendered":"https:\/\/www.crea-mt.org.br\/portal\/?page_id=25922"},"modified":"2025-04-11T10:27:47","modified_gmt":"2025-04-11T14:27:47","slug":"prorrogacao-de-validade-de-registro-provisorio","status":"publish","type":"page","link":"https:\/\/www.crea-mt.org.br\/portal\/prorrogacao-de-validade-de-registro-provisorio\/","title":{"rendered":"Prorroga\u00e7\u00e3o de Validade de Registro Provis\u00f3rio"},"content":{"rendered":"<p><strong>Prorroga\u00e7\u00e3o de Validade de Registro Provis\u00f3rio<\/strong><\/p>\n<p>A prorroga\u00e7\u00e3o de validade de Registro Provis\u00f3rio destina-se aos profissionais que possuem registro provis\u00f3rio vencido e que ainda n\u00e3o possuem o diploma. Para prorroga\u00e7\u00e3o da validade \u00e9 necess\u00e1rio \u00e9 necess\u00e1rio anexar os documentos relacionados abaixo no sistema E-crea, N\u00c3O sendo necess\u00e1rio a apresenta\u00e7\u00e3o f\u00edsica dos documentos::<\/p>\n<ul>\n<li>Atestado expedido pela institui\u00e7\u00e3o de ensino, com data recente, constando a data da cola\u00e7\u00e3o de grau e a informa\u00e7\u00e3o de que o diploma est\u00e1 em processamento no \u00f3rg\u00e3o competente de ensino;<\/li>\n<li>Formul\u00e1rio preenchido e assinado, contendo 01 foto 3 x 4 colorida com fundo branco e assinatura; (<a href=\"https:\/\/www.crea-mt.org.br\/portal\/wp-content\/uploads\/2020\/03\/formulario.pdf\"><strong>clique aqui<\/strong><\/a>)<\/li>\n<li>Comprovante de resid\u00eancia; Caso n\u00e3o tenha o comprovante de endere\u00e7o: (<a href=\"https:\/\/www.crea-mt.org.br\/portal\/wp-content\/uploads\/2024\/06\/Formulario-de-Declaracao-de-Endereco.pdf\">clique aqui<\/a>)<\/li>\n<\/ul>\n<p>&nbsp;<\/p>\n<p><strong>Valores para pagamento:<\/strong><\/p>\n<table>\n<tbody>\n<tr>\n<td width=\"423\">Expedi\u00e7\u00e3o de Carteira de Identidade Profissional<\/td>\n<td width=\"153\">Ver tabela no site<\/td>\n<\/tr>\n<\/tbody>\n<\/table>\n<p>&nbsp;<\/p>\n<p>&nbsp;<\/p>\n<p><strong>Importante:<\/strong><br \/>\nO Registro Provis\u00f3rio \u00e9 v\u00e1lido por 1 ano. Ao final deste per\u00edodo, o profissional deve providenciar o registro definitivo.<\/p>\n<p>&nbsp;<\/p>\n<p><strong>Para solicitar o servi\u00e7o<\/strong>, <a href=\"http:\/\/ecrea.crea-mt.org.br\">clique\u00a0aqui<\/a><\/p>\n<p><strong>Manual de Procedimento<\/strong>\u00a0<a href=\"https:\/\/www.crea-mt.org.br\/portal\/wp-content\/uploads\/2019\/12\/COMO-SOLICITAR-PRORROGA%C3%87%C3%83O-DE-REGISTRO-PROVIS%C3%93RIO.pdf\">Clique Aqui<\/a><\/p>\n<p>&nbsp;<\/p>\n<p><strong>D\u00favidas: (65) 3315-3000 \u2013 Digite 1 para Atendimento ao P\u00fablico<\/strong><\/p>\n","protected":false},"excerpt":{"rendered":"<p>Prorroga\u00e7\u00e3o de Validade de Registro Provis\u00f3rio A prorroga\u00e7\u00e3o de validade de Registro Provis\u00f3rio destina-se aos profissionais que possuem registro provis\u00f3rio vencido e que ainda n\u00e3o possuem o diploma. Para prorroga\u00e7\u00e3o da validade \u00e9 necess\u00e1rio \u00e9 necess\u00e1rio anexar os documentos relacionados abaixo no sistema E-crea, N\u00c3O sendo necess\u00e1rio a apresenta\u00e7\u00e3o f\u00edsica dos documentos:: Atestado expedido pela [&hellip;]<\/p>\n","protected":false},"author":1,"featured_media":0,"parent":0,"menu_order":0,"comment_status":"closed","ping_status":"closed","template":"","meta":{"footnotes":""},"class_list":["post-25922","page","type-page","status-publish","hentry"],"acf":[],"_links":{"self":[{"href":"https:\/\/www.crea-mt.org.br\/portal\/wp-json\/wp\/v2\/pages\/25922","targetHints":{"allow":["GET"]}}],"collection":[{"href":"https:\/\/www.crea-mt.org.br\/portal\/wp-json\/wp\/v2\/pages"}],"about":[{"href":"https:\/\/www.crea-mt.org.br\/portal\/wp-json\/wp\/v2\/types\/page"}],"author":[{"embeddable":true,"href":"https:\/\/www.crea-mt.org.br\/portal\/wp-json\/wp\/v2\/users\/1"}],"replies":[{"embeddable":true,"href":"https:\/\/www.crea-mt.org.br\/portal\/wp-json\/wp\/v2\/comments?post=25922"}],"version-history":[{"count":12,"href":"https:\/\/www.crea-mt.org.br\/portal\/wp-json\/wp\/v2\/pages\/25922\/revisions"}],"predecessor-version":[{"id":58225,"href":"https:\/\/www.crea-mt.org.br\/portal\/wp-json\/wp\/v2\/pages\/25922\/revisions\/58225"}],"wp:attachment":[{"href":"https:\/\/www.crea-mt.org.br\/portal\/wp-json\/wp\/v2\/media?parent=25922"}],"curies":[{"name":"wp","href":"https:\/\/api.w.org\/{rel}","templated":true}]}}