{"id":25915,"date":"2019-12-31T09:50:10","date_gmt":"2019-12-31T13:50:10","guid":{"rendered":"https:\/\/www.crea-mt.org.br\/portal\/?page_id=25915"},"modified":"2025-12-15T11:15:10","modified_gmt":"2025-12-15T15:15:10","slug":"interrupcao-de-registro-profissional","status":"publish","type":"page","link":"https:\/\/www.crea-mt.org.br\/portal\/interrupcao-de-registro-profissional\/","title":{"rendered":"Interrup\u00e7\u00e3o de Registro Profissional"},"content":{"rendered":"<p>O profissional poder\u00e1 solicitar o servi\u00e7o de interrup\u00e7\u00e3o do Registro Profissional on-line.<\/p>\n<p>Apresentando Declara\u00e7\u00e3o para interrup\u00e7\u00e3o de Registro Profissional\u00a0<a href=\"https:\/\/www.crea-mt.org.br\/portal\/wp-content\/uploads\/2025\/12\/Requerimento-para-Interrupcao-de-Registro-Profissional-1.pdf\">clique aqui<\/a><\/p>\n<p>&nbsp;<\/p>\n<p>Essa possibilidade \u00e9 facultada ao (a) profissional registrado (a) que n\u00e3o pretende exercer sua profiss\u00e3o e que atenda \u00e0s seguintes condi\u00e7\u00f5es:<br \/>\n\u2022 N\u00e3o ocupe cargo ou emprego para o qual seja exigida forma\u00e7\u00e3o profissional ou para cujo concurso ou processo seletivo tenha sido exigido t\u00edtulo profissional de \u00e1rea abrangida pelo Sistema Confea\/Crea;<br \/>\n\u2022 N\u00e3o conste como autuado em processo por infra\u00e7\u00e3o aos dispositivos do c\u00f3digo de \u00e9tica profissional ou das\u00a0<a href=\"http:\/\/normativos.confea.org.br\/downloads\/5194-66.pdf\">Leis n\u00ba 5.194\/66<\/a>\u00a0e<a href=\"http:\/\/normativos.confea.org.br\/downloads\/6496-77.pdf\">\u00a0n\u00ba 6.496\/77<\/a>, em tramita\u00e7\u00e3o no Sistema Confea\/Crea.<br \/>\nImportante ressaltar que mesmo com o pedido de Interrup\u00e7\u00e3o do Registro, a anuidade do ano em exerc\u00edcio ser\u00e1 devida, por\u00e9m ser\u00e1 cobrada proporcionalmente at\u00e9 o m\u00eas em que for efetivamente protocolado o Requerimento da Interrup\u00e7\u00e3o do Registro.<\/p>\n<p>&nbsp;<\/p>\n<p><strong>Para solicitar o servi\u00e7o<\/strong>, <a href=\"http:\/\/ecrea.crea-mt.org.br\">clique\u00a0aqui<\/a><\/p>\n<p>&nbsp;<\/p>\n<p><strong>Manual de Procedimento\u00a0<\/strong><a href=\"https:\/\/www.crea-mt.org.br\/portal\/wp-content\/uploads\/2019\/12\/COMO-SOLICITAR-INTERRUP%C3%87%C3%83O-DE-REGISTRO.pdf\">Clique Aqui<\/a><\/p>\n<p>&nbsp;<\/p>\n<p><strong>D\u00favidas: (65) 3315-3000 \u2013 Digite 1 para Atendimento ao P\u00fablico<\/strong><\/p>\n","protected":false},"excerpt":{"rendered":"<p>O profissional poder\u00e1 solicitar o servi\u00e7o de interrup\u00e7\u00e3o do Registro Profissional on-line. Apresentando Declara\u00e7\u00e3o para interrup\u00e7\u00e3o de Registro Profissional\u00a0clique aqui &nbsp; Essa possibilidade \u00e9 facultada ao (a) profissional registrado (a) que n\u00e3o pretende exercer sua profiss\u00e3o e que atenda \u00e0s seguintes condi\u00e7\u00f5es: \u2022 N\u00e3o ocupe cargo ou emprego para o qual seja exigida forma\u00e7\u00e3o profissional [&hellip;]<\/p>\n","protected":false},"author":1,"featured_media":0,"parent":0,"menu_order":0,"comment_status":"closed","ping_status":"closed","template":"","meta":{"footnotes":""},"class_list":["post-25915","page","type-page","status-publish","hentry"],"acf":[],"_links":{"self":[{"href":"https:\/\/www.crea-mt.org.br\/portal\/wp-json\/wp\/v2\/pages\/25915","targetHints":{"allow":["GET"]}}],"collection":[{"href":"https:\/\/www.crea-mt.org.br\/portal\/wp-json\/wp\/v2\/pages"}],"about":[{"href":"https:\/\/www.crea-mt.org.br\/portal\/wp-json\/wp\/v2\/types\/page"}],"author":[{"embeddable":true,"href":"https:\/\/www.crea-mt.org.br\/portal\/wp-json\/wp\/v2\/users\/1"}],"replies":[{"embeddable":true,"href":"https:\/\/www.crea-mt.org.br\/portal\/wp-json\/wp\/v2\/comments?post=25915"}],"version-history":[{"count":8,"href":"https:\/\/www.crea-mt.org.br\/portal\/wp-json\/wp\/v2\/pages\/25915\/revisions"}],"predecessor-version":[{"id":67521,"href":"https:\/\/www.crea-mt.org.br\/portal\/wp-json\/wp\/v2\/pages\/25915\/revisions\/67521"}],"wp:attachment":[{"href":"https:\/\/www.crea-mt.org.br\/portal\/wp-json\/wp\/v2\/media?parent=25915"}],"curies":[{"name":"wp","href":"https:\/\/api.w.org\/{rel}","templated":true}]}}