{"id":25908,"date":"2019-12-31T09:45:02","date_gmt":"2019-12-31T13:45:02","guid":{"rendered":"https:\/\/www.crea-mt.org.br\/portal\/?page_id=25908"},"modified":"2025-04-11T10:26:09","modified_gmt":"2025-04-11T14:26:09","slug":"reabilitacao-do-registro-definitivo","status":"publish","type":"page","link":"https:\/\/www.crea-mt.org.br\/portal\/reabilitacao-do-registro-definitivo\/","title":{"rendered":"Reabilita\u00e7\u00e3o do Registro Definitivo"},"content":{"rendered":"<p>Para reabilitar o registro definitivo o profissional dever\u00e1 anexar os documentos relacionados abaixo no sistema E-crea, N\u00c3O sendo necess\u00e1rio a apresenta\u00e7\u00e3o f\u00edsica dos documentos::<\/p>\n<p>&#8211; Formul\u00e1rio preenchido e assinado, contendo 01 fotos 3 x 4 colorida com fundo branco e assinatura; (<a href=\"https:\/\/www.crea-mt.org.br\/portal\/wp-content\/uploads\/2019\/12\/Formulario-para-Foto-e-Assinatura.pdf\">clique aqui<\/a>)<br \/>\n&#8211; Comprovante de resid\u00eancia.<\/p>\n<p>&nbsp;<\/p>\n<p><strong>Valores para pagamento<\/strong><\/p>\n<p>Taxa de registro:<\/p>\n<table>\n<tbody>\n<tr>\n<td colspan=\"2\" width=\"576\"><\/td>\n<\/tr>\n<tr>\n<td width=\"423\">Registro profissional<\/td>\n<td width=\"153\">Ver tabela no site<\/td>\n<\/tr>\n<tr>\n<td width=\"423\">Expedi\u00e7\u00e3o de Carteira de Identidade Profissional<\/td>\n<td width=\"153\">Ver tabela no site<\/td>\n<\/tr>\n<\/tbody>\n<\/table>\n<p>&nbsp;<\/p>\n<p>Valores das anuidades para profissionais que ainda solicitar\u00e3o o seu registro:<br \/>\nProfissional de\u00a0<strong>n\u00edvel superior<\/strong>: Ver tabela no site<br \/>\nProfissional de\u00a0<strong>n\u00edvel m\u00e9dio<\/strong>: Ver tabela no site<\/p>\n<p>Ap\u00f3s 31 de janeiro a anuidade de pessoa f\u00edsica corresponder\u00e1 a tantos duod\u00e9cimos forem os meses at\u00e9 o final do exerc\u00edcio.<\/p>\n<p>&nbsp;<\/p>\n<p>&nbsp;<\/p>\n<p><strong>Para solicitar o servi\u00e7o<\/strong>, <a href=\"http:\/\/ecrea.crea-mt.org.br\">clique\u00a0aqui<\/a><\/p>\n<p>&nbsp;<\/p>\n<p><strong>Manual de Procedimento\u00a0<\/strong><a href=\"https:\/\/www.crea-mt.org.br\/portal\/wp-content\/uploads\/2019\/12\/COMO-SOLICITAR-REABILITA%C3%87%C3%83O-DE-REGISTRO-DEFINITIVO.pdf\">Clique Aqui<\/a><\/p>\n<p>&nbsp;<\/p>\n<p><strong>D\u00favidas: (65) 3315-3000 \u2013 Digite 1 para Atendimento ao P\u00fablico<\/strong><\/p>\n","protected":false},"excerpt":{"rendered":"<p>Para reabilitar o registro definitivo o profissional dever\u00e1 anexar os documentos relacionados abaixo no sistema E-crea, N\u00c3O sendo necess\u00e1rio a apresenta\u00e7\u00e3o f\u00edsica dos documentos:: &#8211; Formul\u00e1rio preenchido e assinado, contendo 01 fotos 3 x 4 colorida com fundo branco e assinatura; (clique aqui) &#8211; Comprovante de resid\u00eancia. &nbsp; Valores para pagamento Taxa de registro: Registro [&hellip;]<\/p>\n","protected":false},"author":1,"featured_media":0,"parent":0,"menu_order":0,"comment_status":"closed","ping_status":"closed","template":"","meta":{"footnotes":""},"class_list":["post-25908","page","type-page","status-publish","hentry"],"acf":[],"_links":{"self":[{"href":"https:\/\/www.crea-mt.org.br\/portal\/wp-json\/wp\/v2\/pages\/25908","targetHints":{"allow":["GET"]}}],"collection":[{"href":"https:\/\/www.crea-mt.org.br\/portal\/wp-json\/wp\/v2\/pages"}],"about":[{"href":"https:\/\/www.crea-mt.org.br\/portal\/wp-json\/wp\/v2\/types\/page"}],"author":[{"embeddable":true,"href":"https:\/\/www.crea-mt.org.br\/portal\/wp-json\/wp\/v2\/users\/1"}],"replies":[{"embeddable":true,"href":"https:\/\/www.crea-mt.org.br\/portal\/wp-json\/wp\/v2\/comments?post=25908"}],"version-history":[{"count":7,"href":"https:\/\/www.crea-mt.org.br\/portal\/wp-json\/wp\/v2\/pages\/25908\/revisions"}],"predecessor-version":[{"id":58223,"href":"https:\/\/www.crea-mt.org.br\/portal\/wp-json\/wp\/v2\/pages\/25908\/revisions\/58223"}],"wp:attachment":[{"href":"https:\/\/www.crea-mt.org.br\/portal\/wp-json\/wp\/v2\/media?parent=25908"}],"curies":[{"name":"wp","href":"https:\/\/api.w.org\/{rel}","templated":true}]}}