{"id":25905,"date":"2019-12-31T09:41:01","date_gmt":"2019-12-31T13:41:01","guid":{"rendered":"https:\/\/www.crea-mt.org.br\/portal\/?page_id=25905"},"modified":"2025-04-11T11:09:16","modified_gmt":"2025-04-11T15:09:16","slug":"recadastramento-pessoa-fisica","status":"publish","type":"page","link":"https:\/\/www.crea-mt.org.br\/portal\/recadastramento-pessoa-fisica\/","title":{"rendered":"Recadastramento Pessoa F\u00edsica"},"content":{"rendered":"<p>O Recadastramento \u00e9 a atualiza\u00e7\u00e3o cadastral dos profissionais registrados nos CREAs e tem por finalidade compor o banco de dados do Sistema de Informa\u00e7\u00e3o CONFEA\/CREA e substituir a Carteira de Identidade Profissional, conforme determina a Resolu\u00e7\u00e3o 494\/2006 do CONFEA.<\/p>\n<p>&nbsp;<\/p>\n<p>Para se recadastrar \u00e9 necess\u00e1ria anexar os documentos relacionados abaixo no sistema E-crea, N\u00c3O sendo necess\u00e1rio a apresenta\u00e7\u00e3o f\u00edsica dos documentos:<br \/>\n\u2022 Carteira de Identidade, CPF, t\u00edtulo de eleitor, quita\u00e7\u00e3o eleitoral 1\u00ba e 2\u00ba turnos;<br \/>\n\u2022 Formul\u00e1rio preenchido e assinado, contendo 01 fotos 3 x 4 colorida com fundo branco e assinatura; (<a href=\"https:\/\/www.crea-mt.org.br\/portal\/wp-content\/uploads\/2019\/12\/Formulario-para-Foto-e-Assinatura.pdf\">clique aqui<\/a>)<br \/>\n\u2022 Comprovante de resid\u00eancia.<\/p>\n<p>&nbsp;<\/p>\n<p>Valores para pagamento:<\/p>\n<table>\n<tbody>\n<tr>\n<td width=\"423\">Expedi\u00e7\u00e3o de Carteira de Identidade Profissional<\/td>\n<td width=\"153\">Ver tabela no site<\/td>\n<\/tr>\n<\/tbody>\n<\/table>\n<p>&nbsp;<\/p>\n<p><strong>Para solicitar o servi\u00e7o<\/strong>, <a href=\"http:\/\/ecrea.crea-mt.org.br\">clique\u00a0aqui<\/a><\/p>\n<p>&nbsp;<\/p>\n<p><strong>D\u00favidas: (65) 3315-3000 \u2013 Digite 1 para Atendimento ao P\u00fablico<\/strong><\/p>\n<p>&nbsp;<\/p>\n","protected":false},"excerpt":{"rendered":"<p>O Recadastramento \u00e9 a atualiza\u00e7\u00e3o cadastral dos profissionais registrados nos CREAs e tem por finalidade compor o banco de dados do Sistema de Informa\u00e7\u00e3o CONFEA\/CREA e substituir a Carteira de Identidade Profissional, conforme determina a Resolu\u00e7\u00e3o 494\/2006 do CONFEA. &nbsp; Para se recadastrar \u00e9 necess\u00e1ria anexar os documentos relacionados abaixo no sistema E-crea, N\u00c3O sendo [&hellip;]<\/p>\n","protected":false},"author":1,"featured_media":0,"parent":0,"menu_order":0,"comment_status":"closed","ping_status":"closed","template":"","meta":{"footnotes":""},"class_list":["post-25905","page","type-page","status-publish","hentry"],"acf":[],"_links":{"self":[{"href":"https:\/\/www.crea-mt.org.br\/portal\/wp-json\/wp\/v2\/pages\/25905","targetHints":{"allow":["GET"]}}],"collection":[{"href":"https:\/\/www.crea-mt.org.br\/portal\/wp-json\/wp\/v2\/pages"}],"about":[{"href":"https:\/\/www.crea-mt.org.br\/portal\/wp-json\/wp\/v2\/types\/page"}],"author":[{"embeddable":true,"href":"https:\/\/www.crea-mt.org.br\/portal\/wp-json\/wp\/v2\/users\/1"}],"replies":[{"embeddable":true,"href":"https:\/\/www.crea-mt.org.br\/portal\/wp-json\/wp\/v2\/comments?post=25905"}],"version-history":[{"count":5,"href":"https:\/\/www.crea-mt.org.br\/portal\/wp-json\/wp\/v2\/pages\/25905\/revisions"}],"predecessor-version":[{"id":58253,"href":"https:\/\/www.crea-mt.org.br\/portal\/wp-json\/wp\/v2\/pages\/25905\/revisions\/58253"}],"wp:attachment":[{"href":"https:\/\/www.crea-mt.org.br\/portal\/wp-json\/wp\/v2\/media?parent=25905"}],"curies":[{"name":"wp","href":"https:\/\/api.w.org\/{rel}","templated":true}]}}