{"id":25903,"date":"2019-12-31T09:37:36","date_gmt":"2019-12-31T13:37:36","guid":{"rendered":"https:\/\/www.crea-mt.org.br\/portal\/?page_id=25903"},"modified":"2025-09-15T15:33:22","modified_gmt":"2025-09-15T19:33:22","slug":"revisao-de-atribuicao","status":"publish","type":"page","link":"https:\/\/www.crea-mt.org.br\/portal\/revisao-de-atribuicao\/","title":{"rendered":"Revis\u00e3o de Atribui\u00e7\u00e3o"},"content":{"rendered":"<p>Para Revis\u00e3o de suas Atribui\u00e7\u00f5es \u00e9 necess\u00e1rias \u00e0 apresenta\u00e7\u00e3o dos documentos relacionados abaixo:<\/p>\n<ul>\n<li>Documento que comprovem a extens\u00e3o de atribui\u00e7\u00f5es, tais como: (hist\u00f3rico escolar, ement\u00e1rio ou projeto pedag\u00f3gico) e<\/li>\n<li>Requerimento de revis\u00e3o de atribui\u00e7\u00f5es especificando quais as atribui\u00e7\u00f5es requeridas. <a href=\"https:\/\/www.crea-mt.org.br\/portal\/wp-content\/uploads\/2025\/09\/Requerimento-para-Revisao-de-Atribuicoes-1.pdf\">Clique aqui.\u00a0<\/a><\/li>\n<\/ul>\n<p>&nbsp;<\/p>\n<p><strong>Para solicitar o servi\u00e7o<\/strong>, <a href=\"http:\/\/ecrea.crea-mt.org.br\">clique\u00a0aqui<\/a><\/p>\n<p><strong>Manual de Procedimento\u00a0<\/strong><a href=\"https:\/\/www.crea-mt.org.br\/portal\/wp-content\/uploads\/2019\/12\/COMO-SOLICITAR-REVIS%C3%83O-DE-ATRIBUI%C3%87%C3%83O.pdf\">Clique Aqui<\/a><\/p>\n<p>&nbsp;<\/p>\n<p><strong>D\u00favidas: (65) 3315-3000 \u2013 Digite 1 para Atendimento ao P\u00fablico<\/strong><\/p>\n<!-- WP Attachments -->\r\n        <div style=\"width:100%;margin:10px 0 10px 0;\">\r\n            <h3>Attachments<\/h3>\r\n        <ul class=\"post-attachments\"><li class=\"post-attachment mime-application-pdf\"><a href=\"https:\/\/www.crea-mt.org.br\/portal\/wp-content\/uploads\/2022\/08\/Formulario-de-Revisao-de-Aribuicao-1.pdf\">Formul\u00e1rio de Revis\u00e3o de Aribui\u00e7\u00e3o<\/a> <small>(82 kB)<\/small><\/li><\/ul><\/div>","protected":false},"excerpt":{"rendered":"<p>Para Revis\u00e3o de suas Atribui\u00e7\u00f5es \u00e9 necess\u00e1rias \u00e0 apresenta\u00e7\u00e3o dos documentos relacionados abaixo: Documento que comprovem a extens\u00e3o de atribui\u00e7\u00f5es, tais como: (hist\u00f3rico escolar, ement\u00e1rio ou projeto pedag\u00f3gico) e Requerimento de revis\u00e3o de atribui\u00e7\u00f5es especificando quais as atribui\u00e7\u00f5es requeridas. Clique aqui.\u00a0 &nbsp; Para solicitar o servi\u00e7o, clique\u00a0aqui Manual de Procedimento\u00a0Clique Aqui &nbsp; D\u00favidas: (65) 3315-3000 [&hellip;]<\/p>\n","protected":false},"author":1,"featured_media":0,"parent":0,"menu_order":0,"comment_status":"closed","ping_status":"closed","template":"","meta":{"footnotes":""},"class_list":["post-25903","page","type-page","status-publish","hentry"],"acf":[],"_links":{"self":[{"href":"https:\/\/www.crea-mt.org.br\/portal\/wp-json\/wp\/v2\/pages\/25903","targetHints":{"allow":["GET"]}}],"collection":[{"href":"https:\/\/www.crea-mt.org.br\/portal\/wp-json\/wp\/v2\/pages"}],"about":[{"href":"https:\/\/www.crea-mt.org.br\/portal\/wp-json\/wp\/v2\/types\/page"}],"author":[{"embeddable":true,"href":"https:\/\/www.crea-mt.org.br\/portal\/wp-json\/wp\/v2\/users\/1"}],"replies":[{"embeddable":true,"href":"https:\/\/www.crea-mt.org.br\/portal\/wp-json\/wp\/v2\/comments?post=25903"}],"version-history":[{"count":9,"href":"https:\/\/www.crea-mt.org.br\/portal\/wp-json\/wp\/v2\/pages\/25903\/revisions"}],"predecessor-version":[{"id":64117,"href":"https:\/\/www.crea-mt.org.br\/portal\/wp-json\/wp\/v2\/pages\/25903\/revisions\/64117"}],"wp:attachment":[{"href":"https:\/\/www.crea-mt.org.br\/portal\/wp-json\/wp\/v2\/media?parent=25903"}],"curies":[{"name":"wp","href":"https:\/\/api.w.org\/{rel}","templated":true}]}}