{"id":25891,"date":"2019-12-30T18:41:17","date_gmt":"2019-12-30T22:41:17","guid":{"rendered":"https:\/\/www.crea-mt.org.br\/portal\/?page_id=25891"},"modified":"2025-04-11T10:43:47","modified_gmt":"2025-04-11T14:43:47","slug":"segunda-via-de-carteira","status":"publish","type":"page","link":"https:\/\/www.crea-mt.org.br\/portal\/segunda-via-de-carteira\/","title":{"rendered":"Segunda via de carteira"},"content":{"rendered":"<p>A segunda via da Carteira de Registro Profissional poder\u00e1 ser solicitada nos casos abaixo.<br \/>\n\u00e9 necess\u00e1ria anexar os documentos relacionados abaixo no sistema E-crea, N\u00c3O sendo necess\u00e1rio a apresenta\u00e7\u00e3o f\u00edsica dos documentos e estar com o pagamento da anuidade regular:<\/p>\n<p>&nbsp;<\/p>\n<p><strong>1 &#8211; EXTRAVIO<\/strong><\/p>\n<p>Documento necess\u00e1rio:<\/p>\n<p>-Boletim de ocorr\u00eancia<\/p>\n<ul>\n<li>Boletim de ocorr\u00eancia<\/li>\n<li>Formul\u00e1rio preenchido e assinado, contendo 01 fotos 3 x 4 colorida com fundo branco e assinatura; (<strong><a href=\"https:\/\/www.crea-mt.org.br\/portal\/wp-content\/uploads\/2020\/03\/formulario.pdf\">clique aqui<\/a><\/strong>)<\/li>\n<\/ul>\n<p>&nbsp;<\/p>\n<p>Valores para pagamento:<\/p>\n<table>\n<tbody>\n<tr>\n<td width=\"423\">Expedi\u00e7\u00e3o de Carteira de Identidade Profissional<\/td>\n<td width=\"153\">Ver tabela no site<\/td>\n<\/tr>\n<\/tbody>\n<\/table>\n<p>&nbsp;<\/p>\n<p><strong>2 &#8211; INUTILIZA\u00c7\u00c3O<\/strong><\/p>\n<ul>\n<li>Formul\u00e1rio preenchido e assinado, contendo 01 fotos 3 x 4 colorida com fundo branco e assinatura; (<strong><a href=\"https:\/\/www.crea-mt.org.br\/portal\/wp-content\/uploads\/2020\/03\/formulario.pdf\">clique aqui<\/a><\/strong>)<\/li>\n<\/ul>\n<p>Valores para pagamento:<\/p>\n<table>\n<tbody>\n<tr>\n<td width=\"423\">Expedi\u00e7\u00e3o de Carteira de Identidade Profissional<\/td>\n<td width=\"153\">Ver tabela no site<\/td>\n<\/tr>\n<\/tbody>\n<\/table>\n<p>&nbsp;<\/p>\n<p><strong>3 &#8211; ALTERA\u00c7\u00c3O DE DADOS CADASTRAIS<\/strong><\/p>\n<p>Documento necess\u00e1rio:<\/p>\n<p>-Novo documento de identidade com a altera\u00e7\u00e3o.<\/p>\n<ul>\n<li>Novo documento de identidade com foto e com a altera\u00e7\u00e3o<\/li>\n<li>Formul\u00e1rio preenchido e assinado, contendo 01 fotos 3 x 4 colorida com fundo branco e assinatura; (<strong><a href=\"https:\/\/www.crea-mt.org.br\/portal\/wp-content\/uploads\/2020\/03\/formulario.pdf\">clique aqui<\/a><\/strong>)<\/li>\n<\/ul>\n<p>Valores para pagamento:<\/p>\n<table>\n<tbody>\n<tr>\n<td width=\"423\">Expedi\u00e7\u00e3o de Carteira de Identidade Profissional<\/td>\n<td width=\"153\">Ver tabela no site<\/td>\n<\/tr>\n<\/tbody>\n<\/table>\n<p>&nbsp;<\/p>\n<p><strong>4 &#8211; CARTEIRA DEFINITIVA NACIONAL VENCIDA<\/strong><\/p>\n<p>Quando j\u00e1 possui uma Carteira Nacional com data de validade vencida, contudo o Registro \u00e9 Definitivo, poder\u00e1 solicitar expedi\u00e7\u00e3o de uma segunda via de sua carteira isento do pagamento da taxa de expedi\u00e7\u00e3o de carteira de identidade profissional.<\/p>\n<ul>\n<li>Formul\u00e1rio preenchido e assinado, contendo 01 fotos 3 x 4 colorida com fundo branco e assinatura; (<strong><a href=\"https:\/\/www.crea-mt.org.br\/portal\/wp-content\/uploads\/2020\/03\/formulario.pdf\">clique aqui<\/a><\/strong>)<\/li>\n<\/ul>\n<p><strong>\u00a0<\/strong><\/p>\n<p><strong>Para solicitar o servi\u00e7o<\/strong>, clique\u00a0aqui<\/p>\n<p><strong>Manual de Procedimento\u00a0<\/strong><a href=\"https:\/\/www.crea-mt.org.br\/portal\/wp-content\/uploads\/2019\/12\/COMO-SOLICITAR-A-2%C2%AA-VIA-DA-CARTEIRA-DE-IDENTIFICA%C3%87%C3%83O-PROFISSIONAL.pdf\">Clique Aqui<\/a><\/p>\n<p><strong>D\u00favidas: (65) 3315-3000 \u2013 Digite 1\u00a0 para Atendimento ao P\u00fablico<\/strong><\/p>\n","protected":false},"excerpt":{"rendered":"<p>A segunda via da Carteira de Registro Profissional poder\u00e1 ser solicitada nos casos abaixo. \u00e9 necess\u00e1ria anexar os documentos relacionados abaixo no sistema E-crea, N\u00c3O sendo necess\u00e1rio a apresenta\u00e7\u00e3o f\u00edsica dos documentos e estar com o pagamento da anuidade regular: &nbsp; 1 &#8211; EXTRAVIO Documento necess\u00e1rio: -Boletim de ocorr\u00eancia Boletim de ocorr\u00eancia Formul\u00e1rio preenchido e [&hellip;]<\/p>\n","protected":false},"author":1,"featured_media":0,"parent":0,"menu_order":0,"comment_status":"closed","ping_status":"closed","template":"","meta":{"footnotes":""},"class_list":["post-25891","page","type-page","status-publish","hentry"],"acf":[],"_links":{"self":[{"href":"https:\/\/www.crea-mt.org.br\/portal\/wp-json\/wp\/v2\/pages\/25891","targetHints":{"allow":["GET"]}}],"collection":[{"href":"https:\/\/www.crea-mt.org.br\/portal\/wp-json\/wp\/v2\/pages"}],"about":[{"href":"https:\/\/www.crea-mt.org.br\/portal\/wp-json\/wp\/v2\/types\/page"}],"author":[{"embeddable":true,"href":"https:\/\/www.crea-mt.org.br\/portal\/wp-json\/wp\/v2\/users\/1"}],"replies":[{"embeddable":true,"href":"https:\/\/www.crea-mt.org.br\/portal\/wp-json\/wp\/v2\/comments?post=25891"}],"version-history":[{"count":9,"href":"https:\/\/www.crea-mt.org.br\/portal\/wp-json\/wp\/v2\/pages\/25891\/revisions"}],"predecessor-version":[{"id":58248,"href":"https:\/\/www.crea-mt.org.br\/portal\/wp-json\/wp\/v2\/pages\/25891\/revisions\/58248"}],"wp:attachment":[{"href":"https:\/\/www.crea-mt.org.br\/portal\/wp-json\/wp\/v2\/media?parent=25891"}],"curies":[{"name":"wp","href":"https:\/\/api.w.org\/{rel}","templated":true}]}}