{"id":25887,"date":"2019-12-30T18:36:39","date_gmt":"2019-12-30T22:36:39","guid":{"rendered":"https:\/\/www.crea-mt.org.br\/portal\/?page_id=25887"},"modified":"2025-02-26T13:15:27","modified_gmt":"2025-02-26T17:15:27","slug":"solicitacao-de-concessao-de-desconto-no-valor-da-anuidade","status":"publish","type":"page","link":"https:\/\/www.crea-mt.org.br\/portal\/solicitacao-de-concessao-de-desconto-no-valor-da-anuidade\/","title":{"rendered":"Solicita\u00e7\u00e3o de concess\u00e3o de desconto no valor da anuidade"},"content":{"rendered":"<p>Para concess\u00e3o de desconto no valor da anuidade ser\u00e1 preciso que o profissional apresente os documentos, conforme o caso:<\/p>\n<p>&nbsp;<\/p>\n<p><strong>A) Desconto por tempo de registro no Sistema Confea\/Crea:<\/strong><\/p>\n<p>\u2013 Para profissional do sexo masculino com 35 anos de registro ininterruptos e<\/p>\n<p>\u2013 Para profissional do sexo feminino com 30 anos de registro ininterruptos no Sistema Confea\/Crea<\/p>\n<p>Obs.: Dever\u00e1 solicitar at\u00e9 31 de janeiro do ano que deseja concess\u00e3o do desconto.<\/p>\n<p>&nbsp;<\/p>\n<p><strong>B) Desconto para profissional com doen\u00e7a grave que resulte em incapacita\u00e7\u00e3o tempor\u00e1ria para o exerc\u00edcio profissional:<\/strong><\/p>\n<p>\u2013 Apresentar laudo m\u00e9dico ou documento h\u00e1bil.<\/p>\n<p>Obs.: Dever\u00e1 solicitar at\u00e9 31 de janeiro do ano que deseja concess\u00e3o do desconto.<\/p>\n<p>&nbsp;<\/p>\n<p><strong>C) Desconto para profissional que possui firma individual:<\/strong><\/p>\n<p>\u2013 \u00c9 necess\u00e1rio que a empresa individual esteja quite com a anuidade do exerc\u00edcio;<\/p>\n<p>&nbsp;<\/p>\n<p><strong>Para solicitar o servi\u00e7o<\/strong>, <a href=\"https:\/\/ecrea.crea-mt.org.br\">clique\u00a0aqui<\/a><\/p>\n<p>&nbsp;<\/p>\n<p><strong>D\u00favidas: (65) 3315-3000 \u2013 Digite 1 para Atendimento ao P\u00fablico<\/strong><\/p>\n","protected":false},"excerpt":{"rendered":"<p>Para concess\u00e3o de desconto no valor da anuidade ser\u00e1 preciso que o profissional apresente os documentos, conforme o caso: &nbsp; A) Desconto por tempo de registro no Sistema Confea\/Crea: \u2013 Para profissional do sexo masculino com 35 anos de registro ininterruptos e \u2013 Para profissional do sexo feminino com 30 anos de registro ininterruptos no [&hellip;]<\/p>\n","protected":false},"author":1,"featured_media":0,"parent":0,"menu_order":0,"comment_status":"closed","ping_status":"closed","template":"","meta":{"footnotes":""},"class_list":["post-25887","page","type-page","status-publish","hentry"],"acf":[],"_links":{"self":[{"href":"https:\/\/www.crea-mt.org.br\/portal\/wp-json\/wp\/v2\/pages\/25887","targetHints":{"allow":["GET"]}}],"collection":[{"href":"https:\/\/www.crea-mt.org.br\/portal\/wp-json\/wp\/v2\/pages"}],"about":[{"href":"https:\/\/www.crea-mt.org.br\/portal\/wp-json\/wp\/v2\/types\/page"}],"author":[{"embeddable":true,"href":"https:\/\/www.crea-mt.org.br\/portal\/wp-json\/wp\/v2\/users\/1"}],"replies":[{"embeddable":true,"href":"https:\/\/www.crea-mt.org.br\/portal\/wp-json\/wp\/v2\/comments?post=25887"}],"version-history":[{"count":7,"href":"https:\/\/www.crea-mt.org.br\/portal\/wp-json\/wp\/v2\/pages\/25887\/revisions"}],"predecessor-version":[{"id":56962,"href":"https:\/\/www.crea-mt.org.br\/portal\/wp-json\/wp\/v2\/pages\/25887\/revisions\/56962"}],"wp:attachment":[{"href":"https:\/\/www.crea-mt.org.br\/portal\/wp-json\/wp\/v2\/media?parent=25887"}],"curies":[{"name":"wp","href":"https:\/\/api.w.org\/{rel}","templated":true}]}}