{"id":25874,"date":"2019-12-30T18:22:24","date_gmt":"2019-12-30T22:22:24","guid":{"rendered":"https:\/\/www.crea-mt.org.br\/portal\/?page_id=25874"},"modified":"2025-04-11T10:42:10","modified_gmt":"2025-04-11T14:42:10","slug":"anotacao-de-curso-de-especializacao","status":"publish","type":"page","link":"https:\/\/www.crea-mt.org.br\/portal\/anotacao-de-curso-de-especializacao\/","title":{"rendered":"Anota\u00e7\u00e3o de Curso de Especializa\u00e7\u00e3o"},"content":{"rendered":"<p>Para anota\u00e7\u00e3o de Curso de Especializa\u00e7\u00e3o, \u00e9 necess\u00e1ria anexar os documentos relacionados abaixo no sistema E-crea, N\u00c3O sendo necess\u00e1rio a apresenta\u00e7\u00e3o f\u00edsica dos documentos:<\/p>\n<ul>\n<li>Certificado e hist\u00f3rico do curso;<\/li>\n<\/ul>\n<p>Valores para pagamento:<\/p>\n<table>\n<tbody>\n<tr>\n<td width=\"600\">Pessoa F\u00edsica<\/td>\n<\/tr>\n<tr>\n<td width=\"450\">Emiss\u00e3o de certid\u00e3o de quaisquer outros documentos e anota\u00e7\u00f5es<\/td>\n<td width=\"150\">Ver tabela no site<\/td>\n<\/tr>\n<\/tbody>\n<\/table>\n<p><strong>Para solicitar o servi\u00e7o<\/strong>, <a href=\"https:\/\/ecrea.crea-mt.org.br\">clique\u00a0aqui<\/a><\/p>\n<p>Prezado Profissional,<\/p>\n<p>Este servi\u00e7o deve ser utilizado para anotar cursos de\u00a0<strong>Aperfei\u00e7oamento<\/strong>,\u00a0<strong>Especializa\u00e7\u00e3o<\/strong>,\u00a0<strong>Mestrado<\/strong>,\u00a0<strong>Doutorado\u00a0<\/strong>ou\u00a0<strong>P\u00f3s-Doutorado<\/strong>, conforme RES. 1.007. Este servi\u00e7o n\u00e3o gera novas atribui\u00e7\u00f5es, nem titula\u00e7\u00e3o ao profissional.<\/p>\n<p>Para incluir P\u00f3s em\u00a0<strong>Engenharia de Seguran\u00e7a do Trabalho<\/strong>, deve ser utilizado o servi\u00e7o de <span style=\"color: #0000ff;\"><strong>Inclus\u00e3o de Novo T\u00edtulo<\/strong><\/span>, visto que esta P\u00f3s Gradua\u00e7\u00e3o gera titula\u00e7\u00e3o e atribui\u00e7\u00e3o ao profissional;<\/p>\n<p>Para a Especializa\u00e7\u00e3o em <strong>GEORREFERENCIAMENTO<\/strong>, deve ser utilizado o servi\u00e7o de <span style=\"color: #0000ff;\"><strong>Anota\u00e7\u00e3o de curso <\/strong><\/span>e solicitar tamb\u00e9m o servi\u00e7o de <strong><span style=\"color: #0000ff;\">Revis\u00e3o de Atribui\u00e7\u00e3o;<\/span><\/strong><\/p>\n<p>Para requisitar este servi\u00e7o deve ter os seguintes documentos em m\u00e3os:<\/p>\n<ul>\n<li>Certificado\/Diploma do curso de Aperfei\u00e7oamento,\u00a0Especializa\u00e7\u00e3o,\u00a0Mestrado,\u00a0Doutorado\u00a0ou\u00a0P\u00f3s-Doutorado<\/li>\n<\/ul>\n<p>OBS: O curso de P\u00f3s-Gradua\u00e7\u00e3o feita em outro Estado, ser\u00e1 pass\u00edvel de consulta no CREA da Regi\u00e3o.<\/p>\n<p>&nbsp;<\/p>\n<p><strong>D\u00favidas: (65) 3315-3000 \u2013 Digite 1 para Atendimento ao P\u00fablico<\/strong><\/p>\n","protected":false},"excerpt":{"rendered":"<p>Para anota\u00e7\u00e3o de Curso de Especializa\u00e7\u00e3o, \u00e9 necess\u00e1ria anexar os documentos relacionados abaixo no sistema E-crea, N\u00c3O sendo necess\u00e1rio a apresenta\u00e7\u00e3o f\u00edsica dos documentos: Certificado e hist\u00f3rico do curso; Valores para pagamento: Pessoa F\u00edsica Emiss\u00e3o de certid\u00e3o de quaisquer outros documentos e anota\u00e7\u00f5es Ver tabela no site Para solicitar o servi\u00e7o, clique\u00a0aqui Prezado Profissional, Este [&hellip;]<\/p>\n","protected":false},"author":1,"featured_media":0,"parent":0,"menu_order":0,"comment_status":"closed","ping_status":"closed","template":"","meta":{"footnotes":""},"class_list":["post-25874","page","type-page","status-publish","hentry"],"acf":[],"_links":{"self":[{"href":"https:\/\/www.crea-mt.org.br\/portal\/wp-json\/wp\/v2\/pages\/25874","targetHints":{"allow":["GET"]}}],"collection":[{"href":"https:\/\/www.crea-mt.org.br\/portal\/wp-json\/wp\/v2\/pages"}],"about":[{"href":"https:\/\/www.crea-mt.org.br\/portal\/wp-json\/wp\/v2\/types\/page"}],"author":[{"embeddable":true,"href":"https:\/\/www.crea-mt.org.br\/portal\/wp-json\/wp\/v2\/users\/1"}],"replies":[{"embeddable":true,"href":"https:\/\/www.crea-mt.org.br\/portal\/wp-json\/wp\/v2\/comments?post=25874"}],"version-history":[{"count":15,"href":"https:\/\/www.crea-mt.org.br\/portal\/wp-json\/wp\/v2\/pages\/25874\/revisions"}],"predecessor-version":[{"id":58247,"href":"https:\/\/www.crea-mt.org.br\/portal\/wp-json\/wp\/v2\/pages\/25874\/revisions\/58247"}],"wp:attachment":[{"href":"https:\/\/www.crea-mt.org.br\/portal\/wp-json\/wp\/v2\/media?parent=25874"}],"curies":[{"name":"wp","href":"https:\/\/api.w.org\/{rel}","templated":true}]}}