{"id":25869,"date":"2019-12-30T18:18:43","date_gmt":"2019-12-30T22:18:43","guid":{"rendered":"https:\/\/www.crea-mt.org.br\/portal\/?page_id=25869"},"modified":"2025-04-11T10:28:46","modified_gmt":"2025-04-11T14:28:46","slug":"inclusao-de-novo-titulo-profissional","status":"publish","type":"page","link":"https:\/\/www.crea-mt.org.br\/portal\/inclusao-de-novo-titulo-profissional\/","title":{"rendered":"Inclus\u00e3o de novo T\u00edtulo Profissional"},"content":{"rendered":"<p><strong>Inclus\u00e3o de novo T\u00edtulo Profissional<\/strong><\/p>\n<p>Para inclus\u00e3o de novo T\u00edtulo Profissional \u00e9 necess\u00e1ria anexar os documentos relacionados abaixo no sistema E-crea, N\u00c3O sendo necess\u00e1rio a apresenta\u00e7\u00e3o f\u00edsica dos documentos::<\/p>\n<p>1 \u2013 PARA GRADUA\u00c7\u00c3O<\/p>\n<ul>\n<li><strong>T\u00edtulo Definitivo\u00a0<\/strong>de\u00a0Diplomado no Pa\u00eds: Frente e verso do diploma, devidamente assinado e registrado no \u00f3rg\u00e3o competente.<\/li>\n<\/ul>\n<p>Obs.: caso o curso n\u00e3o tenha cadastro no CREA-MT, apresentar a Ementa Curricular.<\/p>\n<ul>\n<li><strong>T\u00edtulo Provis\u00f3rio: <\/strong>Certificado ou Atestado de Conclus\u00e3o de Curso constando a data da cola\u00e7\u00e3o de grau e a informa\u00e7\u00e3o de que o diploma est\u00e1 em processamento no \u00f3rg\u00e3o competente de ensino. A declara\u00e7\u00e3o deve estar subscrita com data recente (at\u00e9 no m\u00e1ximo 6 meses depois da cola\u00e7\u00e3o de grau).<\/li>\n<li>Hist\u00f3rico escolar do curso com a indica\u00e7\u00e3o das cargas hor\u00e1rias das disciplinas cursadas;<\/li>\n<\/ul>\n<ul>\n<li>Formul\u00e1rio preenchido e assinado, contendo 01 foto 3 x 4 colorida com fundo branco e assinatura; (<a href=\"https:\/\/www.crea-mt.org.br\/portal\/wp-content\/uploads\/2020\/03\/formulario.pdf\"><strong>clique aqui<\/strong><\/a>)<\/li>\n<\/ul>\n<ul>\n<li>Comprovante de resid\u00eancia.\u00a0Caso n\u00e3o tenha o comprovante de endere\u00e7o: (<a href=\"https:\/\/www.crea-mt.org.br\/portal\/wp-content\/uploads\/2024\/06\/Formulario-de-Declaracao-de-Endereco.pdf\">clique aqui<\/a>)<\/li>\n<\/ul>\n<p>&nbsp;<\/p>\n<p>2 \u2013 PARA INCLUS\u00c3O DE P\u00d3S-GRADUA\u00c7\u00c3O EM\u00a0<strong><u>ENGENHARIA DE SEGURAN\u00c7A DO TRABALHO\u00a0<\/u><\/strong><\/p>\n<ul>\n<li>Certificado de Conclus\u00e3o do Curso;<\/li>\n<li>Hist\u00f3rico escolar do curso com a indica\u00e7\u00e3o das cargas hor\u00e1rias das disciplinas cursadas;<\/li>\n<\/ul>\n<ul>\n<li>Formul\u00e1rio preenchido e assinado, contendo 01 foto 3 x 4 colorida com fundo branco e assinatura; (<a href=\"https:\/\/www.crea-mt.org.br\/portal\/wp-content\/uploads\/2020\/03\/formulario.pdf\"><strong>clique aqui<\/strong><\/a>)<\/li>\n<\/ul>\n<ul>\n<li>Comprovante de resid\u00eancia.<\/li>\n<\/ul>\n<p>Valores para pagamento:<\/p>\n<table>\n<tbody>\n<tr>\n<td width=\"576\">Pessoa F\u00edsica<\/td>\n<\/tr>\n<\/tbody>\n<\/table>\n<table>\n<tbody>\n<tr>\n<td width=\"423\">Expedi\u00e7\u00e3o de Carteira de Identidade Profissional<\/td>\n<td width=\"153\">Ver tabela no site<\/td>\n<\/tr>\n<\/tbody>\n<\/table>\n<p>&nbsp;<\/p>\n<p><strong>Para solicitar o servi\u00e7o<\/strong>, <a href=\"https:\/\/ecrea-mt.org.br\">clique aqui<\/a><\/p>\n<p>&nbsp;<\/p>\n<p><strong>Manual de Procedimento<\/strong>\u00a0<a href=\"https:\/\/www.crea-mt.org.br\/portal\/art\/manuais\/\">Clique Aqui<\/a><\/p>\n<p>&nbsp;<\/p>\n<p><strong>Caso o curso do qual requerer inclus\u00e3o de t\u00edtulo n\u00e3o esteja cadastrado no Crea-MT, dever\u00e1 apresentar juntamente com os documentos acima, os seguintes documentos:<\/strong><\/p>\n<p>\u2013 EMENTA OU PROJETO PEDAGOGICO<\/p>\n<p>&nbsp;<\/p>\n<p><strong>D\u00favidas: (65) 3315-3000 \u2013 Digite\u00a01\u00a0Atendimento ao P\u00fablico<\/strong><\/p>\n","protected":false},"excerpt":{"rendered":"<p>Inclus\u00e3o de novo T\u00edtulo Profissional Para inclus\u00e3o de novo T\u00edtulo Profissional \u00e9 necess\u00e1ria anexar os documentos relacionados abaixo no sistema E-crea, N\u00c3O sendo necess\u00e1rio a apresenta\u00e7\u00e3o f\u00edsica dos documentos:: 1 \u2013 PARA GRADUA\u00c7\u00c3O T\u00edtulo Definitivo\u00a0de\u00a0Diplomado no Pa\u00eds: Frente e verso do diploma, devidamente assinado e registrado no \u00f3rg\u00e3o competente. Obs.: caso o curso n\u00e3o tenha [&hellip;]<\/p>\n","protected":false},"author":1,"featured_media":0,"parent":0,"menu_order":0,"comment_status":"closed","ping_status":"closed","template":"","meta":{"footnotes":""},"class_list":["post-25869","page","type-page","status-publish","hentry"],"acf":[],"_links":{"self":[{"href":"https:\/\/www.crea-mt.org.br\/portal\/wp-json\/wp\/v2\/pages\/25869","targetHints":{"allow":["GET"]}}],"collection":[{"href":"https:\/\/www.crea-mt.org.br\/portal\/wp-json\/wp\/v2\/pages"}],"about":[{"href":"https:\/\/www.crea-mt.org.br\/portal\/wp-json\/wp\/v2\/types\/page"}],"author":[{"embeddable":true,"href":"https:\/\/www.crea-mt.org.br\/portal\/wp-json\/wp\/v2\/users\/1"}],"replies":[{"embeddable":true,"href":"https:\/\/www.crea-mt.org.br\/portal\/wp-json\/wp\/v2\/comments?post=25869"}],"version-history":[{"count":15,"href":"https:\/\/www.crea-mt.org.br\/portal\/wp-json\/wp\/v2\/pages\/25869\/revisions"}],"predecessor-version":[{"id":58227,"href":"https:\/\/www.crea-mt.org.br\/portal\/wp-json\/wp\/v2\/pages\/25869\/revisions\/58227"}],"wp:attachment":[{"href":"https:\/\/www.crea-mt.org.br\/portal\/wp-json\/wp\/v2\/media?parent=25869"}],"curies":[{"name":"wp","href":"https:\/\/api.w.org\/{rel}","templated":true}]}}