{"id":25856,"date":"2019-12-30T18:10:42","date_gmt":"2019-12-30T22:10:42","guid":{"rendered":"https:\/\/www.crea-mt.org.br\/portal\/?page_id=25856"},"modified":"2025-04-11T10:24:22","modified_gmt":"2025-04-11T14:24:22","slug":"registro-pessoa-fisica","status":"publish","type":"page","link":"https:\/\/www.crea-mt.org.br\/portal\/registro-pessoa-fisica\/","title":{"rendered":"Registro Pessoa F\u00edsica"},"content":{"rendered":"<p>O registro destina-se a profissionais que j\u00e1 conclu\u00edram o curso t\u00e9cnico ou de gradua\u00e7\u00e3o e colaram grau.<\/p>\n<p>O seu registro ser\u00e1 Definitivo com apresenta\u00e7\u00e3o do Diploma, caso possua apenas o Certificado de Cola\u00e7\u00e3o de Grau, seu registro ser\u00e1 Provis\u00f3rio, com validade de um ano.<\/p>\n<p>Para obt\u00ea-lo \u00e9 necess\u00e1ria anexar os documentos relacionados abaixo no sistema E-crea, N\u00c3O sendo necess\u00e1rio a apresenta\u00e7\u00e3o f\u00edsica dos documentos::<\/p>\n<p><strong>Registro de Diplomado no Pa\u00eds<\/strong><\/p>\n<ul>\n<li><strong>Registro Definitivo<\/strong><strong>:<\/strong> Frente e verso do diploma, devidamente assinado e registrado no \u00f3rg\u00e3o competente;<\/li>\n<li><strong>Registro Provis\u00f3rio:<\/strong> Certificado ou Atestado de Conclus\u00e3o de Curso constando a data da cola\u00e7\u00e3o de grau e a informa\u00e7\u00e3o de que o diploma est\u00e1 em processamento no \u00f3rg\u00e3o competente de ensino. A declara\u00e7\u00e3o deve estar subscrita com data recente (at\u00e9 no m\u00e1ximo 6 meses depois da cola\u00e7\u00e3o de grau);<\/li>\n<\/ul>\n<p><strong>Obs<\/strong><strong>:<\/strong> Validade de 1 ano. De posse do diploma, a qualquer momento poder\u00e1 ser feita a convers\u00e3o do registro provis\u00f3rio para o definitivo, mesmo com o registro provis\u00f3rio ainda vigente.<\/p>\n<ul>\n<li>Hist\u00f3rico escolar do curso com a indica\u00e7\u00e3o das cargas hor\u00e1rias das disciplinas cursadas;<\/li>\n<li>Carteira de Identidade ou CNH;<\/li>\n<li><a href=\"https:\/\/servicos.receita.fazenda.gov.br\/Servicos\/CPF\/ConsultaSituacao\/ConsultaPublica.asp\">CPF<\/a>;<\/li>\n<li>Quita\u00e7\u00e3o com o servi\u00e7o militar (quando brasileiro do sexo masculino com idade entre 18 e 45 anos);<\/li>\n<li>Formul\u00e1rio preenchido e assinado, contendo 01 foto 3 x 4 colorida com fundo branco e assinatura; (<a href=\"https:\/\/www.crea-mt.org.br\/portal\/wp-content\/uploads\/2020\/03\/formulario.pdf\"><strong>clique aqui<\/strong><\/a>)<\/li>\n<li>Comprovante de resid\u00eancia.\u00a0Caso n\u00e3o tenha o comprovante de endere\u00e7o: (<a href=\"https:\/\/www.crea-mt.org.br\/portal\/wp-content\/uploads\/2024\/06\/Formulario-de-Declaracao-de-Endereco.pdf\">clique aqui<\/a>)<\/li>\n<\/ul>\n<p>&nbsp;<\/p>\n<p><strong>Valores para pagamento:<\/strong><\/p>\n<p>&nbsp;<\/p>\n<p>Taxa de Registro:<\/p>\n<table>\n<tbody>\n<tr>\n<td colspan=\"2\" width=\"576\"><\/td>\n<\/tr>\n<tr>\n<td width=\"423\">Registro profissional<\/td>\n<td width=\"153\">Ver tabela no site<\/td>\n<\/tr>\n<tr>\n<td width=\"423\">Expedi\u00e7\u00e3o de Carteira de Identidade Profissional<\/td>\n<td width=\"153\">Ver tabela no site<\/td>\n<\/tr>\n<\/tbody>\n<\/table>\n<p>&nbsp;<\/p>\n<p>Valores das anuidades para profissionais que ainda solicitar\u00e3o o seu registro:<\/p>\n<p>Profissional de\u00a0<strong>n\u00edvel superior<\/strong>: Ver tabela no site<br \/>\nProfissional de\u00a0<strong>n\u00edvel m\u00e9dio<\/strong>: Ver tabela no site<\/p>\n<p>Ap\u00f3s 31 de janeiro a anuidade de pessoa f\u00edsica corresponder\u00e1 a tantos duod\u00e9cimos forem os meses at\u00e9 o final do exerc\u00edcio.<\/p>\n<p>&nbsp;<\/p>\n<p><strong>Para solicitar o servi\u00e7o<\/strong>, <a href=\"https:\/\/ecrea.crea-mt.org.br\/Autenticacao\/Cadastro\">clique\u00a0aqui<\/a><\/p>\n<p>&nbsp;<\/p>\n<p><strong>Manual de Procedimento\u00a0<\/strong><a href=\"https:\/\/www.crea-mt.org.br\/portal\/wp-content\/uploads\/2019\/12\/COMO-SOLICITAR-REGISTRO-PESSOA-FISICA.pdf\">Clique Aqui<\/a><\/p>\n<p>&nbsp;<\/p>\n<p><strong>Caso o curso do qual requerer Registro n\u00e3o esteja cadastrado no Crea-MT, dever\u00e1 apresentar juntamente com os documentos acima, os seguintes\u00a0documentos:<\/strong><\/p>\n<p>\u2013 Anexar ementa do curso, juntamente ao hist\u00f3rico escolar.<\/p>\n<p>&nbsp;<\/p>\n<p><strong>D\u00favidas: (65) 3315-3000 \u2013 Digite 1 para Atendimento ao P\u00fablico<\/strong><\/p>\n<!-- WP Attachments -->\r\n        <div style=\"width:100%;margin:10px 0 10px 0;\">\r\n            <h3>Attachments<\/h3>\r\n        <ul class=\"post-attachments\"><li class=\"post-attachment mime-application-pdf\"><a href=\"https:\/\/www.crea-mt.org.br\/portal\/wp-content\/uploads\/2020\/03\/formulario.pdf\">formulario<\/a> <small>(460 kB)<\/small><\/li><\/ul><\/div>","protected":false},"excerpt":{"rendered":"<p>O registro destina-se a profissionais que j\u00e1 conclu\u00edram o curso t\u00e9cnico ou de gradua\u00e7\u00e3o e colaram grau. O seu registro ser\u00e1 Definitivo com apresenta\u00e7\u00e3o do Diploma, caso possua apenas o Certificado de Cola\u00e7\u00e3o de Grau, seu registro ser\u00e1 Provis\u00f3rio, com validade de um ano. Para obt\u00ea-lo \u00e9 necess\u00e1ria anexar os documentos relacionados abaixo no sistema [&hellip;]<\/p>\n","protected":false},"author":1,"featured_media":0,"parent":0,"menu_order":0,"comment_status":"closed","ping_status":"closed","template":"","meta":{"footnotes":""},"class_list":["post-25856","page","type-page","status-publish","hentry"],"acf":[],"_links":{"self":[{"href":"https:\/\/www.crea-mt.org.br\/portal\/wp-json\/wp\/v2\/pages\/25856","targetHints":{"allow":["GET"]}}],"collection":[{"href":"https:\/\/www.crea-mt.org.br\/portal\/wp-json\/wp\/v2\/pages"}],"about":[{"href":"https:\/\/www.crea-mt.org.br\/portal\/wp-json\/wp\/v2\/types\/page"}],"author":[{"embeddable":true,"href":"https:\/\/www.crea-mt.org.br\/portal\/wp-json\/wp\/v2\/users\/1"}],"replies":[{"embeddable":true,"href":"https:\/\/www.crea-mt.org.br\/portal\/wp-json\/wp\/v2\/comments?post=25856"}],"version-history":[{"count":23,"href":"https:\/\/www.crea-mt.org.br\/portal\/wp-json\/wp\/v2\/pages\/25856\/revisions"}],"predecessor-version":[{"id":58221,"href":"https:\/\/www.crea-mt.org.br\/portal\/wp-json\/wp\/v2\/pages\/25856\/revisions\/58221"}],"wp:attachment":[{"href":"https:\/\/www.crea-mt.org.br\/portal\/wp-json\/wp\/v2\/media?parent=25856"}],"curies":[{"name":"wp","href":"https:\/\/api.w.org\/{rel}","templated":true}]}}