{"id":25851,"date":"2019-12-30T17:57:54","date_gmt":"2019-12-30T21:57:54","guid":{"rendered":"https:\/\/www.crea-mt.org.br\/portal\/?page_id=25851"},"modified":"2023-02-01T14:32:52","modified_gmt":"2023-02-01T18:32:52","slug":"documentospessoafisica","status":"publish","type":"page","link":"https:\/\/www.crea-mt.org.br\/portal\/documentospessoafisica\/","title":{"rendered":"Documentos Pessoa F\u00edsica"},"content":{"rendered":"<p><a href=\"https:\/\/www.crea-mt.org.br\/portal\/registro-pessoa-fisica\/\"><strong>Registro Profissional<\/strong><\/a><\/p>\n<p><a href=\"https:\/\/www.crea-mt.org.br\/portal\/registro-pessoa-fisica-profissional-exterior\/\"><strong>Registro Profissional &#8211; Exterior<\/strong><\/a><\/p>\n<p><a href=\"https:\/\/www.crea-mt.org.br\/portal\/visto-profissional\/\"><strong>Visto Profissional<\/strong><\/a><\/p>\n<p><a href=\"https:\/\/www.crea-mt.org.br\/portal\/reabilitacao-do-registro-definitivo\/\"><strong>Reativa\u00e7\u00e3o do Registro Definitivo<\/strong><\/a><\/p>\n<p><a href=\"https:\/\/www.crea-mt.org.br\/portal\/interrupcao-de-registro-profissional\/\"><strong>Interrup\u00e7\u00e3o de Registro Profissional<\/strong><\/a><\/p>\n<p><a href=\"https:\/\/www.crea-mt.org.br\/portal\/conversao-de-registro-provisorio-para-registro-definitivo\/\"><strong>Convers\u00e3o de Registro Provis\u00f3rio para Registro Definitivo<\/strong><\/a><\/p>\n<p><a href=\"https:\/\/www.crea-mt.org.br\/portal\/prorrogacao-de-validade-de-registro-provisorio\/\"><strong>Prorroga\u00e7\u00e3o de Validade de Registro Provis\u00f3rio<\/strong><\/a><\/p>\n<p><a href=\"https:\/\/www.crea-mt.org.br\/portal\/inclusao-de-novo-titulo-profissional\/\"><strong>Inclus\u00e3o de novo T\u00edtulo Profissional<\/strong><\/a><\/p>\n<p><a href=\"https:\/\/www.crea-mt.org.br\/portal\/anotacao-de-curso-de-especializacao\/\"><strong>Anota\u00e7\u00e3o de Curso de Especializa\u00e7\u00e3o<\/strong><\/a><\/p>\n<p><a href=\"https:\/\/www.crea-mt.org.br\/portal\/solicitacao-de-concessao-de-desconto-no-valor-da-anuidade\/\"><strong>Solicita\u00e7\u00e3o de concess\u00e3o de desconto no valor da anuidade<\/strong><\/a><\/p>\n<p><a href=\"https:\/\/www.crea-mt.org.br\/portal\/segunda-via-de-carteira\/\"><strong>Segunda via de carteira<\/strong><\/a><\/p>\n<p><a href=\"https:\/\/www.crea-mt.org.br\/portal\/ressarcimento-de-pagamento-em-duplicidade\/\"><strong>Ressarcimento de pagamento em duplicidade<\/strong><\/a><\/p>\n<p><a href=\"https:\/\/www.crea-mt.org.br\/portal\/revisao-de-atribuicao\/\"><strong>Revis\u00e3o de Atribui\u00e7\u00e3o<\/strong><\/a><\/p>\n<p><a href=\"https:\/\/www.crea-mt.org.br\/portal\/baixa-de-responsavel-tecnico\/\"><strong>Baixa de Responsabilidade T\u00e9cnica<\/strong><\/a><\/p>\n<p><a href=\"https:\/\/www.crea-mt.org.br\/portal\/recadastramento-pessoa-fisica\/\"><strong>Recadastramento<\/strong><\/a><\/p>\n<p><a href=\"https:\/\/www.crea-mt.org.br\/portal\/profissional-termo-reciprocidade-convenio-oep-confea\/\"><strong>Profissional Termo de Reciprocidade (Conv\u00eanio OEP \/ CONFEA)<\/strong><\/a><\/p>\n<p><a href=\"https:\/\/www.crea-mt.org.br\/portal\/registro-de-obras-intelectuais\/\"><strong>Registro de Obras Intelectuais<\/strong><\/a><\/p>\n","protected":false},"excerpt":{"rendered":"<p>Registro Profissional Registro Profissional &#8211; Exterior Visto Profissional Reativa\u00e7\u00e3o do Registro Definitivo Interrup\u00e7\u00e3o de Registro Profissional Convers\u00e3o de Registro Provis\u00f3rio para Registro Definitivo Prorroga\u00e7\u00e3o de Validade de Registro Provis\u00f3rio Inclus\u00e3o de novo T\u00edtulo Profissional Anota\u00e7\u00e3o de Curso de Especializa\u00e7\u00e3o Solicita\u00e7\u00e3o de concess\u00e3o de desconto no valor da anuidade Segunda via de carteira Ressarcimento de pagamento [&hellip;]<\/p>\n","protected":false},"author":1,"featured_media":0,"parent":0,"menu_order":0,"comment_status":"closed","ping_status":"closed","template":"","meta":{"footnotes":""},"class_list":["post-25851","page","type-page","status-publish","hentry"],"acf":[],"_links":{"self":[{"href":"https:\/\/www.crea-mt.org.br\/portal\/wp-json\/wp\/v2\/pages\/25851","targetHints":{"allow":["GET"]}}],"collection":[{"href":"https:\/\/www.crea-mt.org.br\/portal\/wp-json\/wp\/v2\/pages"}],"about":[{"href":"https:\/\/www.crea-mt.org.br\/portal\/wp-json\/wp\/v2\/types\/page"}],"author":[{"embeddable":true,"href":"https:\/\/www.crea-mt.org.br\/portal\/wp-json\/wp\/v2\/users\/1"}],"replies":[{"embeddable":true,"href":"https:\/\/www.crea-mt.org.br\/portal\/wp-json\/wp\/v2\/comments?post=25851"}],"version-history":[{"count":25,"href":"https:\/\/www.crea-mt.org.br\/portal\/wp-json\/wp\/v2\/pages\/25851\/revisions"}],"predecessor-version":[{"id":44314,"href":"https:\/\/www.crea-mt.org.br\/portal\/wp-json\/wp\/v2\/pages\/25851\/revisions\/44314"}],"wp:attachment":[{"href":"https:\/\/www.crea-mt.org.br\/portal\/wp-json\/wp\/v2\/media?parent=25851"}],"curies":[{"name":"wp","href":"https:\/\/api.w.org\/{rel}","templated":true}]}}