{"id":18442,"date":"2018-08-02T11:24:44","date_gmt":"2018-08-02T15:24:44","guid":{"rendered":"https:\/\/www.crea-mt.org.br\/portal\/?page_id=18442"},"modified":"2018-08-02T11:30:09","modified_gmt":"2018-08-02T15:30:09","slug":"crea-jr","status":"publish","type":"page","link":"https:\/\/www.crea-mt.org.br\/portal\/crea-jr\/","title":{"rendered":"CREA JR"},"content":{"rendered":"<p>O objetivo do Crea J\u00fanior de Mato Grosso (CreaJr-MT) \u00e9 fortalecer o sistema profissional promovendo a inter-rela\u00e7\u00e3o entre o Conselhos Regional de Engenharia e Agronomia do Estado de Mato Grosso (Crea-MT) e os estudantes dos cursos de n\u00edvel superior e t\u00e9cnico, cujo exerc\u00edcio profissional est\u00e1 regulamentado pelo Sistema Confea\/Crea e M\u00fatua.<\/p>\n<p>O Programa viabiliza o conhecimento sobre o \u00f3rg\u00e3o regulador da futura profiss\u00e3o, sua estrutura e organiza\u00e7\u00e3o e incentiva os futuros profissionais \u00e0 pr\u00e1tica do exerc\u00edcio profissional \u00e9tico e respons\u00e1vel, por meio de a\u00e7\u00f5es que incluam os estudantes em discuss\u00f5es sobre legisla\u00e7\u00e3o, temas profissionais e participa\u00e7\u00e3o em Entidades de Classe. Dessa forma colaborando com a forma\u00e7\u00e3o dos futuros profissionais, sensibilizando-os quanto ao seu papel junto ao meio ambiente e \u00e0 sociedade.<\/p>\n<p>O grupo difunde conhecimentos relevantes para o incremento da forma\u00e7\u00e3o pessoal e profissional, priorizando conte\u00fados acerca das tend\u00eancias da \u00e1rea tecnol\u00f3gica e legisla\u00e7\u00e3o \u00e9tica no exerc\u00edcio profissional, e poia movimentos empreendedores jovens.<\/p>\n<p>Mais que um espa\u00e7o para disseminar informa\u00e7\u00f5es, o Crea J\u00fanior \u00e9 palco para gera\u00e7\u00e3o de resultados e desenvolvimento de pessoas, tornando-se refer\u00eancia na forma\u00e7\u00e3o de jovens lideran\u00e7as e capacita\u00e7\u00e3o profissional em todo o pa\u00eds.<\/p>\n<div class=\"separator\"><a href=\"https:\/\/3.bp.blogspot.com\/--Ua5Y9Sp7mM\/WU7SZkTp5GI\/AAAAAAAAAFU\/pggYTvUMd5UH8m_zLLw1bbFzMjVoDgpGwCLcBGAs\/s1600\/rodape.png\"><img loading=\"lazy\" decoding=\"async\" class=\"aligncenter\" src=\"https:\/\/3.bp.blogspot.com\/--Ua5Y9Sp7mM\/WU7SZkTp5GI\/AAAAAAAAAFU\/pggYTvUMd5UH8m_zLLw1bbFzMjVoDgpGwCLcBGAs\/s640\/rodape.png\" width=\"640\" height=\"72\" border=\"0\" data-original-height=\"184\" data-original-width=\"1600\" \/><\/a><\/div>\n<div class=\"separator\" style=\"text-align: center;\"><a href=\"https:\/\/3.bp.blogspot.com\/-7o45WwgfjEk\/WU7TRKKyVzI\/AAAAAAAAAFk\/E9bxVC1xDLMb4Uo8GEHeF6pYCHcKNQsqQCLcBGAs\/s1600\/Linha.png\"><img loading=\"lazy\" decoding=\"async\" src=\"https:\/\/3.bp.blogspot.com\/-7o45WwgfjEk\/WU7TRKKyVzI\/AAAAAAAAAFk\/E9bxVC1xDLMb4Uo8GEHeF6pYCHcKNQsqQCLcBGAs\/s640\/Linha.png\" width=\"640\" height=\"21\" border=\"0\" data-original-height=\"17\" data-original-width=\"512\" \/><\/a><\/div>\n<div class=\"separator\"><\/div>\n<p><b>Neg\u00f3cio\u00a0<\/b><\/p>\n<blockquote class=\"tr_bq\"><p>\u201cPromo\u00e7\u00e3o de discuss\u00f5es, debates, palestras, semin\u00e1rios, visitas t\u00e9cnicas entre outras atividades que visam auxiliar na forma\u00e7\u00e3o do futuro profissional do Sistema CONFEA\/CREA proporcionando informa\u00e7\u00f5es necess\u00e1rias sobre normativas profissionais, \u00e9tica e conduta para que possamos cada vez mais cumprir o papel social e profissional na sociedade e no estado do Mato Grosso &#8220;<\/p><\/blockquote>\n<p>&nbsp;<\/p>\n<div class=\"separator\"><a href=\"https:\/\/3.bp.blogspot.com\/-7o45WwgfjEk\/WU7TRKKyVzI\/AAAAAAAAAFk\/Sx3aKiGynewA4RVbqImtRZ7QSryDNa_ZwCEwYBhgL\/s1600\/Linha.png\"><img loading=\"lazy\" decoding=\"async\" class=\"aligncenter\" src=\"https:\/\/3.bp.blogspot.com\/-7o45WwgfjEk\/WU7TRKKyVzI\/AAAAAAAAAFk\/Sx3aKiGynewA4RVbqImtRZ7QSryDNa_ZwCEwYBhgL\/s640\/Linha.png\" width=\"640\" height=\"21\" border=\"0\" data-original-height=\"17\" data-original-width=\"512\" \/><\/a><\/div>\n<p><b>Nossa Miss\u00e3o<\/b><\/p>\n<blockquote class=\"tr_bq\"><p>Difundir informa\u00e7\u00f5es, conhecimentos e boas pr\u00e1ticas, sendo agente multiplicador para o desenvolvimento do profissional do Sistema CONFEA\/CREA possibilitando a cria\u00e7\u00e3o de coordena\u00e7\u00f5es regionais, desenvolvendo parcerias estrat\u00e9gicas com os mesmos e participar direta ou indiretamente nos encontros estaduais, regionais e nacional dos Creas Juniores.<\/p><\/blockquote>\n<p>&nbsp;<\/p>\n<div class=\"separator\"><a href=\"https:\/\/3.bp.blogspot.com\/-7o45WwgfjEk\/WU7TRKKyVzI\/AAAAAAAAAFk\/Sx3aKiGynewA4RVbqImtRZ7QSryDNa_ZwCEwYBhgL\/s1600\/Linha.png\"><img loading=\"lazy\" decoding=\"async\" class=\"aligncenter\" src=\"https:\/\/3.bp.blogspot.com\/-7o45WwgfjEk\/WU7TRKKyVzI\/AAAAAAAAAFk\/Sx3aKiGynewA4RVbqImtRZ7QSryDNa_ZwCEwYBhgL\/s640\/Linha.png\" width=\"640\" height=\"20\" border=\"0\" data-original-height=\"17\" data-original-width=\"512\" \/><\/a><\/div>\n<p><b>Nossa Vis\u00e3o<\/b><\/p>\n<blockquote class=\"tr_bq\"><p>Ser reconhecido como um Crea J\u00fanior atuante e representativo dentro da comunidade de estudantes e profissionais do Sistema Confea\/Crea e M\u00fatua possuindo representa\u00e7\u00e3o no estado de Mato Grosso, sendo refer\u00eancia para o fortalecimento do Crea J\u00fanior Nacional.<\/p><\/blockquote>\n<p>&nbsp;<\/p>\n<div class=\"separator\"><a href=\"https:\/\/3.bp.blogspot.com\/-7o45WwgfjEk\/WU7TRKKyVzI\/AAAAAAAAAFk\/Sx3aKiGynewA4RVbqImtRZ7QSryDNa_ZwCEwYBhgL\/s1600\/Linha.png\"><img loading=\"lazy\" decoding=\"async\" class=\"aligncenter\" src=\"https:\/\/3.bp.blogspot.com\/-7o45WwgfjEk\/WU7TRKKyVzI\/AAAAAAAAAFk\/Sx3aKiGynewA4RVbqImtRZ7QSryDNa_ZwCEwYBhgL\/s640\/Linha.png\" width=\"640\" height=\"20\" border=\"0\" data-original-height=\"17\" data-original-width=\"512\" \/><\/a><\/div>\n<p><b>Nossos Valores<\/b><\/p>\n<blockquote class=\"tr_bq\"><p>O CreaJr-MT acredita em seus valores como base para uma gest\u00e3o eficaz e colaborativa, sendo eles: \u00c9tica, respeito, trabalho em equipe, integra\u00e7\u00e3o, credibilidade, transpar\u00eancia, confian\u00e7a, iniciativa, comprometimento, responsabilidade, inova\u00e7\u00e3o e sustentabilidade.<\/p><\/blockquote>\n<p><strong>Contato<\/strong>:\u00a0<a href=\"mailto:crea-jr@crea-mt.org.br\">crea-jr@crea-mt.org.br<\/a><\/p>\n","protected":false},"excerpt":{"rendered":"<p>O objetivo do Crea J\u00fanior de Mato Grosso (CreaJr-MT) \u00e9 fortalecer o sistema profissional promovendo a inter-rela\u00e7\u00e3o entre o Conselhos Regional de Engenharia e Agronomia do Estado de Mato Grosso (Crea-MT) e os estudantes dos cursos de n\u00edvel superior e t\u00e9cnico, cujo exerc\u00edcio profissional est\u00e1 regulamentado pelo Sistema Confea\/Crea e M\u00fatua. O Programa viabiliza o [&hellip;]<\/p>\n","protected":false},"author":1,"featured_media":0,"parent":0,"menu_order":0,"comment_status":"closed","ping_status":"closed","template":"","meta":{"footnotes":""},"class_list":["post-18442","page","type-page","status-publish","hentry"],"acf":[],"_links":{"self":[{"href":"https:\/\/www.crea-mt.org.br\/portal\/wp-json\/wp\/v2\/pages\/18442","targetHints":{"allow":["GET"]}}],"collection":[{"href":"https:\/\/www.crea-mt.org.br\/portal\/wp-json\/wp\/v2\/pages"}],"about":[{"href":"https:\/\/www.crea-mt.org.br\/portal\/wp-json\/wp\/v2\/types\/page"}],"author":[{"embeddable":true,"href":"https:\/\/www.crea-mt.org.br\/portal\/wp-json\/wp\/v2\/users\/1"}],"replies":[{"embeddable":true,"href":"https:\/\/www.crea-mt.org.br\/portal\/wp-json\/wp\/v2\/comments?post=18442"}],"version-history":[{"count":4,"href":"https:\/\/www.crea-mt.org.br\/portal\/wp-json\/wp\/v2\/pages\/18442\/revisions"}],"predecessor-version":[{"id":18446,"href":"https:\/\/www.crea-mt.org.br\/portal\/wp-json\/wp\/v2\/pages\/18442\/revisions\/18446"}],"wp:attachment":[{"href":"https:\/\/www.crea-mt.org.br\/portal\/wp-json\/wp\/v2\/media?parent=18442"}],"curies":[{"name":"wp","href":"https:\/\/api.w.org\/{rel}","templated":true}]}}