{"id":13084,"date":"2017-08-29T17:05:19","date_gmt":"2017-08-29T21:05:19","guid":{"rendered":"https:\/\/www.crea-mt.org.br\/portal\/?page_id=13084"},"modified":"2017-12-21T08:43:48","modified_gmt":"2017-12-21T11:43:48","slug":"processo-eleitoral-2017","status":"publish","type":"page","link":"https:\/\/www.crea-mt.org.br\/portal\/processo-eleitoral-2017\/","title":{"rendered":"Processo Eleitoral 2017"},"content":{"rendered":"<div class=\"text-center\">\n<h3 style=\"color: #ff0000;\">Consulte seu Local de Vota\u00e7\u00e3o! <a href=\"https:\/\/www.crea-mt.org.br\/portal\/local-de-votacao\/\">Clique Aqui<\/a><\/h3>\n<\/div>\n<hr \/>\n<p><img loading=\"lazy\" decoding=\"async\" class=\"img-responsive aligncenter wp-image-13936 \" src=\"https:\/\/www.crea-mt.org.br\/portal\/wp-content\/uploads\/2017\/12\/comunicado-crea-eleicao.jpg\" alt=\"\" width=\"792\" height=\"521\" \/><\/p>\n<!-- WP Attachments -->\r\n        <div style=\"width:100%;margin:10px 0 10px 0;\">\r\n            <h3>Attachments<\/h3>\r\n        <ul class=\"post-attachments\"><li class=\"post-attachment mime-application-pdf\"><a href=\"https:\/\/www.crea-mt.org.br\/portal\/wp-content\/uploads\/2017\/08\/Edital-07-2017-Recursos-Apresentados-ao-Plen\u00e1rio.pdf\">Edital 07-2017 Recursos Apresentados ao Plen\u00e1rio<\/a> <small>(103 kB)<\/small><\/li><li class=\"post-attachment mime-application-pdf\"><a href=\"https:\/\/www.crea-mt.org.br\/portal\/wp-content\/uploads\/2017\/08\/EDITAL-02-2017-PRESIDENTE-DO-CREA.pdf\">EDITAL 02-2017 - PRESIDENTE DO CREA<\/a> <small>(140 kB)<\/small><\/li><li class=\"post-attachment mime-application-pdf\"><a href=\"https:\/\/www.crea-mt.org.br\/portal\/wp-content\/uploads\/2017\/08\/Delibera\u00e7\u00e3o-035.2017-CER.pdf\">Delibera\u00e7\u00e3o 035.2017-CER<\/a> <small>(99 kB)<\/small><\/li><li class=\"post-attachment mime-application-pdf\"><a href=\"https:\/\/www.crea-mt.org.br\/portal\/wp-content\/uploads\/2017\/08\/EDITAL-02-2017-DIRET.-GERAL-E-ADM.-CAIXAS.pdf\">EDITAL 02-2017 - DIRET. GERAL E ADM. CAIXAS<\/a> <small>(134 kB)<\/small><\/li><li class=\"post-attachment mime-application-pdf\"><a href=\"https:\/\/www.crea-mt.org.br\/portal\/wp-content\/uploads\/2017\/08\/ATA-005-CER-EXTRAORDIN\u00c1RIA.pdf\">ATA 005 CER EXTRAORDIN\u00c1RIA<\/a> <small>(221 kB)<\/small><\/li><li class=\"post-attachment mime-application-pdf\"><a href=\"https:\/\/www.crea-mt.org.br\/portal\/wp-content\/uploads\/2017\/08\/ATA-004-CER-EXTRAORDIN\u00c1RIA.pdf\">ATA 004 CER EXTRAORDIN\u00c1RIA<\/a> <small>(282 kB)<\/small><\/li><li class=\"post-attachment mime-application-pdf\"><a href=\"https:\/\/www.crea-mt.org.br\/portal\/wp-content\/uploads\/2017\/08\/ATA-014-CER.pdf\">ATA 014 CER<\/a> <small>(278 kB)<\/small><\/li><li class=\"post-attachment mime-application-pdf\"><a href=\"https:\/\/www.crea-mt.org.br\/portal\/wp-content\/uploads\/2017\/08\/DELIBERA\u00c7\u00c3O-033.2017-CER.pdf\">DELIBERA\u00c7\u00c3O 033.2017-CER<\/a> <small>(112 kB)<\/small><\/li><li class=\"post-attachment mime-application-pdf\"><a href=\"https:\/\/www.crea-mt.org.br\/portal\/wp-content\/uploads\/2017\/08\/DELIBERA\u00c7\u00c3O-034.2017-CER.pdf\">DELIBERA\u00c7\u00c3O 034.2017-CER<\/a> <small>(110 kB)<\/small><\/li><li class=\"post-attachment mime-application-pdf\"><a href=\"https:\/\/www.crea-mt.org.br\/portal\/wp-content\/uploads\/2017\/08\/Delibera\u00e7\u00e3o-002.2017.pdf\">Delibera\u00e7\u00e3o 002.2017<\/a> <small>(129 kB)<\/small><\/li><li class=\"post-attachment mime-application-pdf\"><a href=\"https:\/\/www.crea-mt.org.br\/portal\/wp-content\/uploads\/2017\/08\/RETIFICA\u00c7\u00c3O-EDITAL-002-2017.pdf\">RETIFICA\u00c7\u00c3O EDITAL 002-2017<\/a> <small>(148 kB)<\/small><\/li><li class=\"post-attachment mime-application-pdf\"><a href=\"https:\/\/www.crea-mt.org.br\/portal\/wp-content\/uploads\/2017\/08\/EDITAL-N\u00ba-03-JULGAMENTO-CANDIDATURA-DEFERIDAS-E-INDEFERIDAS.pdf\">EDITAL N\u00ba 03 - JULGAMENTO CANDIDATURA DEFERIDAS E INDEFERIDAS<\/a> <small>(145 kB)<\/small><\/li><li class=\"post-attachment mime-application-pdf\"><a href=\"https:\/\/www.crea-mt.org.br\/portal\/wp-content\/uploads\/2017\/08\/EDITAL-001.2017-CONVOCA\u00c7\u00c3O-ELEITORAL-CALEND\u00c1RIO-DIRETOR-FINANCEIRO.pdf\">EDITAL 001.2017 - CONVOCA\u00c7\u00c3O ELEITORAL-CALEND\u00c1RIO-DIRETOR FINANCEIRO<\/a> <small>(2 MB)<\/small><\/li><li class=\"post-attachment mime-application-pdf\"><a href=\"https:\/\/www.crea-mt.org.br\/portal\/wp-content\/uploads\/2017\/08\/EDITAL-N\u00ba-02-REQUERIMENTO-DE-REGISTRO-DE-CANDIDATURA-DIRETOR-FINANCEIRO-DA-M\u00daTUA.pdf\">EDITAL N\u00ba 02 - REQUERIMENTO DE REGISTRO DE CANDIDATURA DIRETOR FINANCEIRO DA M\u00daTUA<\/a> <small>(144 kB)<\/small><\/li><li class=\"post-attachment mime-application-pdf\"><a href=\"https:\/\/www.crea-mt.org.br\/portal\/wp-content\/uploads\/2017\/08\/Delibera\u00e7\u00e3o-024.2017-CER.pdf\">Delibera\u00e7\u00e3o 024.2017 - CER<\/a> <small>(102 kB)<\/small><\/li><li class=\"post-attachment mime-application-pdf\"><a href=\"https:\/\/www.crea-mt.org.br\/portal\/wp-content\/uploads\/2017\/08\/Delibera\u00e7\u00e3o-025.2017-CER.pdf\">Delibera\u00e7\u00e3o 025.2017- CER<\/a> <small>(108 kB)<\/small><\/li><li class=\"post-attachment mime-application-pdf\"><a href=\"https:\/\/www.crea-mt.org.br\/portal\/wp-content\/uploads\/2017\/08\/Delibera\u00e7\u00e3o-026.2017-CER.pdf\">Delibera\u00e7\u00e3o 026.2017-CER<\/a> <small>(109 kB)<\/small><\/li><li class=\"post-attachment mime-application-pdf\"><a href=\"https:\/\/www.crea-mt.org.br\/portal\/wp-content\/uploads\/2017\/08\/EDITAL-003.2017-EXTRATO-IMPUGNA\u00c7\u00c3O-M\u00daTUA.pdf\">EDITAL 003.2017-EXTRATO IMPUGNA\u00c7\u00c3O -M\u00daTUA<\/a> <small>(126 kB)<\/small><\/li><li class=\"post-attachment mime-application-pdf\"><a href=\"https:\/\/www.crea-mt.org.br\/portal\/wp-content\/uploads\/2017\/08\/EDITAL-003.2017-EXTRATO-IMPUGNA\u00c7\u00c3O-PRESIDENTE-CREA.pdf\">EDITAL 003.2017 - EXTRATO IMPUGNA\u00c7\u00c3O - PRESIDENTE CREA<\/a> <small>(155 kB)<\/small><\/li><li class=\"post-attachment mime-application-pdf\"><a href=\"https:\/\/www.crea-mt.org.br\/portal\/wp-content\/uploads\/2017\/08\/DELIBERA\u00c7\u00c3O-003-E-004.pdf\">DELIBERA\u00c7\u00c3O DA CER\/MT N\u00ba 003\/2017<\/a> <small>(183 kB)<\/small><\/li><li class=\"post-attachment mime-application-pdf\"><a href=\"https:\/\/www.crea-mt.org.br\/portal\/wp-content\/uploads\/2017\/08\/KATERI-DEALTINA-FELSKY-DOS-ANJOS.pdf\">KATERI DEALTINA FELSKY DOS ANJOS<\/a> <small>(386 kB)<\/small><\/li><li class=\"post-attachment mime-application-pdf\"><a href=\"https:\/\/www.crea-mt.org.br\/portal\/wp-content\/uploads\/2017\/08\/JOAO-PEDRO-VALENTE.pdf\">JOAO PEDRO VALENTE<\/a> <small>(554 kB)<\/small><\/li><li class=\"post-attachment mime-application-pdf\"><a href=\"https:\/\/www.crea-mt.org.br\/portal\/wp-content\/uploads\/2017\/08\/JUARES-SILVEIRA-SAMANIEGO.pdf\">JUARES SILVEIRA SAMANIEGO<\/a> <small>(667 kB)<\/small><\/li><li class=\"post-attachment mime-application-pdf\"><a href=\"https:\/\/www.crea-mt.org.br\/portal\/wp-content\/uploads\/2017\/08\/GERSON-ALVES-DE-ARRUDA.pdf\">GERSON ALVES DE ARRUDA<\/a> <small>(267 kB)<\/small><\/li><li class=\"post-attachment mime-application-pdf\"><a href=\"https:\/\/www.crea-mt.org.br\/portal\/wp-content\/uploads\/2017\/08\/ATA-007-CER-EXTRA.pdf\">ATA 007 CER EXTRA<\/a> <small>(223 kB)<\/small><\/li><li class=\"post-attachment mime-application-pdf\"><a href=\"https:\/\/www.crea-mt.org.br\/portal\/wp-content\/uploads\/2017\/08\/ATA-006-CER-EXTRA.pdf\">ATA 006 CER EXTRA<\/a> <small>(492 kB)<\/small><\/li><li class=\"post-attachment mime-application-pdf\"><a href=\"https:\/\/www.crea-mt.org.br\/portal\/wp-content\/uploads\/2017\/08\/Delibera\u00e7\u00e3o-021.2017-CER.pdf\">Delibera\u00e7\u00e3o 021.2017 -CER<\/a> <small>(92 kB)<\/small><\/li><li class=\"post-attachment mime-application-pdf\"><a href=\"https:\/\/www.crea-mt.org.br\/portal\/wp-content\/uploads\/2017\/08\/Delibera\u00e7\u00e3o-022.2017.pdf\">Delibera\u00e7\u00e3o 022.2017<\/a> <small>(100 kB)<\/small><\/li><li class=\"post-attachment mime-application-pdf\"><a href=\"https:\/\/www.crea-mt.org.br\/portal\/wp-content\/uploads\/2017\/08\/DELIBERA\u00c7\u00c3O-023.2017.pdf\">DELIBERA\u00c7\u00c3O 023.2017<\/a> <small>(118 kB)<\/small><\/li><li class=\"post-attachment mime-application-pdf\"><a href=\"https:\/\/www.crea-mt.org.br\/portal\/wp-content\/uploads\/2017\/08\/Delibera\u00e7\u00e3o-027.2017.pdf\">Delibera\u00e7\u00e3o 027.2017<\/a> <small>(116 kB)<\/small><\/li><li class=\"post-attachment mime-application-pdf\"><a href=\"https:\/\/www.crea-mt.org.br\/portal\/wp-content\/uploads\/2017\/08\/ATA-009.2017-CER.pdf\">ATA 009.2017 - CER<\/a> <small>(239 kB)<\/small><\/li><li class=\"post-attachment mime-application-pdf\"><a href=\"https:\/\/www.crea-mt.org.br\/portal\/wp-content\/uploads\/2017\/08\/ATA-011.2017-CER.pdf\">ATA 011.2017 - CER<\/a> <small>(393 kB)<\/small><\/li><li class=\"post-attachment mime-application-pdf\"><a href=\"https:\/\/www.crea-mt.org.br\/portal\/wp-content\/uploads\/2017\/08\/ATA-010.2017-CER.pdf\">ATA 010.2017 - CER<\/a> <small>(237 kB)<\/small><\/li><li class=\"post-attachment mime-application-pdf\"><a href=\"https:\/\/www.crea-mt.org.br\/portal\/wp-content\/uploads\/2017\/08\/Delibera\u00e7\u00e3o-n\u00ba-056_2017-CEF-Data-da-Elei\u00e7\u00e3o-e-desincompatibiliza\u00e7\u00e3o-DIRETOR-FINANCEIRO-Revoga-a-Delibera\u00e7\u00e3o-028.pdf\">Delibera\u00e7\u00e3o n\u00ba 056_2017-CEF (Data da Elei\u00e7\u00e3o e desincompatibiliza\u00e7\u00e3o DIRETOR FINANCEIRO) - Revoga a Delibera\u00e7\u00e3o 028<\/a> <small>(3 MB)<\/small><\/li><li class=\"post-attachment mime-application-pdf\"><a href=\"https:\/\/www.crea-mt.org.br\/portal\/wp-content\/uploads\/2017\/08\/Delibera\u00e7\u00e3o-n\u00ba-055_2017-CEF-Adequa\u00e7\u00e3o-CALEND\u00c1RIO-Presidente-Confea-e-Creas-b.pdf\">Delibera\u00e7\u00e3o n\u00ba 055_2017-CEF (Adequa\u00e7\u00e3o CALEND\u00c1RIO -Presidente Confea e Creas)-b<\/a> <small>(444 kB)<\/small><\/li><li class=\"post-attachment mime-application-pdf\"><a href=\"https:\/\/www.crea-mt.org.br\/portal\/wp-content\/uploads\/2017\/08\/Delibera\u00e7\u00e3o-n\u00ba-054_2017-CEF-Adequa\u00e7\u00e3o-CALEND\u00c1RIO-Conselheiro-Federal-modalidades-b.pdf\">Delibera\u00e7\u00e3o n\u00ba 054_2017-CEF (Adequa\u00e7\u00e3o CALEND\u00c1RIO -Conselheiro Federal modalidades)-b<\/a> <small>(526 kB)<\/small><\/li><li class=\"post-attachment mime-application-pdf\"><a href=\"https:\/\/www.crea-mt.org.br\/portal\/wp-content\/uploads\/2017\/08\/Delibera\u00e7\u00e3o-n\u00ba-053_2017-CEF-Adequa\u00e7\u00e3o-CALEND\u00c1RIO-Diretores-Gerais-e-Administrativos-da-M\u00fatua-b.pdf\">Delibera\u00e7\u00e3o n\u00ba 053_2017-CEF (Adequa\u00e7\u00e3o CALEND\u00c1RIO - Diretores Gerais e Administrativos da M\u00fatua)-b<\/a> <small>(584 kB)<\/small><\/li><li class=\"post-attachment mime-application-pdf\"><a href=\"https:\/\/www.crea-mt.org.br\/portal\/wp-content\/uploads\/2017\/08\/EDITAL-N.-005.2017-RECURSO-CONTRA-DECIS\u00d5ES-RELACIONADAS-A-CANDIDATURA-E-IMPUGNA\u00c7\u00d5ES.pdf\">EDITAL N. 005.2017 - RECURSO CONTRA DECIS\u00d5ES RELACIONADAS A CANDIDATURA E IMPUGNA\u00c7\u00d5ES<\/a> <small>(325 kB)<\/small><\/li><li class=\"post-attachment mime-application-pdf\"><a href=\"https:\/\/www.crea-mt.org.br\/portal\/wp-content\/uploads\/2017\/08\/DELIBERA\u00c7\u00c3O-018.2017-CER.pdf\">DELIBERA\u00c7\u00c3O 018.2017-CER<\/a> <small>(2 MB)<\/small><\/li><li class=\"post-attachment mime-application-pdf\"><a href=\"https:\/\/www.crea-mt.org.br\/portal\/wp-content\/uploads\/2017\/08\/DELIBERA\u00c7\u00c3O-019.2017-CER.pdf\">DELIBERA\u00c7\u00c3O 019.2017-CER<\/a> <small>(2 MB)<\/small><\/li><li class=\"post-attachment mime-application-pdf\"><a href=\"https:\/\/www.crea-mt.org.br\/portal\/wp-content\/uploads\/2017\/08\/Edital-08-2017-Registros_Candidatura.pdf\">Edital 08-2017 Registros_Candidatura<\/a> <small>(77 kB)<\/small><\/li><li class=\"post-attachment mime-application-pdf\"><a href=\"https:\/\/www.crea-mt.org.br\/portal\/wp-content\/uploads\/2017\/08\/EDITAL-ELEITORAL-N\u00ba-09-LOCALIZA\u00c7\u00c3O-MESAS.pdf\">EDITAL ELEITORAL N\u00ba 09 - LOCALIZA\u00c7\u00c3O MESAS<\/a> <small>(845 kB)<\/small><\/li><li class=\"post-attachment mime-application-pdf\"><a href=\"https:\/\/www.crea-mt.org.br\/portal\/wp-content\/uploads\/2017\/08\/Urubatan-Barros-N\u00ba-7.pdf\">Urubatan Barros N\u00ba 7<\/a> <small>(3 MB)<\/small><\/li><li class=\"post-attachment mime-application-pdf\"><a href=\"https:\/\/www.crea-mt.org.br\/portal\/wp-content\/uploads\/2017\/08\/Murilo-Pinheiro-N\u00ba-3.pdf\">Murilo Pinheiro N\u00ba 3<\/a> <small>(3 MB)<\/small><\/li><li class=\"post-attachment mime-application-pdf\"><a href=\"https:\/\/www.crea-mt.org.br\/portal\/wp-content\/uploads\/2017\/08\/Jos\u00e9-Ribeiro-N\u00ba-6.pdf\">Jos\u00e9 Ribeiro N\u00ba 6<\/a> <small>(2 MB)<\/small><\/li><li class=\"post-attachment mime-application-pdf\"><a href=\"https:\/\/www.crea-mt.org.br\/portal\/wp-content\/uploads\/2017\/08\/Joel-Kr\u00fcger-N\u00ba-5.pdf\">Joel Kr\u00fcger N\u00ba 5<\/a> <small>(3 MB)<\/small><\/li><li class=\"post-attachment mime-application-pdf\"><a href=\"https:\/\/www.crea-mt.org.br\/portal\/wp-content\/uploads\/2017\/08\/Jobson-Andrade-N\u00ba-4.pdf\">Jobson Andrade N\u00ba 4<\/a> <small>(2 MB)<\/small><\/li><li class=\"post-attachment mime-application-pdf\"><a href=\"https:\/\/www.crea-mt.org.br\/portal\/wp-content\/uploads\/2017\/08\/DELIBERA\u00c7\u00d5ES-058-a-111_2017-CEF.pdf\">DELIBERA\u00c7\u00d5ES 058 a 111_2017 - CEF<\/a> <small>(2 MB)<\/small><\/li><li class=\"post-attachment mime-application-pdf\"><a href=\"https:\/\/www.crea-mt.org.br\/portal\/wp-content\/uploads\/2017\/08\/DELIBERA\u00c7\u00d5ES-112-a-181_2017-CEF.pdf\">DELIBERA\u00c7\u00d5ES 112 a 181_2017 - CEF<\/a> <small>(3 MB)<\/small><\/li><li class=\"post-attachment mime-application-pdf\"><a href=\"https:\/\/www.crea-mt.org.br\/portal\/wp-content\/uploads\/2017\/08\/Decis\u00f5es-da-CEF-29-09.pdf\">Decis\u00f5es da CEF - 29-09<\/a> <small>(3 MB)<\/small><\/li><li class=\"post-attachment mime-application-pdf\"><a href=\"https:\/\/www.crea-mt.org.br\/portal\/wp-content\/uploads\/2017\/08\/Delibera\u00e7\u00e3o-n\u00ba-185_2017-CEF-Adequa\u00e7\u00e3o-CALEND\u00c1RIO-Presidente-Confea-e-Creas-prazo-recurso.pdf\">Delibera\u00e7\u00e3o n\u00ba 185_2017-CEF (Adequa\u00e7\u00e3o CALEND\u00c1RIO -Presidente Confea e Creas prazo recurso)<\/a> <small>(4 MB)<\/small><\/li><li class=\"post-attachment mime-application-pdf\"><a href=\"https:\/\/www.crea-mt.org.br\/portal\/wp-content\/uploads\/2017\/08\/Delibera\u00e7\u00e3o-n\u00ba-186_2017-CEF-Adequa\u00e7\u00e3o-CALEND\u00c1RIO-Conselheiro-Federal-modalidades-prazo-recurso.pdf\">Delibera\u00e7\u00e3o n\u00ba 186_2017-CEF (Adequa\u00e7\u00e3o CALEND\u00c1RIO -Conselheiro Federal modalidades prazo recurso)<\/a> <small>(4 MB)<\/small><\/li><li class=\"post-attachment mime-application-pdf\"><a href=\"https:\/\/www.crea-mt.org.br\/portal\/wp-content\/uploads\/2017\/08\/Delibera\u00e7\u00e3o-n\u00ba-187_2017-CEF-Adequa\u00e7\u00e3o-CALEND\u00c1RIO-Diretores-Gerais-e-Administrativos-da-M\u00fatua-prazo-recurso.pdf\">Delibera\u00e7\u00e3o n\u00ba 187\/2017-CEF - Adequa\u00e7\u00e3o CALEND\u00c1RIO - Diretores Gerais e Administrativos da M\u00fatua<\/a> <small>(4 MB)<\/small><\/li><li class=\"post-attachment mime-application-pdf\"><a href=\"https:\/\/www.crea-mt.org.br\/portal\/wp-content\/uploads\/2017\/08\/ATA-012-CER.pdf\">ATA 012 - CER<\/a> <small>(212 kB)<\/small><\/li><li class=\"post-attachment mime-application-pdf\"><a href=\"https:\/\/www.crea-mt.org.br\/portal\/wp-content\/uploads\/2017\/08\/ATA-013-CER.pdf\">ATA 013 CER<\/a> <small>(230 kB)<\/small><\/li><li class=\"post-attachment mime-application-pdf\"><a href=\"https:\/\/www.crea-mt.org.br\/portal\/wp-content\/uploads\/2017\/08\/Delibera\u00e7\u00e3o-028.2017-CER.pdf\">Delibera\u00e7\u00e3o 028.2017-CER<\/a> <small>(126 kB)<\/small><\/li><li class=\"post-attachment mime-application-pdf\"><a href=\"https:\/\/www.crea-mt.org.br\/portal\/wp-content\/uploads\/2017\/08\/Portaria-286-2017.pdf\">Portaria - 286-2017<\/a> <small>(4 MB)<\/small><\/li><li class=\"post-attachment mime-application-pdf\"><a href=\"https:\/\/www.crea-mt.org.br\/portal\/wp-content\/uploads\/2017\/08\/Delibera\u00e7\u00e3o-029.2017-CER.pdf\">Delibera\u00e7\u00e3o 029.2017 - CER<\/a> <small>(109 kB)<\/small><\/li><li class=\"post-attachment mime-application-pdf\"><a href=\"https:\/\/www.crea-mt.org.br\/portal\/wp-content\/uploads\/2017\/08\/Delibera\u00e7\u00e3o-030.2017-CER.pdf\">Delibera\u00e7\u00e3o 030.2017-CER<\/a> <small>(98 kB)<\/small><\/li><li class=\"post-attachment mime-application-pdf\"><a href=\"https:\/\/www.crea-mt.org.br\/portal\/wp-content\/uploads\/2017\/08\/ATA-015-C-ELEITORAL.pdf\">ATA 015 C ELEITORAL<\/a> <small>(335 kB)<\/small><\/li><li class=\"post-attachment mime-application-pdf\"><a href=\"https:\/\/www.crea-mt.org.br\/portal\/wp-content\/uploads\/2017\/08\/Ata-002-C-ELEITORAL-EXTRAORDIN\u00c1RIA.pdf\">Ata 002 C ELEITORAL - EXTRAORDIN\u00c1RIA<\/a> <small>(194 kB)<\/small><\/li><li class=\"post-attachment mime-application-pdf\"><a href=\"https:\/\/www.crea-mt.org.br\/portal\/wp-content\/uploads\/2017\/08\/Delibera\u00e7\u00e3o-031.2017-CER.pdf\">Delibera\u00e7\u00e3o 031.2017-CER<\/a> <small>(79 kB)<\/small><\/li><li class=\"post-attachment mime-application-pdf\"><a href=\"https:\/\/www.crea-mt.org.br\/portal\/wp-content\/uploads\/2017\/08\/Edital-008_2017-Diretoria-M\u00daTUA-Registros-Candidatura-ap\u00f3s-recurso-Plen\u00e1rio.pdf\">Edital 008_2017 - Diretoria M\u00daTUA - Registros Candidatura ap\u00f3s recurso Plen\u00e1rio<\/a> <small>(281 kB)<\/small><\/li><li class=\"post-attachment mime-application-pdf\"><a href=\"https:\/\/www.crea-mt.org.br\/portal\/wp-content\/uploads\/2017\/08\/ATA-007-C-ELEITORAL-SORTEIO-DOS-N\u00daMEROS.pdf\">ATA 007 C ELEITORAL - SORTEIO DOS N\u00daMEROS<\/a> <small>(195 kB)<\/small><\/li><li class=\"post-attachment mime-application-pdf\"><a href=\"https:\/\/www.crea-mt.org.br\/portal\/wp-content\/uploads\/2017\/08\/Edital-06-2017-Presidente-de-Crea.pdf\">Edital 06-2017 - Presidente de Crea<\/a> <small>(6 MB)<\/small><\/li><\/ul><\/div>","protected":false},"excerpt":{"rendered":"<p>Consulte seu Local de Vota\u00e7\u00e3o! Clique Aqui Attachments Edital 07-2017 Recursos Apresentados ao Plen\u00e1rio (103 kB)EDITAL 02-2017 &#8211; PRESIDENTE DO CREA (140 kB)Delibera\u00e7\u00e3o 035.2017-CER (99 kB)EDITAL 02-2017 &#8211; DIRET. GERAL E ADM. CAIXAS (134 kB)ATA 005 CER EXTRAORDIN\u00c1RIA (221 kB)ATA 004 CER EXTRAORDIN\u00c1RIA (282 kB)ATA 014 CER (278 kB)DELIBERA\u00c7\u00c3O 033.2017-CER (112 kB)DELIBERA\u00c7\u00c3O 034.2017-CER (110 kB)Delibera\u00e7\u00e3o [&hellip;]<\/p>\n","protected":false},"author":1,"featured_media":0,"parent":0,"menu_order":0,"comment_status":"closed","ping_status":"closed","template":"","meta":{"footnotes":""},"class_list":["post-13084","page","type-page","status-publish","hentry"],"acf":[],"_links":{"self":[{"href":"https:\/\/www.crea-mt.org.br\/portal\/wp-json\/wp\/v2\/pages\/13084","targetHints":{"allow":["GET"]}}],"collection":[{"href":"https:\/\/www.crea-mt.org.br\/portal\/wp-json\/wp\/v2\/pages"}],"about":[{"href":"https:\/\/www.crea-mt.org.br\/portal\/wp-json\/wp\/v2\/types\/page"}],"author":[{"embeddable":true,"href":"https:\/\/www.crea-mt.org.br\/portal\/wp-json\/wp\/v2\/users\/1"}],"replies":[{"embeddable":true,"href":"https:\/\/www.crea-mt.org.br\/portal\/wp-json\/wp\/v2\/comments?post=13084"}],"version-history":[{"count":21,"href":"https:\/\/www.crea-mt.org.br\/portal\/wp-json\/wp\/v2\/pages\/13084\/revisions"}],"predecessor-version":[{"id":14807,"href":"https:\/\/www.crea-mt.org.br\/portal\/wp-json\/wp\/v2\/pages\/13084\/revisions\/14807"}],"wp:attachment":[{"href":"https:\/\/www.crea-mt.org.br\/portal\/wp-json\/wp\/v2\/media?parent=13084"}],"curies":[{"name":"wp","href":"https:\/\/api.w.org\/{rel}","templated":true}]}}