{"id":10341,"date":"2017-08-06T21:40:19","date_gmt":"2017-08-07T00:40:19","guid":{"rendered":"https:\/\/www.crea-mt.org.br\/portal\/?page_id=10341"},"modified":"2017-08-06T21:42:20","modified_gmt":"2017-08-07T00:42:20","slug":"normas-tecnicas","status":"publish","type":"page","link":"https:\/\/www.crea-mt.org.br\/portal\/fpi\/normas-tecnicas\/","title":{"rendered":"Normas T\u00e9cnicas"},"content":{"rendered":"<div class=\"table-responsive\">\n<table class=\"table table-bordered\" border=\"0\" width=\"100%\" cellspacing=\"3\" cellpadding=\"3\">\n<tbody>\n<tr>\n<th scope=\"col\">Nome<\/th>\n<th scope=\"col\">Arquivo<\/th>\n<\/tr>\n<tr>\n<td class=\"left\">Acessibilidade a edifica\u00e7\u00f5es, mobili\u00e1rio, espa\u00e7os e equipamentos urbanos (NBR 9050)<\/td>\n<td align=\"center\"><a href=\"..\/includes\/baixar_arquivos.php?arq=37dfa60eab47af1efad759c2eefdb37f.pdf\" target=\"new\"><i class=\"fa fa-arrow-down\" aria-hidden=\"true\"><\/i> Baixar<\/a><\/td>\n<\/tr>\n<tr>\n<td class=\"left\">Transporte &#8211; Acessibilidade \u00d3 pessoa portadora de defici\u00eancia em \u00f4nibus e tr\u00belebus, para atendimento urbano e intermunicipal (NBR 14022)<\/td>\n<td align=\"center\"><a href=\"..\/includes\/baixar_arquivos.php?arq=551775cfb0fbf438b5873008361f83bd.pdf\" target=\"new\"><i class=\"fa fa-arrow-down\" aria-hidden=\"true\"><\/i> Baixar<\/a><\/td>\n<\/tr>\n<tr>\n<td class=\"left\">Transporte &#8211; Acessibilidade \u00d3 pessoa portadora de defici\u00eancia &#8211; Trem metropolitano (NBR 14021)<\/td>\n<td align=\"center\"><a href=\"..\/includes\/baixar_arquivos.php?arq=ab0f13847cb12aaf1f601fdd72060bb9.pdf\" target=\"new\"><i class=\"fa fa-arrow-down\" aria-hidden=\"true\"><\/i> Baixar<\/a><\/td>\n<\/tr>\n<tr>\n<td class=\"left\">Transporte &#8211; Acessibilidade \u00d3 pessoa portadora de defici\u00eancia &#8211; Trem de longo percurso (NBR 14020)<\/td>\n<td align=\"center\"><a href=\"..\/includes\/baixar_arquivos.php?arq=da9e20d1ebb772b481325004ceccc543.pdf\" target=\"new\"><i class=\"fa fa-arrow-down\" aria-hidden=\"true\"><\/i> Baixar<\/a><\/td>\n<\/tr>\n<tr>\n<td class=\"left\">Prote\u00e7\u00e3o de estruturas contra descargas admosf\u00e9ricas (NBR 5419)<\/td>\n<td align=\"center\"><a href=\"..\/includes\/baixar_arquivos.php?arq=b5b7338d42f66155b5ecb485fceed8de.pdf\" target=\"new\"><i class=\"fa fa-arrow-down\" aria-hidden=\"true\"><\/i> Baixar<\/a><\/td>\n<\/tr>\n<tr>\n<td class=\"left\">Elevadores de passageiros &#8211; Elevadores para transporte de pessoa portadora de defici\u00eancia (NBR 13994)<\/td>\n<td align=\"center\"><a href=\"..\/includes\/baixar_arquivos.php?arq=b84beabe80be1cf753a7c078f0da2802.pdf\" target=\"new\"><i class=\"fa fa-arrow-down\" aria-hidden=\"true\"><\/i> Baixar<\/a><\/td>\n<\/tr>\n<tr>\n<td class=\"left\">Acessibilidade da pessoa portadora de defici\u00eancia no transporte a\u00e9reo comercial (NBR 14273)<\/td>\n<td align=\"center\"><a href=\"..\/includes\/baixar_arquivos.php?arq=f9ae2e7c0708640c1bdc66b036e6d6f8.pdf\" target=\"new\"><i class=\"fa fa-arrow-down\" aria-hidden=\"true\"><\/i> Baixar<\/a><\/td>\n<\/tr>\n<\/tbody>\n<\/table>\n<\/div>\n","protected":false},"excerpt":{"rendered":"<p>Nome Arquivo Acessibilidade a edifica\u00e7\u00f5es, mobili\u00e1rio, espa\u00e7os e equipamentos urbanos (NBR 9050) Baixar Transporte &#8211; Acessibilidade \u00d3 pessoa portadora de defici\u00eancia em \u00f4nibus e tr\u00belebus, para atendimento urbano e intermunicipal (NBR 14022) Baixar Transporte &#8211; Acessibilidade \u00d3 pessoa portadora de defici\u00eancia &#8211; Trem metropolitano (NBR 14021) Baixar Transporte &#8211; Acessibilidade \u00d3 pessoa portadora de defici\u00eancia [&hellip;]<\/p>\n","protected":false},"author":1,"featured_media":0,"parent":10333,"menu_order":0,"comment_status":"closed","ping_status":"closed","template":"","meta":{"footnotes":""},"class_list":["post-10341","page","type-page","status-publish","hentry"],"acf":[],"_links":{"self":[{"href":"https:\/\/www.crea-mt.org.br\/portal\/wp-json\/wp\/v2\/pages\/10341","targetHints":{"allow":["GET"]}}],"collection":[{"href":"https:\/\/www.crea-mt.org.br\/portal\/wp-json\/wp\/v2\/pages"}],"about":[{"href":"https:\/\/www.crea-mt.org.br\/portal\/wp-json\/wp\/v2\/types\/page"}],"author":[{"embeddable":true,"href":"https:\/\/www.crea-mt.org.br\/portal\/wp-json\/wp\/v2\/users\/1"}],"replies":[{"embeddable":true,"href":"https:\/\/www.crea-mt.org.br\/portal\/wp-json\/wp\/v2\/comments?post=10341"}],"version-history":[{"count":3,"href":"https:\/\/www.crea-mt.org.br\/portal\/wp-json\/wp\/v2\/pages\/10341\/revisions"}],"predecessor-version":[{"id":10344,"href":"https:\/\/www.crea-mt.org.br\/portal\/wp-json\/wp\/v2\/pages\/10341\/revisions\/10344"}],"up":[{"embeddable":true,"href":"https:\/\/www.crea-mt.org.br\/portal\/wp-json\/wp\/v2\/pages\/10333"}],"wp:attachment":[{"href":"https:\/\/www.crea-mt.org.br\/portal\/wp-json\/wp\/v2\/media?parent=10341"}],"curies":[{"name":"wp","href":"https:\/\/api.w.org\/{rel}","templated":true}]}}