{"id":10333,"date":"2017-08-06T21:35:27","date_gmt":"2017-08-07T00:35:27","guid":{"rendered":"https:\/\/www.crea-mt.org.br\/portal\/?page_id=10333"},"modified":"2026-02-04T09:52:32","modified_gmt":"2026-02-04T13:52:32","slug":"fpi","status":"publish","type":"page","link":"https:\/\/www.crea-mt.org.br\/portal\/fpi\/","title":{"rendered":"FPI"},"content":{"rendered":"<p>&nbsp;<\/p>\n<ul>\n<li style=\"list-style-type: none;\">\n<ul>\n<li><a href=\"http:\/\/www.crea-mt.org.br\/arquivos\/manual_do_sindico.pdf\" target=\"_blank\" rel=\"noopener noreferrer\">Orienta\u00e7\u00f5es: S\u00edndicos e Cond\u00f4minos de\u00a0Edif\u00edcios<\/a><\/li>\n<li><a href=\"https:\/\/www.crea-mt.org.br\/portal\/fpi\/informacoes-tecnicas-sobre-elevadores\/\">Informa\u00e7\u00f5es t\u00e9cnicas sobre elevadores<\/a><\/li>\n<li><a href=\"https:\/\/www.crea-mt.org.br\/portal\/fpi\/normas-tecnicas\">Normas T\u00e9cnicas<\/a><\/li>\n<li><a href=\"https:\/\/www.crea-mt.org.br\/portal\/wp-content\/uploads\/2026\/02\/Of.-Circ.-001-2026_CARNAVAL.pdf\">Termo de Responsabilidade e Compromisso Carnaval 2026<\/a><\/li>\n<li><a href=\"https:\/\/www.crea-mt.org.br\/portal\/wp-content\/uploads\/2026\/02\/TERMO-DE-RESP.-ECOMPROMISSO-EVENTOS-2026-V-26-01.pdf\">Termo de Responsabilidade e Compromisso Eventos 2026<\/a><\/li>\n<li><a href=\"https:\/\/www.crea-mt.org.br\/portal\/wp-content\/uploads\/2023\/08\/03-Oficio-Circular-para-unidades-de-Saude.docx\" target=\"_blank\" rel=\"noopener\">Of\u00edcio Circular para unidades de Sa\u00fade<\/a><\/li>\n<\/ul>\n<\/li>\n<\/ul>\n<p>Para d\u00favidas e esclarecimentos, favor entrar em contato com FPI, atrav\u00e9s do e-mail: <a href=\"mailto:fpi@crea-mt.org.br\">fpi@crea-mt.org.br<\/a>\u00a0ou pelos telefones (65) 3315-3028 e (65) 3315-3011.<\/p>\n<!-- WP Attachments -->\r\n        <div style=\"width:100%;margin:10px 0 10px 0;\">\r\n            <h3>Attachments<\/h3>\r\n        <ul class=\"post-attachments\"><li class=\"post-attachment mime-application-pdf\"><a href=\"https:\/\/www.crea-mt.org.br\/portal\/wp-content\/uploads\/2026\/02\/TERMO-DE-RESP.-ECOMPROMISSO-EVENTOS-2026-V-26-01.pdf\">TERMO-DE-RESP.-ECOMPROMISSO-EVENTOS-2026 V-26-01.<\/a> <small>(2 MB)<\/small><\/li><li class=\"post-attachment mime-application-pdf\"><a href=\"https:\/\/www.crea-mt.org.br\/portal\/wp-content\/uploads\/2026\/02\/Of.-Circ.-001-2026_CARNAVAL.pdf\">Of. Circ. 001-2026_CARNAVAL<\/a> <small>(63 kB)<\/small><\/li><li class=\"post-attachment mime-application-vnd-openxmlformats-officedocument-wordprocessingml-document\"><a href=\"https:\/\/www.crea-mt.org.br\/portal\/wp-content\/uploads\/2023\/08\/03-Oficio-Circular-para-unidades-de-Saude.docx\">03-Oficio-Circular-para-unidades-de-Saude<\/a> <small>(69 kB)<\/small><\/li><\/ul><\/div>","protected":false},"excerpt":{"rendered":"<p>&nbsp; Orienta\u00e7\u00f5es: S\u00edndicos e Cond\u00f4minos de\u00a0Edif\u00edcios Informa\u00e7\u00f5es t\u00e9cnicas sobre elevadores Normas T\u00e9cnicas Termo de Responsabilidade e Compromisso Carnaval 2026 Termo de Responsabilidade e Compromisso Eventos 2026 Of\u00edcio Circular para unidades de Sa\u00fade Para d\u00favidas e esclarecimentos, favor entrar em contato com FPI, atrav\u00e9s do e-mail: fpi@crea-mt.org.br\u00a0ou pelos telefones (65) 3315-3028 e (65) 3315-3011. Attachments TERMO-DE-RESP.-ECOMPROMISSO-EVENTOS-2026 [&hellip;]<\/p>\n","protected":false},"author":1,"featured_media":0,"parent":0,"menu_order":0,"comment_status":"closed","ping_status":"closed","template":"","meta":{"footnotes":""},"class_list":["post-10333","page","type-page","status-publish","hentry"],"acf":[],"_links":{"self":[{"href":"https:\/\/www.crea-mt.org.br\/portal\/wp-json\/wp\/v2\/pages\/10333","targetHints":{"allow":["GET"]}}],"collection":[{"href":"https:\/\/www.crea-mt.org.br\/portal\/wp-json\/wp\/v2\/pages"}],"about":[{"href":"https:\/\/www.crea-mt.org.br\/portal\/wp-json\/wp\/v2\/types\/page"}],"author":[{"embeddable":true,"href":"https:\/\/www.crea-mt.org.br\/portal\/wp-json\/wp\/v2\/users\/1"}],"replies":[{"embeddable":true,"href":"https:\/\/www.crea-mt.org.br\/portal\/wp-json\/wp\/v2\/comments?post=10333"}],"version-history":[{"count":21,"href":"https:\/\/www.crea-mt.org.br\/portal\/wp-json\/wp\/v2\/pages\/10333\/revisions"}],"predecessor-version":[{"id":67879,"href":"https:\/\/www.crea-mt.org.br\/portal\/wp-json\/wp\/v2\/pages\/10333\/revisions\/67879"}],"wp:attachment":[{"href":"https:\/\/www.crea-mt.org.br\/portal\/wp-json\/wp\/v2\/media?parent=10333"}],"curies":[{"name":"wp","href":"https:\/\/api.w.org\/{rel}","templated":true}]}}