{"id":10328,"date":"2017-08-06T21:27:27","date_gmt":"2017-08-07T00:27:27","guid":{"rendered":"https:\/\/www.crea-mt.org.br\/portal\/?page_id=10328"},"modified":"2026-01-14T16:25:41","modified_gmt":"2026-01-14T20:25:41","slug":"leis-e-resolucoes","status":"publish","type":"page","link":"https:\/\/www.crea-mt.org.br\/portal\/leis-e-resolucoes\/","title":{"rendered":"Leis e Resolu\u00e7\u00f5es"},"content":{"rendered":"<div class=\"table-responsive\">\n<table class=\"table table-bordered\" border=\"0\" width=\"100%\" cellspacing=\"3\" cellpadding=\"3\">\n<tbody>\n<tr>\n<th scope=\"col\">Nome<\/th>\n<th scope=\"col\">Descri\u00e7\u00e3o<\/th>\n<th scope=\"col\">Arquivo<\/th>\n<\/tr>\n<tr>\n<td class=\"left\">Decis\u00e3o Normativa N\u00ba 111\/2017<\/td>\n<td class=\"left\">Decis\u00e3o Normativa N\u00ba 111\/2017<\/td>\n<td align=\"center\"><a href=\"https:\/\/www.crea-mt.org.br\/portal\/wp-content\/uploads\/2017\/10\/DECIS\u00c3O-NORMATIVA-N\u00ba-111.pdf\" target=\"new\" rel=\"noopener noreferrer\"><i class=\"fa fa-arrow-down\" aria-hidden=\"true\"><\/i> Baixar<\/a><\/td>\n<\/tr>\n<tr>\n<td class=\"left\">Resolu\u00e7\u00e3o N\u00ba 1.090<\/td>\n<td class=\"left\">Resolu\u00e7\u00e3o N\u00ba 1.090<\/td>\n<td align=\"center\"><a href=\"https:\/\/www.crea-mt.org.br\/portal\/wp-content\/uploads\/2017\/10\/RESOLU\u00c7\u00c3O-N\u00ba-1.090.pdf\" target=\"new\" rel=\"noopener noreferrer\"><i class=\"fa fa-arrow-down\" aria-hidden=\"true\"><\/i> Baixar<\/a><\/td>\n<\/tr>\n<tr>\n<td class=\"left\">Regimento Interno<\/td>\n<td class=\"left\">Regimento Interno do CREA-MT<\/td>\n<td align=\"center\"><a href=\"https:\/\/www.crea-mt.org.br\/portal\/wp-content\/uploads\/2019\/03\/regimento_interno_crea_mt_2019.pdf\" target=\"new\" rel=\"noopener noreferrer\"><i class=\"fa fa-arrow-down\" aria-hidden=\"true\"><\/i> Baixar<\/a><\/td>\n<\/tr>\n<tr>\n<td class=\"left\">Tabela de Honor\u00e1rios<\/td>\n<td class=\"left\">Tabela de Honor\u00e1rios Profissional (GEOLOGIA)<\/td>\n<td align=\"center\"><a href=\"https:\/\/www.crea-mt.org.br\/portal\/wp-content\/uploads\/2026\/01\/Tabela.pdf\" target=\"new\" rel=\"noopener noreferrer\"><i class=\"fa fa-arrow-down\" aria-hidden=\"true\"><\/i> Baixar<\/a><\/td>\n<\/tr>\n<tr>\n<td class=\"left\">Tabela de Honor\u00e1rios Profissional<\/td>\n<td class=\"left\">Tabela de Honor\u00e1rios Profissional (Engenharia Civil)<\/td>\n<td align=\"center\"><a href=\"https:\/\/www.crea-mt.org.br\/portal\/wp-content\/uploads\/2021\/07\/A-TABELA-DE-HONORARIOS-BASICOS-PROFISSIONAIS-DA-ABENC.pdf\" target=\"new\" rel=\"noopener noreferrer\"><i class=\"fa fa-arrow-down\" aria-hidden=\"true\"><\/i> Baixar<\/a><\/td>\n<\/tr>\n<tr>\n<td class=\"left\">Resolu\u00e7\u00e3o n\u00ba 218<\/td>\n<td class=\"left\">Atribui\u00e7\u00f5es m\u00ednimas das modalidades profissionais da Engenharia, de acordo com a RESOLU\u00c7\u00c3O do CONFEA N\u00ba 218 \/ 1973<\/td>\n<td align=\"center\"><a href=\"https:\/\/www.crea-mt.org.br\/portal\/wp-content\/uploads\/2017\/08\/Atribui\u00e7\u00f5es-das-engenharias.pdf\" target=\"_blank\" rel=\"noopener noreferrer\"><i class=\"fa fa-arrow-down\" aria-hidden=\"true\"><\/i> Baixar<\/a><\/td>\n<\/tr>\n<tr>\n<td class=\"left\">C\u00f3digo de \u00c9tica Profissional<\/td>\n<td class=\"left\">C\u00f3digo de \u00c9tica Profissional 15\u00aa Edi\u00e7\u00e3o &#8211; 2024<\/td>\n<td align=\"center\"><a href=\"https:\/\/www.crea-mt.org.br\/portal\/wp-content\/uploads\/2025\/04\/codigo_etica_profissional_versao-digital.pdf\" target=\"_blank\" rel=\"noopener noreferrer\"><i class=\"fa fa-arrow-down\" aria-hidden=\"true\"><\/i> Baixar<\/a><\/td>\n<\/tr>\n<tr>\n<td class=\"left\">Resolu\u00e7\u00e3o n\u00b0 1.004<\/td>\n<td class=\"left\">Manual de procedimentos para condu\u00e7\u00e3o de processo de \u00c9tica Profissional<\/td>\n<td align=\"center\"><a href=\"\/arquivos\/2d8d04ad7acef5aff442a07fe03fbe87.pdf\" target=\"new\" rel=\"noopener noreferrer\"><i class=\"fa fa-arrow-down\" aria-hidden=\"true\"><\/i> Baixar<\/a><\/td>\n<\/tr>\n<tr>\n<td class=\"left\">Hist\u00f3ria do C\u00f3digo de \u00c9tica<\/td>\n<td class=\"left\">Breve hist\u00f3rico do c\u00f3digo de \u00e9tica profissional e de sua apliac\u00e7\u00e3o no sistema CONFEA\/CREA<\/td>\n<td align=\"center\"><a href=\"https:\/\/www.crea-mt.org.br\/portal\/wp-content\/uploads\/2025\/04\/codigo_etica_profissional_versao-digital.pdf\" target=\"new\" rel=\"noopener noreferrer\"><i class=\"fa fa-arrow-down\" aria-hidden=\"true\"><\/i> Baixar<\/a><\/td>\n<\/tr>\n<tr>\n<td class=\"left\">Decis\u00e3o Normativa 094<\/td>\n<td class=\"left\">Aprova o Manual de Procedimentos para a Condu\u00e7\u00e3o dos Processos de \u00c9tica Profissional<\/td>\n<td align=\"center\"><a href=\"\/arquivos\/3e290f74af9e2aa2d3950f3e79dbc209.pdf\" target=\"new\" rel=\"noopener noreferrer\"><i class=\"fa fa-arrow-down\" aria-hidden=\"true\"><\/i> Baixar<\/a><\/td>\n<\/tr>\n<tr>\n<td class=\"left\">Lei 6835 de 14\/10\/1980<\/td>\n<td class=\"left\">Disp\u00f5e sobre a profiss\u00e3o de meteorologista<\/td>\n<td align=\"center\"><a href=\"\/arquivos\/4cea3798b42fc29686931cf82af069c5.pdf\" target=\"new\" rel=\"noopener noreferrer\"><i class=\"fa fa-arrow-down\" aria-hidden=\"true\"><\/i> Baixar<\/a><\/td>\n<\/tr>\n<tr>\n<td class=\"left\">Lei 6664 de 26\/06\/1979<\/td>\n<td class=\"left\">Disp\u00f5e sobre a profiss\u00e3o de ge\u00f3grafo<\/td>\n<td align=\"center\"><a href=\"\/arquivos\/140594f66fa23fe7dc24792ad3d2a380.pdf\" target=\"new\" rel=\"noopener noreferrer\"><i class=\"fa fa-arrow-down\" aria-hidden=\"true\"><\/i> Baixar<\/a><\/td>\n<\/tr>\n<tr>\n<td class=\"left\">Lei 4076 de 23\/06\/1962<\/td>\n<td class=\"left\">Disp\u00f5e sobre a profiss\u00e3o de ge\u00f3logo<\/td>\n<td align=\"center\"><a href=\"\/arquivos\/dbab87f783b8c6ca04b90996b937f507.pdf\" target=\"new\" rel=\"noopener noreferrer\"><i class=\"fa fa-arrow-down\" aria-hidden=\"true\"><\/i> Baixar<\/a><\/td>\n<\/tr>\n<tr>\n<td class=\"left\">Resolu\u00e7\u00e3o n\u00ba 359 de 31\/07\/1991<\/td>\n<td class=\"left\">Disp\u00f5e sobre o Engenheiro de Seguran\u00e7a do Trabalho<\/td>\n<td align=\"center\"><a href=\"\/arquivos\/a58aac08f51d3898c7364a1b0730f1ea.pdf\" target=\"new\" rel=\"noopener noreferrer\"><i class=\"fa fa-arrow-down\" aria-hidden=\"true\"><\/i> Baixar<\/a><\/td>\n<\/tr>\n<tr>\n<td class=\"left\">Resolu\u00e7\u00e3o 394<\/td>\n<td class=\"left\">Requerimento de Registro de ART de obra\/servi\u00e7o conclu\u00eddo &#8211; Resolu\u00e7\u00e3o 394<\/td>\n<td align=\"center\"><a href=\"\/arquivos\/8907cc0f47dade6f933d87aa84bc6a16.pdf\" target=\"new\" rel=\"noopener noreferrer\"><i class=\"fa fa-arrow-down\" aria-hidden=\"true\"><\/i> Baixar<\/a><\/td>\n<\/tr>\n<tr>\n<td class=\"left\">Resolu\u00e7\u00e3o n\u00ba218 de 29\/06\/1973<\/td>\n<td class=\"left\">Disp\u00f5e sobre as atividades dos profissionais da Engenharia, Arquitetura e Agronomia<\/td>\n<td align=\"center\"><a href=\"\/arquivos\/0bb0d5dcb999060fb1cd8f905262610a.pdf\" target=\"new\" rel=\"noopener noreferrer\"><i class=\"fa fa-arrow-down\" aria-hidden=\"true\"><\/i> Baixar<\/a><\/td>\n<\/tr>\n<\/tbody>\n<\/table>\n<\/div>\n<!-- WP Attachments -->\r\n        <div style=\"width:100%;margin:10px 0 10px 0;\">\r\n            <h3>Attachments<\/h3>\r\n        <ul class=\"post-attachments\"><li class=\"post-attachment mime-application-pdf\"><a href=\"https:\/\/www.crea-mt.org.br\/portal\/wp-content\/uploads\/2019\/03\/regimento_interno_crea_mt_2019.pdf\">regimento_interno_crea_mt_2019<\/a> <small>(393 kB)<\/small><\/li><li class=\"post-attachment mime-application-pdf\"><a href=\"https:\/\/www.crea-mt.org.br\/portal\/wp-content\/uploads\/2025\/04\/codigo_etica_profissional_versao-digital.pdf\">codigo_etica_profissional_versao-digital<\/a> <small>(792 kB)<\/small><\/li><li class=\"post-attachment mime-application-pdf\"><a href=\"https:\/\/www.crea-mt.org.br\/portal\/wp-content\/uploads\/2021\/07\/A-TABELA-DE-HONORARIOS-BASICOS-PROFISSIONAIS-DA-ABENC.pdf\">A TABELA DE HONORARIOS BASICOS PROFISSIONAIS DA ABENC<\/a> <small>(2 MB)<\/small><\/li><li class=\"post-attachment mime-application-pdf\"><a href=\"https:\/\/www.crea-mt.org.br\/portal\/wp-content\/uploads\/2026\/01\/Tabela.pdf\">Tabela<\/a> <small>(304 kB)<\/small><\/li><\/ul><\/div>","protected":false},"excerpt":{"rendered":"<p>Nome Descri\u00e7\u00e3o Arquivo Decis\u00e3o Normativa N\u00ba 111\/2017 Decis\u00e3o Normativa N\u00ba 111\/2017 Baixar Resolu\u00e7\u00e3o N\u00ba 1.090 Resolu\u00e7\u00e3o N\u00ba 1.090 Baixar Regimento Interno Regimento Interno do CREA-MT Baixar Tabela de Honor\u00e1rios Tabela de Honor\u00e1rios Profissional (GEOLOGIA) Baixar Tabela de Honor\u00e1rios Profissional Tabela de Honor\u00e1rios Profissional (Engenharia Civil) Baixar Resolu\u00e7\u00e3o n\u00ba 218 Atribui\u00e7\u00f5es m\u00ednimas das modalidades profissionais da [&hellip;]<\/p>\n","protected":false},"author":1,"featured_media":0,"parent":0,"menu_order":0,"comment_status":"closed","ping_status":"closed","template":"","meta":{"footnotes":""},"class_list":["post-10328","page","type-page","status-publish","hentry"],"acf":[],"_links":{"self":[{"href":"https:\/\/www.crea-mt.org.br\/portal\/wp-json\/wp\/v2\/pages\/10328","targetHints":{"allow":["GET"]}}],"collection":[{"href":"https:\/\/www.crea-mt.org.br\/portal\/wp-json\/wp\/v2\/pages"}],"about":[{"href":"https:\/\/www.crea-mt.org.br\/portal\/wp-json\/wp\/v2\/types\/page"}],"author":[{"embeddable":true,"href":"https:\/\/www.crea-mt.org.br\/portal\/wp-json\/wp\/v2\/users\/1"}],"replies":[{"embeddable":true,"href":"https:\/\/www.crea-mt.org.br\/portal\/wp-json\/wp\/v2\/comments?post=10328"}],"version-history":[{"count":18,"href":"https:\/\/www.crea-mt.org.br\/portal\/wp-json\/wp\/v2\/pages\/10328\/revisions"}],"predecessor-version":[{"id":67730,"href":"https:\/\/www.crea-mt.org.br\/portal\/wp-json\/wp\/v2\/pages\/10328\/revisions\/67730"}],"wp:attachment":[{"href":"https:\/\/www.crea-mt.org.br\/portal\/wp-json\/wp\/v2\/media?parent=10328"}],"curies":[{"name":"wp","href":"https:\/\/api.w.org\/{rel}","templated":true}]}}