{"id":10307,"date":"2017-08-06T21:10:00","date_gmt":"2017-08-07T00:10:00","guid":{"rendered":"https:\/\/www.crea-mt.org.br\/portal\/?page_id=10307"},"modified":"2026-01-19T11:25:01","modified_gmt":"2026-01-19T15:25:01","slug":"documentos-obrigatorios","status":"publish","type":"page","link":"https:\/\/www.crea-mt.org.br\/portal\/documentos-obrigatorios\/","title":{"rendered":"Formul\u00e1rios e Requerimentos"},"content":{"rendered":"<div class=\"table-responsive\">\n<p>Profissional, o Crea-MT informa que os formul\u00e1rios requeridos, sejam <strong>preferencialmente digitados<\/strong>, ambos os documentos dispon\u00edveis no site s\u00e3o arquivos edit\u00e1veis (.PDF e .DOC), tornando assim mais \u00e1gil a tramita\u00e7\u00e3o dos mesmos.<\/p>\n<table class=\"table table-bordered\" border=\"0\" width=\"100%\" cellspacing=\"3\" cellpadding=\"3\">\n<tbody>\n<tr>\n<th class=\"titulo_3\" colspan=\"6\" scope=\"col\">Profissional<\/th>\n<\/tr>\n<tr>\n<th scope=\"col\">Nome<\/th>\n<th scope=\"col\">Data<\/th>\n<th scope=\"col\">Arquivo .PDF<\/th>\n<th scope=\"col\">Arquivo .DOC<\/th>\n<\/tr>\n<tr>\n<td class=\"left \">Requerimento de ades\u00e3o ao programa de recupera\u00e7\u00e3o de cr\u00e9ditos<\/td>\n<td align=\"center\">30\/07\/2021<\/td>\n<td align=\"center\"><a href=\"https:\/\/www.crea-mt.org.br\/portal\/wp-content\/uploads\/2025\/07\/Formulario-Recuperacao-de-Creditos-novo.pdf\" target=\"new\" rel=\"noopener noreferrer\"><i class=\"fa fa-arrow-down\" aria-hidden=\"true\"><\/i> Baixar<\/a><\/td>\n<td align=\"center\"><a href=\"https:\/\/www.crea-mt.org.br\/portal\/wp-content\/uploads\/2025\/07\/Formulario-Recuperacao-de-Creditos.docx\" target=\"new\" rel=\"noopener noreferrer\"><i class=\"fa fa-arrow-down\" aria-hidden=\"true\"><\/i> Baixar<\/a><\/td>\n<\/tr>\n<tr>\n<td class=\"left \"><\/td>\n<td align=\"center\"><\/td>\n<td align=\"center\"><\/td>\n<td align=\"center\"><\/td>\n<\/tr>\n<tr>\n<td class=\"left \">Requerimento para revis\u00e3o de atribui\u00e7\u00e3o profissional<\/td>\n<td align=\"center\">12\/09\/25<\/td>\n<td align=\"center\"><a href=\"https:\/\/www.crea-mt.org.br\/portal\/wp-content\/uploads\/2025\/09\/Requerimento-para-Revisao-de-Atribuicoes-1.pdf\" target=\"new\" rel=\"noopener noreferrer\"><i class=\"fa fa-arrow-down\" aria-hidden=\"true\"><\/i> Baixar<\/a><\/td>\n<td align=\"center\"><\/td>\n<\/tr>\n<tr>\n<td class=\"left \">Requerimento para averba\u00e7\u00e3o de altera\u00e7\u00e3o de dados &#8211; pessoa jur\u00eddica<\/td>\n<td align=\"center\">04\/01\/22<\/td>\n<td align=\"center\"><a href=\"https:\/\/www.crea-mt.org.br\/portal\/wp-content\/uploads\/2022\/08\/Formulario-averbacao-de-alteracao-de-dados-pessoa-juridica-OFF.pdf\" target=\"new\" rel=\"noopener noreferrer\">Baixar<\/a><\/td>\n<td align=\"center\"><\/td>\n<\/tr>\n<tr>\n<td class=\"left \">Requerimento para interrup\u00e7\u00e3o de registro profissional<\/td>\n<td align=\"center\">15\/12\/2025<\/td>\n<td align=\"center\"><a href=\"https:\/\/www.crea-mt.org.br\/portal\/wp-content\/uploads\/2025\/12\/Requerimento-para-Interrupcao-de-Registro-Profissional-1.pdf\" target=\"new\" rel=\"noopener noreferrer\"><i class=\"fa fa-arrow-down\" aria-hidden=\"true\"><\/i> Baixar<\/a><\/td>\n<td align=\"center\"><\/td>\n<\/tr>\n<tr>\n<td class=\"left destaque\">Formul\u00e1rio para obten\u00e7\u00e3o de foto e assinatura para emiss\u00e3o da carteira profissional<\/td>\n<td class=\"destaque\" align=\"center\">10\/03\/2025<\/td>\n<td align=\"center\"><a href=\"https:\/\/www.crea-mt.org.br\/portal\/wp-content\/uploads\/2025\/03\/formulario-obtencao-de-foto-e-assinatura-para-Carteira-Profissional.pdf\" target=\"new\" rel=\"noopener noreferrer\">Baixar<\/a><\/td>\n<\/tr>\n<tr>\n<td class=\"left \"><\/td>\n<td align=\"center\"><\/td>\n<td align=\"center\"><\/td>\n<\/tr>\n<tr>\n<td class=\"left \"><\/td>\n<td align=\"center\"><\/td>\n<td align=\"center\"><\/td>\n<\/tr>\n<tr>\n<td class=\"left \">Formul\u00e1rio para declara\u00e7\u00e3o de endere\u00e7o pelo profissional<\/td>\n<td align=\"center\">29\/01\/25<\/td>\n<td align=\"center\"><a href=\"https:\/\/www.crea-mt.org.br\/portal\/wp-content\/uploads\/2025\/01\/Formulario-de-Declaracao-de-Endereco-1.pdf\" target=\"new\" rel=\"noopener noreferrer\"><i class=\"fa fa-arrow-down\" aria-hidden=\"true\"><\/i> Baixar<\/a><\/td>\n<\/tr>\n<tr>\n<td class=\"left \">Requerimento para certid\u00e3o especial<\/td>\n<td align=\"center\">05\/07\/2022<\/td>\n<td align=\"center\"><a href=\"https:\/\/www.crea-mt.org.br\/portal\/wp-content\/uploads\/2022\/08\/REQUERIMENTO-PARA-CERTIDAO-ESPECIAL-OFICIAL.pdf\" target=\"new\" rel=\"noopener noreferrer\"><i class=\"fa fa-arrow-down\" aria-hidden=\"true\"><\/i> Baixar<\/a><\/td>\n<\/tr>\n<tr>\n<td class=\"left \"><\/td>\n<td align=\"center\"><\/td>\n<td align=\"center\"><\/td>\n<\/tr>\n<tr>\n<td class=\"left \">Requerimento de inclus\u00e3o\/ exclus\u00e3o de nome social<\/td>\n<td align=\"center\">26\/09\/18<\/td>\n<td align=\"center\"><i class=\"fa fa-arrow-down\" aria-hidden=\"true\"><\/i> <a href=\"https:\/\/www.crea-mt.org.br\/portal\/wp-content\/uploads\/2018\/09\/REQUERIMENTO-DE-INCLUSAO-EXCLUSAO-DE-NOME-SOCIAL-NO-CPF.pdf\">Baixar<\/a><\/td>\n<td align=\"center\"><a href=\"https:\/\/www.crea-mt.org.br\/portal\/wp-content\/uploads\/2018\/09\/REQUERIMENTO-DE-INCLUSAO-EXCLUSAO-DE-NOME-SOCIAL-NO-CPF.docx\" target=\"new\" rel=\"noopener noreferrer\"><i class=\"fa fa-arrow-down\" aria-hidden=\"true\"><\/i> Baixar<\/a><\/td>\n<\/tr>\n<tr>\n<th class=\"titulo_3\" colspan=\"6\" scope=\"col\">ART &#8211; Anota\u00e7\u00e3o de Responsabilidade T\u00e9cnica<\/th>\n<\/tr>\n<tr>\n<th scope=\"col\">Nome<\/th>\n<th scope=\"col\">Data<\/th>\n<th scope=\"col\">Arquivo .PDF<\/th>\n<th scope=\"col\">Arquivo .DOC<\/th>\n<\/tr>\n<tr>\n<td class=\"left \">Requerimento para baixa ou cancelamento de ART<\/td>\n<td align=\"center\">22\/10\/24<\/td>\n<td align=\"center\"><a href=\"https:\/\/www.crea-mt.org.br\/portal\/wp-content\/uploads\/2024\/10\/Formulario-para-Baixa-e-Cancelamento-de-ART.pdf\" target=\"new\" rel=\"noopener noreferrer\"><i class=\"fa fa-arrow-down\" aria-hidden=\"true\"><\/i> Baixar<\/a><\/td>\n<td align=\"center\"><\/td>\n<\/tr>\n<tr>\n<td class=\"left \">Termo de reponsabilidade &#8211; Baixa de ART conclus\u00e3o de obra servi\u00e7o<\/td>\n<td align=\"center\">11\/09\/25<\/td>\n<td align=\"center\"><a href=\"https:\/\/www.crea-mt.org.br\/portal\/wp-content\/uploads\/2025\/09\/Termo-de-reponsabilidade-Baixa-de-ART-conclusao-de-obra-servico.pdf\" target=\"new\" rel=\"noopener noreferrer\">Baixar<\/a><\/td>\n<\/tr>\n<tr>\n<td class=\"left \">Modelo de atestado de capacidade t\u00e9cnica<\/td>\n<td align=\"center\">11\/09\/25<\/td>\n<td align=\"center\"><a href=\"https:\/\/www.crea-mt.org.br\/portal\/wp-content\/uploads\/2025\/09\/Modelo-de-Atestado.pdf\" target=\"new\" rel=\"noopener noreferrer\"><i class=\"fa fa-arrow-down\" aria-hidden=\"true\"><\/i> Baixar<\/a><\/td>\n<\/tr>\n<tr>\n<td class=\"left destaque\"><\/td>\n<td class=\"destaque\" align=\"center\"><\/td>\n<td align=\"center\"><\/td>\n<\/tr>\n<tr>\n<td class=\"left \">Requerimento para Certid\u00e3o de Acero T\u00e9cnico Operacional &#8211; CAO<\/td>\n<td align=\"center\">10\/06\/2024<\/td>\n<td align=\"center\"><a href=\"https:\/\/www.crea-mt.org.br\/portal\/wp-content\/uploads\/2025\/05\/Requerimento-para-Certidao-de-Acero-Tecnico-Operacional-\u2013-CAO.pdf\" target=\"new\" rel=\"noopener noreferrer\">Baixar<\/a><\/td>\n<td align=\"center\"><\/td>\n<\/tr>\n<tr>\n<td class=\"left \"><\/td>\n<td align=\"center\"><\/td>\n<td align=\"center\"><\/td>\n<td align=\"center\"><\/td>\n<\/tr>\n<tr>\n<td class=\"left \">Formul\u00e1rio para certid\u00e3o de acervo t\u00e9cnico com e sem registro de atestado<\/td>\n<td align=\"center\">05\/04\/19<\/td>\n<td align=\"center\"><a href=\"https:\/\/www.crea-mt.org.br\/portal\/wp-content\/uploads\/2019\/04\/REQUERIMENTO-PARA-CATE-COM-E-SEM-REGISTRO-DE-ATESTADO.pdf\" target=\"new\" rel=\"noopener noreferrer\"><i class=\"fa fa-arrow-down\" aria-hidden=\"true\"><\/i> Baixar<\/a><\/td>\n<td align=\"center\"><a href=\"https:\/\/www.crea-mt.org.br\/portal\/wp-content\/uploads\/2019\/04\/REQUERIMENTO-PARA-CATE-COM-E-SEM-REGISTRO-DE-ATESTADO.docx\" target=\"new\" rel=\"noopener noreferrer\"><i class=\"fa fa-arrow-down\" aria-hidden=\"true\"><\/i> Baixar<\/a><\/td>\n<\/tr>\n<tr>\n<td class=\"left \">Requerimento de certid\u00e3o de baixa de ART<\/td>\n<td align=\"center\">01\/03\/13<\/td>\n<td align=\"center\"><a href=\"https:\/\/www.crea-mt.org.br\/portal\/wp-content\/uploads\/2022\/08\/REQUERIMENTO-PARA-CERTIDAO-DE-BAIXA-DE-ART.pdf\" target=\"new\" rel=\"noopener noreferrer\"><i class=\"fa fa-arrow-down\" aria-hidden=\"true\"><\/i> Baixar<\/a><\/td>\n<\/tr>\n<tr>\n<td class=\"left \"><\/td>\n<td align=\"center\"><\/td>\n<td align=\"center\"><\/td>\n<\/tr>\n<tr>\n<td class=\"left \">Livro de Ordem<\/td>\n<td align=\"center\"><\/td>\n<td align=\"center\"><a href=\"https:\/\/www.crea-mt.org.br\/portal\/wp-content\/uploads\/2019\/03\/livro-de-ordem.pdf\" target=\"new\" rel=\"noopener noreferrer\"><i class=\"fa fa-arrow-down\" aria-hidden=\"true\"><\/i> Baixar<\/a><\/td>\n<td align=\"center\"><a href=\"https:\/\/www.crea-mt.org.br\/portal\/wp-content\/uploads\/2019\/03\/Livro-de-Ordem-CREAMT.docx\" target=\"new\" rel=\"noopener noreferrer\"><i class=\"fa fa-arrow-down\" aria-hidden=\"true\"><\/i> Baixar<\/a><\/td>\n<\/tr>\n<tr>\n<th class=\"titulo_3\" colspan=\"6\" scope=\"col\">Empresas<\/th>\n<\/tr>\n<tr>\n<th scope=\"col\">Nome<\/th>\n<th scope=\"col\">Data<\/th>\n<th scope=\"col\">Arquivo .PDF<\/th>\n<th scope=\"col\">Arquivo .DOC<\/th>\n<\/tr>\n<tr>\n<td class=\"left \"><\/td>\n<td align=\"center\"><\/td>\n<td align=\"center\"><\/td>\n<td align=\"center\"><\/td>\n<\/tr>\n<tr>\n<td class=\"left \">Requerimento de visto para execu\u00e7\u00e3o de obra<\/td>\n<td align=\"center\">12\/06\/18<\/td>\n<td align=\"center\"><a href=\"https:\/\/www.crea-mt.org.br\/portal\/wp-content\/uploads\/2023\/03\/Formulario-Visto-Execucao-de-Obra-ate-180-Dias.pdf\" target=\"new\" rel=\"noopener noreferrer\"><i class=\"fa fa-arrow-down\" aria-hidden=\"true\"><\/i> Baixar<\/a><\/td>\n<td align=\"center\"><\/td>\n<\/tr>\n<tr>\n<td class=\"left \"><\/td>\n<td align=\"center\"><\/td>\n<td align=\"center\"><\/td>\n<td align=\"center\"><\/td>\n<\/tr>\n<tr>\n<td class=\"left \"><\/td>\n<td align=\"center\"><\/td>\n<td align=\"center\"><\/td>\n<td align=\"center\"><\/td>\n<\/tr>\n<tr>\n<td class=\"left \"><\/td>\n<td align=\"center\"><\/td>\n<td align=\"center\"><\/td>\n<td align=\"center\"><\/td>\n<\/tr>\n<tr>\n<td class=\"left \">Modelo de contrato de presta\u00e7\u00e3o de servi\u00e7os de respons\u00e1vel t\u00e9cnico por empresa<\/td>\n<td align=\"center\">03\/09\/2024<\/td>\n<td align=\"center\"><a href=\"https:\/\/www.crea-mt.org.br\/portal\/wp-content\/uploads\/2024\/09\/MODELO-DE-CONTRATO-DE-PRESTACAO-SERVICOS.pdf\" target=\"new\" rel=\"noopener noreferrer\"><i class=\"fa fa-arrow-down\" aria-hidden=\"true\"><\/i> Baixar<\/a><\/td>\n<\/tr>\n<tr>\n<td class=\"left \">Requerimento para Exclus\u00e3o de Responsabilidade T\u00e9cnica<\/td>\n<td align=\"center\">27\/01\/2023<\/td>\n<td align=\"center\"><a href=\"https:\/\/www.crea-mt.org.br\/portal\/wp-content\/uploads\/2023\/07\/Requerimento-Para-Baixa-de-Responsavel-Tecnico-de-Pessoa-Juridica.pdf\" target=\"new\" rel=\"noopener noreferrer\"><i class=\"fa fa-arrow-down\" aria-hidden=\"true\"><\/i> Baixar<\/a><\/td>\n<\/tr>\n<tr>\n<td class=\"left destaque\">Requerimento para interrup\u00e7\u00e3o de registro de pessoa jur\u00eddica<\/td>\n<td class=\"destaque\" align=\"center\">13\/07\/21<\/td>\n<td align=\"center\"><a href=\"https:\/\/www.crea-mt.org.br\/portal\/wp-content\/uploads\/2022\/08\/REQUERIMENTO-INTERRUPCAO-DE-REGISTRO-PESSOA-JURIDICA.pdf\">Baixar<\/a><\/td>\n<td align=\"center\"><\/td>\n<\/tr>\n<tr>\n<td class=\"left \">Formul\u00e1rio para Averba\u00e7\u00e3o de altera\u00e7\u00e3o de dados de Pessoa Jur\u00eddica<\/td>\n<td align=\"center\">03\/10\/2024<\/td>\n<td align=\"center\"><a href=\"https:\/\/www.crea-mt.org.br\/portal\/wp-content\/uploads\/2024\/10\/Formulario-averbacao-de-alteracao-de-dados-pessoa-juridica.pdf\">Baixar<\/a><\/td>\n<\/tr>\n<tr>\n<td class=\"left \">Requerimento Para Cancelamento de Registro de Pessoa Jur\u00eddica<\/td>\n<td align=\"center\">21\/10\/21<\/td>\n<td align=\"center\"><a href=\"https:\/\/www.crea-mt.org.br\/portal\/wp-content\/uploads\/2022\/10\/Requerimento-para-cancelamento-de-registro-P.-juridica-1.pdf\" target=\"new\" rel=\"noopener noreferrer\"><i class=\"fa fa-arrow-down\" aria-hidden=\"true\"><\/i> Baixar<\/a><\/td>\n<td align=\"center\"><\/td>\n<\/tr>\n<tr>\n<td class=\"left \">\n<div class=\"cssatencao\">\n<p>Formul\u00e1rio de Defesa de Autua\u00e7\u00e3o <strong><span style=\"color: #ff0000;\">(USO EXCLUSIVO PARA AUTO DE INFRA\u00c7\u00c3O)<\/span><\/strong><\/p>\n<\/div>\n<ul>\n<li>Defesa \u00e0 C\u00e2mara Especializada<\/li>\n<li>\n<div class=\"cssnota\">Recurso ao Plen\u00e1rio do CREA-MT<\/div>\n<\/li>\n<li>\u00a0Recurso ao Plen\u00e1rio do CONFEA<\/li>\n<\/ul>\n<\/td>\n<td align=\"center\">14\/12\/22<\/td>\n<td align=\"center\"><a href=\"https:\/\/www.crea-mt.org.br\/portal\/wp-content\/uploads\/2022\/12\/Formulario-Defesa-de-Autuacao.pdf\" target=\"new\" rel=\"noopener noreferrer\">\u00a0Baixar<\/a><\/td>\n<\/tr>\n<tr>\n<td class=\"left \">Formul\u00e1rio de recurso ao plen\u00e1rio do CONFEA<\/td>\n<td align=\"center\">07\/10\/22<\/td>\n<td align=\"center\"><a href=\"https:\/\/www.crea-mt.org.br\/portal\/wp-content\/uploads\/2022\/10\/Formulario-para-Recurdo-ao-Plenario-do-CONFEA.pdf\">Baixar<\/a><\/td>\n<td align=\"center\"><\/td>\n<\/tr>\n<tr>\n<td class=\"left \">Formul\u00e1rio de recurso ao plen\u00e1rio do Crea-MT<\/td>\n<td align=\"center\">28\/06\/19<\/td>\n<td align=\"center\"><a href=\"https:\/\/www.crea-mt.org.br\/portal\/wp-content\/uploads\/2022\/08\/Formulario-Pedido-de-Revisao-Plenario.pdf\">Baixar<\/a><\/td>\n<\/tr>\n<tr>\n<td class=\"left \"><\/td>\n<td align=\"center\"><\/td>\n<td align=\"center\"><\/td>\n<\/tr>\n<tr>\n<td class=\"left \"><\/td>\n<td align=\"center\"><\/td>\n<td align=\"center\"><\/td>\n<\/tr>\n<tr>\n<td class=\"left \"><\/td>\n<td align=\"center\"><\/td>\n<td align=\"center\"><\/td>\n<\/tr>\n<tr>\n<td class=\"left \"><\/td>\n<td align=\"center\"><\/td>\n<td align=\"center\"><\/td>\n<\/tr>\n<tr>\n<td class=\"left \"><\/td>\n<td align=\"center\"><\/td>\n<td align=\"center\"><\/td>\n<\/tr>\n<tr>\n<td class=\"left \"><\/td>\n<td align=\"center\"><\/td>\n<td align=\"center\"><\/td>\n<\/tr>\n<tr>\n<td class=\"left \"><\/td>\n<td align=\"center\"><\/td>\n<td align=\"center\"><\/td>\n<\/tr>\n<tr>\n<th class=\"titulo_3\" colspan=\"6\" scope=\"col\">Institui\u00e7\u00e3o de Ensino<\/th>\n<\/tr>\n<tr>\n<th scope=\"col\">Nome<\/th>\n<th scope=\"col\">Data<\/th>\n<th scope=\"col\">Arquivo .PDF<\/th>\n<th scope=\"col\">Arquivo .DOC<\/th>\n<\/tr>\n<tr>\n<td class=\"left \">Requerimento para Cadastro de Curso<\/td>\n<td align=\"center\">06\/10\/22<\/td>\n<td align=\"center\"><a href=\"https:\/\/www.crea-mt.org.br\/portal\/wp-content\/uploads\/2022\/10\/Formulario-Cadastro-de-Curso.pdf\" target=\"new\" rel=\"noopener noreferrer\"><i class=\"fa fa-arrow-down\" aria-hidden=\"true\"><\/i> Baixar<\/a><\/td>\n<\/tr>\n<tr>\n<td class=\"left destaque\">Rela\u00e7\u00e3o de Documentos para Cadastro de Institui\u00e7\u00e3o de Ensino e de Curso(Para fins de inser\u00e7\u00e3o no SIC)<\/td>\n<td class=\"destaque\" align=\"center\">18\/11\/16<\/td>\n<td align=\"center\"><a href=\"\/arquivos\/84745bcc1c4151d90089a8ffdb3427b8.pdf\" target=\"new\" rel=\"noopener noreferrer\"><i class=\"fa fa-arrow-down\" aria-hidden=\"true\"><\/i> Baixar<\/a><\/td>\n<\/tr>\n<tr>\n<td class=\"left \">Requerimento para Cadastro de Institui\u00e7\u00e3o de Ensino(para cadastramento no SIC)<\/td>\n<td align=\"center\">06\/09\/18<\/td>\n<td align=\"center\"><a href=\"https:\/\/www.crea-mt.org.br\/portal\/wp-content\/uploads\/2022\/08\/Formulario-Registro-Instituicao-1.pdf\" target=\"new\" rel=\"noopener noreferrer\"><i class=\"fa fa-arrow-down\" aria-hidden=\"true\"><\/i> Baixar<\/a><\/td>\n<\/tr>\n<tr>\n<td class=\"left \">Formul\u00e1rio B &#8211; Cadastramento dos Cursos da Institui\u00e7\u00e3o de Ensino<\/td>\n<td align=\"center\">18\/09\/24<\/td>\n<td align=\"center\"><a href=\"https:\/\/www.crea-mt.org.br\/portal\/wp-content\/uploads\/2024\/09\/FORMULARIO-B-CADASTRAMENTO-DOS-CURSOS.pdf\" target=\"new\" rel=\"noopener noreferrer\"><i class=\"fa fa-arrow-down\" aria-hidden=\"true\"><\/i> Baixar<\/a><\/td>\n<\/tr>\n<tr>\n<td class=\"left \">Formul\u00e1rio A &#8211; Cadastramento da Institui\u00e7\u00e3o de Ensino<\/td>\n<td align=\"center\">18\/09\/24<\/td>\n<td align=\"center\"><a href=\"https:\/\/www.crea-mt.org.br\/portal\/wp-content\/uploads\/2024\/09\/FORMULARIO-A-CADASTRAMENTO-DA-INSTITUICAO-DE-ENSINO.pdf\" target=\"new\" rel=\"noopener noreferrer\"><i class=\"fa fa-arrow-down\" aria-hidden=\"true\"><\/i> Baixar<\/a><\/td>\n<\/tr>\n<tr>\n<td class=\"left \">Requerimento para Atualiza\u00e7\u00e3o de Cadastro da Institui\u00e7\u00e3o de Ensino ou do Curso<\/td>\n<td align=\"center\">01\/08\/25<\/td>\n<td align=\"center\"><a href=\"https:\/\/www.crea-mt.org.br\/portal\/wp-content\/uploads\/2025\/08\/Atualizacao-Cadastro-da-IE-ou-Curso.pdf\" target=\"new\" rel=\"noopener noreferrer\"><i class=\"fa fa-arrow-down\" aria-hidden=\"true\"><\/i> Baixar<\/a><\/td>\n<\/tr>\n<tr>\n<td class=\"left \">Requerimento para Registro de Institui\u00e7\u00e3o de Ensino Superior (para fins de representa\u00e7\u00e3o no CREA-MT)<\/td>\n<td align=\"center\">19\/01\/26<\/td>\n<td align=\"center\"><a href=\"https:\/\/www.crea-mt.org.br\/portal\/wp-content\/uploads\/2026\/01\/Formulario-Registro-IES-Plenario.pdf\" target=\"new\" rel=\"noopener noreferrer\"><i class=\"fa fa-arrow-down\" aria-hidden=\"true\"><\/i> Baixar<\/a><\/td>\n<\/tr>\n<tr>\n<th class=\"titulo_3\" colspan=\"6\" scope=\"col\">Entidades de Classe<\/th>\n<\/tr>\n<tr>\n<th scope=\"col\">Nome<\/th>\n<th scope=\"col\">Data<\/th>\n<th scope=\"col\">Arquivo .PDF<\/th>\n<th scope=\"col\">Arquivo .DOC<\/th>\n<\/tr>\n<tr>\n<td class=\"left destaque\">Rela\u00e7\u00e3o de Documentos para Registro de Institui\u00e7\u00f5es de Ensino e de Entidades de Classe(Para fins de Representa\u00e7\u00e3o no Plen\u00e1rio)<\/td>\n<td class=\"destaque\" align=\"center\">08\/08\/16<\/td>\n<td align=\"center\"><a href=\"https:\/\/www.crea-mt.org.br\/portal\/wp-content\/uploads\/2018\/05\/Rela\u00e7\u00e3o-de-Documentos-Registro-de-Institui\u00e7\u00f5es-de-Ensino-e-de-Entidades-de-Classe.pdf\" target=\"new\" rel=\"noopener noreferrer\"><i class=\"fa fa-arrow-down\" aria-hidden=\"true\"><\/i> Baixar<\/a><\/td>\n<td align=\"center\"><a href=\"\/arquivos\/6a8e4ed3c33cd4208eb7cd8c816578f6.docx\" target=\"new\" rel=\"noopener noreferrer\"><i class=\"fa fa-arrow-down\" aria-hidden=\"true\"><\/i> Baixar<\/a><\/td>\n<\/tr>\n<tr>\n<td class=\"left \">Requerimento para Registro de Entidade de Classe<\/td>\n<td align=\"center\">19\/01\/2026<\/td>\n<td align=\"center\"><a href=\"https:\/\/www.crea-mt.org.br\/portal\/wp-content\/uploads\/2026\/01\/Requerimento-p-registro-de-entidade-de-classe.pdf\" target=\"new\" rel=\"noopener noreferrer\"><i class=\"fa fa-arrow-down\" aria-hidden=\"true\"><\/i> Baixar<\/a><\/td>\n<\/tr>\n<tr>\n<th class=\"titulo_3\" colspan=\"6\" scope=\"col\">OUTROS<\/th>\n<\/tr>\n<tr>\n<th scope=\"col\">Nome<\/th>\n<th scope=\"col\">Data<\/th>\n<th scope=\"col\">Arquivo .PDF<\/th>\n<th scope=\"col\">Arquivo .DOC<\/th>\n<\/tr>\n<tr>\n<td class=\"left \">HONOR\u00c1RIOS DE SERVI\u00c7OS DE GEOLOGIA<\/td>\n<td align=\"center\">04\/07\/16<\/td>\n<td align=\"center\"><a href=\"\/arquivos\/359d549e61aa722c4f1e66616395008a.pdf\" target=\"new\" rel=\"noopener noreferrer\"><i class=\"fa fa-arrow-down\" aria-hidden=\"true\"><\/i> Baixar<\/a><\/td>\n<\/tr>\n<tr>\n<td class=\"left \">Requerimento de Restitui\u00e7\u00e3o de Valores<\/td>\n<td align=\"center\">26\/04\/24<\/td>\n<td align=\"center\"><a href=\"https:\/\/www.crea-mt.org.br\/portal\/wp-content\/uploads\/2024\/04\/REQUERIMENTO-DE-RESSARCIMENTO-DE-VALORES.pdf\" target=\"new\" rel=\"noopener noreferrer\"><i class=\"fa fa-arrow-down\" aria-hidden=\"true\"><\/i> Baixar<\/a><\/td>\n<\/tr>\n<tr>\n<td class=\"left \">INSTRU\u00c7\u00c3O NORMATIVA STN N\u00b0 1, DE 15 DE JANEIRO DE 1997 _ Celebra\u00e7\u00e3o de Conv\u00eanios DOU de 31.1.97<\/td>\n<td align=\"center\">13\/06\/12<\/td>\n<td align=\"center\"><a href=\"\/arquivos\/7d1aae9c09843cd605b6fb6779acc803.pdf\" target=\"new\" rel=\"noopener noreferrer\"><i class=\"fa fa-arrow-down\" aria-hidden=\"true\"><\/i> Baixar<\/a><\/td>\n<\/tr>\n<tr>\n<td class=\"left \"><\/td>\n<td align=\"center\"><\/td>\n<td align=\"center\"><\/td>\n<\/tr>\n<tr>\n<td class=\"left \">Carta de Servi\u00e7os<\/td>\n<td align=\"center\">03\/10\/18<\/td>\n<td align=\"center\"><a href=\"https:\/\/www.crea-mt.org.br\/portal\/wp-content\/uploads\/2019\/01\/carta-de-servi\u00e7os.pdf\" target=\"_blank\" rel=\"noopener noreferrer\">Baixar<\/a><\/td>\n<\/tr>\n<tr>\n<td class=\"left \"><\/td>\n<td align=\"center\"><\/td>\n<td align=\"center\"><\/td>\n<\/tr>\n<tr>\n<td class=\"left destaque\">1. Formul\u00e1rio para Solicita\u00e7\u00e3o de Viagem<\/td>\n<td class=\"destaque\" align=\"center\">30\/06\/2025<\/td>\n<td align=\"center\"><\/td>\n<td align=\"center\"><a href=\"https:\/\/www.crea-mt.org.br\/portal\/wp-content\/uploads\/2025\/06\/1.-Formulario-para-Solicitacao-de-Viagem.doc\" target=\"new\" rel=\"noopener noreferrer\"><i class=\"fa fa-arrow-down\" aria-hidden=\"true\"><\/i> Baixar<\/a><\/td>\n<\/tr>\n<tr>\n<td class=\"left destaque\">2. Formul\u00e1rio para Solicita\u00e7\u00e3o de Reembolso de Inscri\u00e7\u00e3o<\/td>\n<td class=\"destaque\" align=\"center\">30\/06\/2025<\/td>\n<td align=\"center\"><\/td>\n<td align=\"center\"><a href=\"https:\/\/www.crea-mt.org.br\/portal\/wp-content\/uploads\/2025\/06\/2.-Formulario-para-Solicitacao-de-Reembolso-de-Inscricao.docx\" target=\"new\" rel=\"noopener noreferrer\"><i class=\"fa fa-arrow-down\" aria-hidden=\"true\"><\/i> Baixar<\/a><\/td>\n<\/tr>\n<tr>\n<td class=\"left destaque\">3. Formul\u00e1rio para Emiss\u00e3o de Passagem A\u00e9rea Fora do Per\u00edodo Oficial<\/td>\n<td class=\"destaque\" align=\"center\">30\/06\/2025<\/td>\n<td align=\"center\"><\/td>\n<td align=\"center\"><a href=\"https:\/\/www.crea-mt.org.br\/portal\/wp-content\/uploads\/2025\/06\/3.-Formulario-para-Emissao-de-Passagem-Aerea-Fora-do-Periodo-Oficial.doc\" target=\"new\" rel=\"noopener noreferrer\"><i class=\"fa fa-arrow-down\" aria-hidden=\"true\"><\/i> Baixar<\/a><\/td>\n<\/tr>\n<tr>\n<td class=\"left destaque\">4. Relat\u00f3rio de Comprova\u00e7\u00e3o de Participa\u00e7\u00e3o em Evento_Viagem (Conselheiros_Inspetores_Convidados)<\/td>\n<td class=\"destaque\" align=\"center\">30\/06\/2025<\/td>\n<td align=\"center\"><\/td>\n<td align=\"center\"><a href=\"https:\/\/www.crea-mt.org.br\/portal\/wp-content\/uploads\/2025\/06\/4.-Relatorio-de-Comprovacao-de-Participacao-em-Evento_Viagem-Conselheiros_Inspetores_Convidados.docx\" target=\"new\" rel=\"noopener noreferrer\"><i class=\"fa fa-arrow-down\" aria-hidden=\"true\"><\/i> Baixar<\/a><\/td>\n<\/tr>\n<tr>\n<td class=\"left destaque\">5. Relat\u00f3rio de Comprova\u00e7\u00e3o de Participa\u00e7\u00e3o em Evento_Viagem (Funcion\u00e1rios)<\/td>\n<td class=\"destaque\" align=\"center\">30\/06\/2025<\/td>\n<td align=\"center\"><\/td>\n<td align=\"center\"><a href=\"https:\/\/www.crea-mt.org.br\/portal\/wp-content\/uploads\/2025\/06\/5.-Relatorio-de-Comprovacao-de-Participacao-em-Evento_Viagem-Funcionarios.docx\" target=\"new\" rel=\"noopener noreferrer\"><i class=\"fa fa-arrow-down\" aria-hidden=\"true\"><\/i> Baixar<\/a><\/td>\n<\/tr>\n<tr>\n<td class=\"left destaque\">6. Formul\u00e1rio para Presta\u00e7\u00e3o de Contas &#8211; Comprova\u00e7\u00e3o da Viagem (A\u00e9reo ou Rodovi\u00e1rio)<\/td>\n<td class=\"destaque\" align=\"center\">30\/06\/2025<\/td>\n<td align=\"center\"><\/td>\n<td align=\"center\"><a href=\"https:\/\/www.crea-mt.org.br\/portal\/wp-content\/uploads\/2025\/06\/6.-Formulario-para-Prestacao-de-Contas-Comprovacao-da-Viagem-Aereo-ou-Rodoviario.docx\" target=\"new\" rel=\"noopener noreferrer\"><i class=\"fa fa-arrow-down\" aria-hidden=\"true\"><\/i> Baixar<\/a><\/td>\n<\/tr>\n<\/tbody>\n<\/table>\n<p>&nbsp;<\/p>\n<\/div>\n","protected":false},"excerpt":{"rendered":"<p>Profissional, o Crea-MT informa que os formul\u00e1rios requeridos, sejam preferencialmente digitados, ambos os documentos dispon\u00edveis no site s\u00e3o arquivos edit\u00e1veis (.PDF e .DOC), tornando assim mais \u00e1gil a tramita\u00e7\u00e3o dos mesmos. Profissional Nome Data Arquivo .PDF Arquivo .DOC Requerimento de ades\u00e3o ao programa de recupera\u00e7\u00e3o de cr\u00e9ditos 30\/07\/2021 Baixar Baixar Requerimento para revis\u00e3o de atribui\u00e7\u00e3o [&hellip;]<\/p>\n","protected":false},"author":1,"featured_media":0,"parent":0,"menu_order":0,"comment_status":"closed","ping_status":"closed","template":"","meta":{"footnotes":""},"class_list":["post-10307","page","type-page","status-publish","hentry"],"acf":[],"_links":{"self":[{"href":"https:\/\/www.crea-mt.org.br\/portal\/wp-json\/wp\/v2\/pages\/10307","targetHints":{"allow":["GET"]}}],"collection":[{"href":"https:\/\/www.crea-mt.org.br\/portal\/wp-json\/wp\/v2\/pages"}],"about":[{"href":"https:\/\/www.crea-mt.org.br\/portal\/wp-json\/wp\/v2\/types\/page"}],"author":[{"embeddable":true,"href":"https:\/\/www.crea-mt.org.br\/portal\/wp-json\/wp\/v2\/users\/1"}],"replies":[{"embeddable":true,"href":"https:\/\/www.crea-mt.org.br\/portal\/wp-json\/wp\/v2\/comments?post=10307"}],"version-history":[{"count":292,"href":"https:\/\/www.crea-mt.org.br\/portal\/wp-json\/wp\/v2\/pages\/10307\/revisions"}],"predecessor-version":[{"id":67778,"href":"https:\/\/www.crea-mt.org.br\/portal\/wp-json\/wp\/v2\/pages\/10307\/revisions\/67778"}],"wp:attachment":[{"href":"https:\/\/www.crea-mt.org.br\/portal\/wp-json\/wp\/v2\/media?parent=10307"}],"curies":[{"name":"wp","href":"https:\/\/api.w.org\/{rel}","templated":true}]}}